{"id":185,"date":"2025-01-23T14:33:16","date_gmt":"2025-01-23T14:33:16","guid":{"rendered":"https:\/\/vancouver25dev.wpenginepowered.com\/?page_id=185"},"modified":"2026-03-25T10:19:21","modified_gmt":"2026-03-25T14:19:21","slug":"buy-from-us","status":"publish","type":"page","link":"https:\/\/quebecgold.ca\/en\/buy-from-us\/","title":{"rendered":"Buy from us"},"content":{"rendered":"<div class=\"et_pb_section_0 et_pb_section et_section_regular et_block_section\">\n<div class=\"et_pb_row_0 et_pb_row et_pb_equal_columns et_block_row\">\n<div class=\"et_pb_column_0 et_pb_column et_pb_column_4_4 et-last-child et_block_column et_pb_css_mix_blend_mode_passthrough\">\n<div class=\"et_pb_text_0 et_pb_text et_pb_bg_layout_light et_pb_module et_block_module preset--module--divi-text--default\"><div class=\"et_pb_text_inner\"><h1>Acheter chez nous<\/h1>\n<\/div><\/div>\n<\/div>\n<\/div>\n<\/div>\n\n<div class=\"et_pb_section_1 et_pb_section et_section_regular et_block_section\">\n<div class=\"et_pb_row_1 et_pb_row et_block_row\">\n<div class=\"et_pb_column_1 et_pb_column et_pb_column_4_4 et-last-child et_block_column et_pb_css_mix_blend_mode_passthrough\">\n<div class=\"et_pb_text_1 et_pb_text et_pb_bg_layout_light et_pb_module et_block_module preset--module--divi-text--default\"><div class=\"et_pb_text_inner\"><div data-plaintext=\"true\" data-pm-slice=\"1 1 [&quot;codeblock&quot;,{&quot;style&quot;:null,&quot;codeblock&quot;:true,&quot;textAlign&quot;:null,&quot;syntaxLanguage&quot;:null,&quot;lineWrapping&quot;:false}]\" data-en-clipboard=\"true\"><span><span><a href=\"https:\/\/quebecgold.ca\/\">Accueil<\/a><\/span><\/span><\/div>\n<\/div><\/div>\n<\/div>\n<\/div>\n<\/div>\n\n<div class=\"et_pb_section_2 et_pb_section et_section_regular et_block_section\">\n<div class=\"et_pb_row_2 et_pb_row et_block_row\">\n<div class=\"et_pb_column_2 et_pb_column et_pb_column_4_4 et-last-child et_block_column et_pb_css_mix_blend_mode_passthrough\">\n<div class=\"et_pb_text_2 et_pb_text et_pb_bg_layout_light et_pb_module et_block_module preset--module--divi-text--default\"><div class=\"et_pb_text_inner\"><h2>Acheter des lingots \u00e0 Canada Or<\/h2>\n<\/div><\/div>\n<\/div>\n<\/div>\n\n<div class=\"et_pb_row_3 et_pb_row et_block_row\">\n<div class=\"et_pb_column_3 et_pb_column et_pb_column_4_4 et-last-child et_block_column et_pb_css_mix_blend_mode_passthrough\">\n<div class=\"et_pb_image_0 et_pb_image et_pb_module et_block_module\"><span class=\"et_pb_image_wrap\"><img loading=\"lazy\" decoding=\"async\" src=\"https:\/\/quebecgold.ca\/wp-content\/uploads\/2025\/03\/Temp-408_3000px-scaled.jpg\" width=\"2560\" height=\"1707\" srcset=\"https:\/\/quebecgold.ca\/wp-content\/uploads\/2025\/03\/Temp-408_3000px-scaled.jpg 2560w, https:\/\/quebecgold.ca\/wp-content\/uploads\/2025\/03\/Temp-408_3000px-1280x854.jpg 1280w, https:\/\/quebecgold.ca\/wp-content\/uploads\/2025\/03\/Temp-408_3000px-980x653.jpg 980w, https:\/\/quebecgold.ca\/wp-content\/uploads\/2025\/03\/Temp-408_3000px-480x320.jpg 480w\" sizes=\"(min-width: 0px) and (max-width: 480px) 480px, (min-width: 481px) and (max-width: 980px) 980px, (min-width: 981px) and (max-width: 1280px) 1280px, (min-width: 1281px) 2560px, 100vw\" class=\"wp-image-74035\" title=\"Temp-408_3000px\" alt=\"Canadian Bullion\" \/><\/span><\/div>\n\n<div class=\"et_pb_text_3 et_pb_text et_pb_bg_layout_light et_pb_module et_block_module preset--module--divi-text--default\"><div class=\"et_pb_text_inner\"><p>Les lingots d'or et d'argent comprennent les barres, les lingots, les pi\u00e8ces de monnaie et tout autre instrument mon\u00e9taire imprim\u00e9 ou moul\u00e9 provenant des monnaies du monde entier. Nous sommes un distributeur agr\u00e9\u00e9 de la Monnaie royale canadienne, vous pouvez donc acheter des lingots d'or et d'argent de la Monnaie royale canadienne dans n'importe lequel de nos magasins. Nous disposons \u00e9galement d\u2019une large s\u00e9lection de lingots provenant d\u2019autres pays. <strong><a href=\"\/buy-from-us\/bullion\/\">Vous trouverez ici nos prix de vente actuels pour les lingots d'or, d'argent et de platine<\/a>.<\/strong><\/p>\n<p>On nous demande souvent quelle est la diff\u00e9rence entre l\u2019achat de m\u00e9taux<br \/>pr\u00e9cieux sur le march\u00e9 et l\u2019achat en magasin. Bien que l\u2019or et l\u2019argent demeurent<br \/>d\u2019excellents outils d\u2019investissement, notamment pour diversifier un portefeuille,<br \/>les placements effectu\u00e9s sur le march\u00e9 restent, au final, des actifs num\u00e9riques.<br \/>Si l\u2019acc\u00e8s \u00e0 votre banque, \u00e0 votre compte de courtage ou \u00e0 vos plateformes en<br \/>ligne est perturb\u00e9, vos avoirs peuvent devenir tout aussi inaccessibles.<br \/>Chez Canada Or, vous achetez de l\u2019or et de l\u2019argent r\u00e9el, physique.<br \/>Visitez notre succursale de Qu\u00e9bec, faites votre achat et repartez avec vos<br \/>lingots le jour m\u00eame.<\/p>\n<p>Nous offrons \u00e9galement des solutions d\u2019entreposage s\u00e9curis\u00e9es et enti\u00e8rement<br \/>assur\u00e9es pour les clients qui souhaitent une tranquillit\u00e9 d\u2019esprit suppl\u00e9mentaire.<br \/>Dans tous les cas, votre investissement demeure tangible, s\u00e9curis\u00e9 et<br \/>imm\u00e9diatement accessible.<\/p>\n<p>En p\u00e9riode d\u2019incertitude, une pi\u00e8ce d\u2019argent peut \u00eatre \u00e9chang\u00e9e contre des biens<br \/>ou des services, ce qu\u2019un relev\u00e9 num\u00e9rique ne pourra jamais offrir.<\/p>\n<p>Bref, il y a une v\u00e9ritable valeur \u00e0 pouvoir tenir votre investissement entre<br \/>vos mains. Chez Canada Or, nous combinons cette tranquillit\u00e9 d\u2019esprit avec des<br \/>prix concurrentiels et l\u2019expertise des professionnels des m\u00e9taux pr\u00e9cieux les plus<br \/>exp\u00e9riment\u00e9s de Qu\u00e9bec.<\/p>\n<p>Passez nous voir d\u00e8s aujourd\u2019hui.<\/p>\n<p>Que vous souhaitiez acheter des lingots, en vendre, vendre des bijoux ou<br \/>simplement explorer vos options, notre \u00e9quipe se fera un plaisir de vous aider.<\/p>\n<\/div><\/div>\n<\/div>\n<\/div>\n<\/div>","protected":false},"excerpt":{"rendered":"","protected":false},"author":1,"featured_media":0,"parent":0,"menu_order":0,"comment_status":"closed","ping_status":"closed","template":"","meta":{"_acf_changed":false,"footnotes":""},"class_list":["post-185","page","type-page","status-publish","hentry"],"acf":[],"yoast_head":"<!-- This site is optimized with the Yoast SEO plugin v27.5 - https:\/\/yoast.com\/product\/yoast-seo-wordpress\/ -->\n<title>Acheter des lingots physiques - Canada Or - Ville de Qu\u00e9bec<\/title>\n<meta name=\"description\" content=\"Canada Or est votre marchand local de lingots d\u2019or et d\u2019argent, offrant un vaste choix de barres, de lingots et de pi\u00e8ces de la Monnaie royale canadienne et d\u2019ailleurs dans le monde.\" \/>\n<meta name=\"robots\" content=\"index, follow, max-snippet:-1, max-image-preview:large, max-video-preview:-1\" \/>\n<link rel=\"canonical\" href=\"https:\/\/quebecgold.ca\/en\/buy-from-us\/\" \/>\n<meta property=\"og:locale\" content=\"en_US\" \/>\n<meta property=\"og:type\" content=\"article\" \/>\n<meta property=\"og:title\" content=\"Acheter des lingots physiques - Canada Or - Ville de Qu\u00e9bec\" \/>\n<meta property=\"og:description\" content=\"Canada Or est votre marchand local de lingots d\u2019or et d\u2019argent, offrant un vaste choix de barres, de lingots et de pi\u00e8ces de la Monnaie royale canadienne et d\u2019ailleurs dans le monde.\" \/>\n<meta property=\"og:url\" content=\"https:\/\/quebecgold.ca\/en\/buy-from-us\/\" \/>\n<meta property=\"og:site_name\" content=\"Canada Or - Ville de Qu\u00e9bec\" \/>\n<meta property=\"article:publisher\" content=\"https:\/\/www.facebook.com\/CanadaGoldBBB\" \/>\n<meta property=\"article:modified_time\" content=\"2026-03-25T14:19:21+00:00\" \/>\n<meta property=\"og:image\" content=\"https:\/\/quebecgold.ca\/wp-content\/uploads\/2026\/03\/Canada-Or-Ville-de-Quebec-Web-Logo-Gold-and-Navy.png\" \/>\n\t<meta property=\"og:image:width\" content=\"1000\" \/>\n\t<meta property=\"og:image:height\" content=\"225\" \/>\n\t<meta property=\"og:image:type\" content=\"image\/png\" \/>\n<meta name=\"twitter:card\" content=\"summary_large_image\" \/>\n<meta name=\"twitter:site\" content=\"@canadagoldbbb\" \/>\n<meta name=\"twitter:label1\" content=\"Est. reading time\" \/>\n\t<meta name=\"twitter:data1\" content=\"2 minutes\" \/>\n<script type=\"application\/ld+json\" class=\"yoast-schema-graph\">{\"@context\":\"https:\\\/\\\/schema.org\",\"@graph\":[{\"@type\":\"WebPage\",\"@id\":\"https:\\\/\\\/quebecgold.ca\\\/buy-from-us\\\/\",\"url\":\"https:\\\/\\\/quebecgold.ca\\\/buy-from-us\\\/\",\"name\":\"Acheter des lingots physiques - Canada Or - Ville de Qu\u00e9bec\",\"isPartOf\":{\"@id\":\"https:\\\/\\\/quebecgold.ca\\\/#website\"},\"datePublished\":\"2025-01-23T14:33:16+00:00\",\"dateModified\":\"2026-03-25T14:19:21+00:00\",\"description\":\"Canada Or est votre marchand local de lingots d\u2019or et d\u2019argent, offrant un vaste choix de barres, de lingots et de pi\u00e8ces de la Monnaie royale canadienne et d\u2019ailleurs dans le monde.\",\"breadcrumb\":{\"@id\":\"https:\\\/\\\/quebecgold.ca\\\/buy-from-us\\\/#breadcrumb\"},\"inLanguage\":\"en-CA\",\"potentialAction\":[{\"@type\":\"ReadAction\",\"target\":[\"https:\\\/\\\/quebecgold.ca\\\/buy-from-us\\\/\"]}]},{\"@type\":\"BreadcrumbList\",\"@id\":\"https:\\\/\\\/quebecgold.ca\\\/buy-from-us\\\/#breadcrumb\",\"itemListElement\":[{\"@type\":\"ListItem\",\"position\":1,\"name\":\"Accueil\",\"item\":\"https:\\\/\\\/quebecgold.ca\\\/\"},{\"@type\":\"ListItem\",\"position\":2,\"name\":\"Acheter chez nous\"}]},{\"@type\":\"WebSite\",\"@id\":\"https:\\\/\\\/quebecgold.ca\\\/#website\",\"url\":\"https:\\\/\\\/quebecgold.ca\\\/\",\"name\":\"Canada Or - Ville de Qu\u00e9bec\",\"description\":\"A Division of Canada Gold\",\"publisher\":{\"@id\":\"https:\\\/\\\/quebecgold.ca\\\/#organization\"},\"potentialAction\":[{\"@type\":\"SearchAction\",\"target\":{\"@type\":\"EntryPoint\",\"urlTemplate\":\"https:\\\/\\\/quebecgold.ca\\\/?s={search_term_string}\"},\"query-input\":{\"@type\":\"PropertyValueSpecification\",\"valueRequired\":true,\"valueName\":\"search_term_string\"}}],\"inLanguage\":\"en-CA\"},{\"@type\":\"Organization\",\"@id\":\"https:\\\/\\\/quebecgold.ca\\\/#organization\",\"name\":\"Canada Or\",\"url\":\"https:\\\/\\\/quebecgold.ca\\\/\",\"logo\":{\"@type\":\"ImageObject\",\"inLanguage\":\"en-CA\",\"@id\":\"https:\\\/\\\/quebecgold.ca\\\/#\\\/schema\\\/logo\\\/image\\\/\",\"url\":\"https:\\\/\\\/quebecgold.ca\\\/wp-content\\\/uploads\\\/2025\\\/01\\\/cropped-favicon.png\",\"contentUrl\":\"https:\\\/\\\/quebecgold.ca\\\/wp-content\\\/uploads\\\/2025\\\/01\\\/cropped-favicon.png\",\"width\":512,\"height\":512,\"caption\":\"Canada Or\"},\"image\":{\"@id\":\"https:\\\/\\\/quebecgold.ca\\\/#\\\/schema\\\/logo\\\/image\\\/\"},\"sameAs\":[\"https:\\\/\\\/www.facebook.com\\\/CanadaGoldBBB\",\"https:\\\/\\\/x.com\\\/canadagoldbbb\"]}]}<\/script>\n<!-- \/ Yoast SEO plugin. -->","yoast_head_json":{"title":"Buy physical bullion - CanadaGold","description":"Canada Gold is your local gold and silver bullion dealer, offering a wide selection of bars, ingots, and coins from the Royal Canadian Mint and around the world.","robots":{"index":"index","follow":"follow","max-snippet":"max-snippet:-1","max-image-preview":"max-image-preview:large","max-video-preview":"max-video-preview:-1"},"canonical":"https:\/\/quebecgold.ca\/en\/buy-from-us\/","og_locale":"en_US","og_type":"article","og_title":"Acheter des lingots physiques - Canada Or - Ville de Qu\u00e9bec","og_description":"Canada Or est votre marchand local de lingots d\u2019or et d\u2019argent, offrant un vaste choix de barres, de lingots et de pi\u00e8ces de la Monnaie royale canadienne et d\u2019ailleurs dans le monde.","og_url":"https:\/\/quebecgold.ca\/en\/buy-from-us\/","og_site_name":"Canada Or - Ville de Qu\u00e9bec","article_publisher":"https:\/\/www.facebook.com\/CanadaGoldBBB","article_modified_time":"2026-03-25T14:19:21+00:00","og_image":[{"width":1000,"height":225,"url":"https:\/\/quebecgold.ca\/wp-content\/uploads\/2026\/03\/Canada-Or-Ville-de-Quebec-Web-Logo-Gold-and-Navy.png","type":"image\/png"}],"twitter_card":"summary_large_image","twitter_site":"@canadagoldbbb","twitter_misc":{"Est. reading time":"2 minutes"},"schema":{"@context":"https:\/\/schema.org","@graph":[{"@type":"WebPage","@id":"https:\/\/quebecgold.ca\/buy-from-us\/","url":"https:\/\/quebecgold.ca\/buy-from-us\/","name":"Buy physical bullion - CanadaGold","isPartOf":{"@id":"https:\/\/quebecgold.ca\/#website"},"datePublished":"2025-01-23T14:33:16+00:00","dateModified":"2026-03-25T14:19:21+00:00","description":"Canada Gold is your local gold and silver bullion dealer, offering a wide selection of bars, ingots, and coins from the Royal Canadian Mint and around the world.","breadcrumb":{"@id":"https:\/\/quebecgold.ca\/buy-from-us\/#breadcrumb"},"inLanguage":"en-CA","potentialAction":[{"@type":"ReadAction","target":["https:\/\/quebecgold.ca\/buy-from-us\/"]}]},{"@type":"BreadcrumbList","@id":"https:\/\/quebecgold.ca\/buy-from-us\/#breadcrumb","itemListElement":[{"@type":"ListItem","position":1,"name":"Accueil","item":"https:\/\/quebecgold.ca\/"},{"@type":"ListItem","position":2,"name":"Acheter chez nous"}]},{"@type":"WebSite","@id":"https:\/\/quebecgold.ca\/#website","url":"https:\/\/quebecgold.ca\/","name":"CanadaGold","description":"A Division of Canada Gold","publisher":{"@id":"https:\/\/quebecgold.ca\/#organization"},"potentialAction":[{"@type":"SearchAction","target":{"@type":"EntryPoint","urlTemplate":"https:\/\/quebecgold.ca\/?s={search_term_string}"},"query-input":{"@type":"PropertyValueSpecification","valueRequired":true,"valueName":"search_term_string"}}],"inLanguage":"en-CA"},{"@type":"Organization","@id":"https:\/\/quebecgold.ca\/#organization","name":"Canada Gold","url":"https:\/\/quebecgold.ca\/","logo":{"@type":"ImageObject","inLanguage":"en-CA","@id":"https:\/\/quebecgold.ca\/#\/schema\/logo\/image\/","url":"https:\/\/quebecgold.ca\/wp-content\/uploads\/2025\/01\/cropped-favicon.png","contentUrl":"https:\/\/quebecgold.ca\/wp-content\/uploads\/2025\/01\/cropped-favicon.png","width":512,"height":512,"caption":"Canada Or"},"image":{"@id":"https:\/\/quebecgold.ca\/#\/schema\/logo\/image\/"},"sameAs":["https:\/\/www.facebook.com\/CanadaGoldBBB","https:\/\/x.com\/canadagoldbbb"]}]}},"_links":{"self":[{"href":"https:\/\/quebecgold.ca\/en\/wp-json\/wp\/v2\/pages\/185","targetHints":{"allow":["GET"]}}],"collection":[{"href":"https:\/\/quebecgold.ca\/en\/wp-json\/wp\/v2\/pages"}],"about":[{"href":"https:\/\/quebecgold.ca\/en\/wp-json\/wp\/v2\/types\/page"}],"author":[{"embeddable":true,"href":"https:\/\/quebecgold.ca\/en\/wp-json\/wp\/v2\/users\/1"}],"replies":[{"embeddable":true,"href":"https:\/\/quebecgold.ca\/en\/wp-json\/wp\/v2\/comments?post=185"}],"version-history":[{"count":0,"href":"https:\/\/quebecgold.ca\/en\/wp-json\/wp\/v2\/pages\/185\/revisions"}],"wp:attachment":[{"href":"https:\/\/quebecgold.ca\/en\/wp-json\/wp\/v2\/media?parent=185"}],"curies":[{"name":"wp","href":"https:\/\/api.w.org\/{rel}","templated":true}]}}