{"id":71260,"date":"2025-01-23T19:36:14","date_gmt":"2025-01-23T19:36:14","guid":{"rendered":"https:\/\/vancouver25dev.wpenginepowered.com\/?page_id=71260"},"modified":"2026-03-20T12:41:54","modified_gmt":"2026-03-20T16:41:54","slug":"sell-to-us","status":"publish","type":"page","link":"https:\/\/quebecgold.ca\/en\/sell-to-us\/","title":{"rendered":"Sell us"},"content":{"rendered":"\n<div class=\"et_pb_section_0 et_pb_section et_section_regular et_block_section\"><div class=\"et_pb_row_0 et_pb_row et_pb_equal_columns et_block_row\"><div class=\"et_pb_column_0 et_pb_column et_pb_column_4_4 et-last-child et_block_column et_pb_css_mix_blend_mode_passthrough\"><div class=\"et_pb_text_0 et_pb_text et_pb_bg_layout_light et_pb_module et_block_module preset--module--divi-text--default\"><div class=\"et_pb_text_inner\"><h1>Vendez-nous<\/h1>\n<\/div><\/div><\/div><\/div><\/div><div class=\"et_pb_section_1 et_pb_section et_section_regular et_block_section\"><div class=\"et_pb_row_1 et_pb_row et_block_row\"><div class=\"et_pb_column_1 et_pb_column et_pb_column_4_4 et-last-child et_block_column et_pb_css_mix_blend_mode_passthrough\"><div class=\"et_pb_text_1 et_pb_text et_pb_bg_layout_light et_pb_module et_block_module preset--module--divi-text--default\"><div class=\"et_pb_text_inner\"><div data-plaintext=\"true\" data-pm-slice=\"1 1 [&quot;codeblock&quot;,{&quot;style&quot;:null,&quot;codeblock&quot;:true,&quot;textAlign&quot;:null,&quot;syntaxLanguage&quot;:null,&quot;lineWrapping&quot;:false}]\" data-en-clipboard=\"true\"><span><span><a href=\"https:\/\/quebecgold.ca\/\">Accueil<\/a><\/span><\/span><\/div>\n<\/div><\/div><\/div><\/div><\/div><div class=\"et_pb_section_2 et_pb_section et_section_regular et_block_section\"><div class=\"et_pb_row_2 et_pb_row et_block_row\"><div class=\"et_pb_column_2 et_pb_column et_pb_column_4_4 et-last-child et_block_column et_pb_css_mix_blend_mode_passthrough\"><div class=\"et_pb_heading_0 et_pb_heading et_pb_module et_block_module\"><div class=\"et_pb_heading_container\"><h2 class=\"et_pb_module_header\">Acheteur de m\u00e9taux pr\u00e9cieux \u00e0 Qu\u00e9bec<\/h2><\/div><\/div><\/div><\/div><div class=\"et_pb_row_3 et_pb_row et_block_row\"><div class=\"et_pb_column_3 et_pb_column et_pb_column_4_4 et-last-child et_block_column et_pb_css_mix_blend_mode_passthrough\"><div class=\"et_pb_image_0 et_pb_image et_pb_module et_block_module\"><span class=\"et_pb_image_wrap\"><img loading=\"lazy\" decoding=\"async\" src=\"https:\/\/quebecgold.ca\/wp-content\/uploads\/2025\/07\/1200.jpg\" width=\"1920\" height=\"1080\" srcset=\"https:\/\/quebecgold.ca\/wp-content\/uploads\/2025\/07\/1200.jpg 1920w, https:\/\/quebecgold.ca\/wp-content\/uploads\/2025\/07\/1200-1280x720.jpg 1280w, https:\/\/quebecgold.ca\/wp-content\/uploads\/2025\/07\/1200-980x551.jpg 980w, https:\/\/quebecgold.ca\/wp-content\/uploads\/2025\/07\/1200-480x270.jpg 480w\" sizes=\"(min-width: 0px) and (max-width: 480px) 480px, (min-width: 481px) and (max-width: 980px) 980px, (min-width: 981px) and (max-width: 1280px) 1280px, (min-width: 1281px) 1920px, 100vw\" class=\"wp-image-74805\" title=\"1200\" \/><\/span><\/div><div class=\"et_pb_text_2 et_pb_text et_pb_bg_layout_light et_pb_module et_block_module phc-internal-text preset--module--divi-text--default\"><div class=\"et_pb_text_inner\"><p>Nous achetons des lingots d'or, d'argent et de platine aupr\u00e8s des h\u00f4tels des monnaies du monde entier. Mais saviez-vous que nous achetions aussi des bijoux ? Absolument ! Si vous avez des bijoux dont vous ne voulez plus, pensez \u00e0 les transformer en argent comptant chez Canada Or - Ville de Qu\u00e9bec. Vous trouverez ici nos prix actuels pour les m\u00e9taux pr\u00e9cieux \"que nous rachetons\".. Qu'il s'agisse d'un vieux bracelet, d'une boucle d'oreille orpheline ou d'une collection de bijoux, nous sommes int\u00e9ress\u00e9s. Et le prix que nous vous proposons est bas\u00e9 sur le cours actuel du march\u00e9 du m\u00e9tal pr\u00e9cieux dont sont faits vos bijoux. Vous avez des bijoux en diamants ou en pierres pr\u00e9cieuses ? Pas de probl\u00e8me. Nous pouvons vous faire une offre pour la plupart des pierres ou les retirer afin de les r\u00e9utiliser plus tard dans une nouvelle monture.<\/p>\n<p><span class=\"Y2IQFc\" lang=\"fr\"><a href=\"\/sell-to-us\/todays-gold-prices\/\">Retrouvez ici nos taux d'achat actuels pour les m\u00e9taux pr\u00e9cieux<\/a>.<\/span><\/p>\n<\/div><\/div><div class=\"et_pb_heading_1 et_pb_heading et_pb_module et_block_module\"><div class=\"et_pb_heading_container\"><h3 class=\"et_pb_module_header\">Nous achetons:<\/h3><\/div><\/div><div class=\"et_pb_text_3 et_pb_text et_pb_bg_layout_light et_pb_module et_block_module preset--module--divi-text--default\"><div class=\"et_pb_text_inner\"><ul>\n<li><strong>Lingots d'or, d'argent, de platine et de palladium canadiens<\/strong>, y compris les barres, les lingots, les ronds et les pi\u00e8ces.<\/li>\n<li><strong>Des lingots du monde entier,<\/strong> y compris des barres, des lingots, des ronds et des pi\u00e8ces frapp\u00e9es telles que les Buffalo et Aigles d'or Am\u00e9ricains, les ducats autrichiens, les souverains britanniques, les pandas chinois, les francs-or fran\u00e7ais, les pahlavis iraniens, les pesos d'or mexicains, les krugerrands sud-africains et bien d'autres encore.<\/li>\n<li><strong>Bijoux en or, en argent et en platine,<\/strong> y compris bagues, boucles d'oreilles, bracelets, colliers, cha\u00eenes, broches et autres (voir ci-dessous pour plus de d\u00e9tails sur les diamants, les pierres pr\u00e9cieuses et les montres de luxe).<\/li>\n<li><strong>Autres articles en m\u00e9taux pr\u00e9cieux,<\/strong> tels que les plombages dentaires en or et les couverts en argent)<\/li>\n<li><strong>D\u00e9bris d'or, d'argent et de platine<\/strong><\/li>\n<\/ul>\n<\/div><\/div><div class=\"et_pb_heading_2 et_pb_heading et_pb_module et_block_module\"><div class=\"et_pb_heading_container\"><h3 class=\"et_pb_module_header\">\u00c0 quoi vous attendre lorsque vous visitez l'un de nos magasins:<\/h3><\/div><\/div><div class=\"et_pb_text_4 et_pb_text et_pb_bg_layout_light et_pb_module et_block_module preset--module--divi-text--default\"><div class=\"et_pb_text_inner\"><ul>\n<li>Une \u00e9valuation pr\u00e9cise de vos objets par nos \u00e9valuateurs exp\u00e9riment\u00e9s utilisant les m\u00e9thodes d'\u00e9valuation \u00e0 la fine pointe.<\/li>\n<li>Nous ne pressons jamais nos visiteurs \u00e0 vendre quoi que ce soit. Chaque devis que nous fournissons est un devis sans engagement.<\/li>\n<li>Un environnement s\u00fbr et propre pour nos clients.<\/li>\n<li>Des prix d'achat et de vente \u00e9quitables pour les m\u00e9taux pr\u00e9cieux, bas\u00e9s sur les taux du march\u00e9. En savoir plus sur notre garantie du meilleur prix.<\/li>\n<\/ul>\n<\/div><\/div><div class=\"et_pb_heading_3 et_pb_heading et_pb_module et_block_module\"><div class=\"et_pb_heading_container\"><h3 class=\"et_pb_module_header\">\u00c0 savoir avant votre visite :<\/h3><\/div><\/div><div class=\"et_pb_text_5 et_pb_text et_pb_bg_layout_light et_pb_module et_block_module preset--module--divi-text--default\"><div class=\"et_pb_text_inner\"><ul>\n<li>Pour vendre des articles en succursale, vous devez \u00eatre \u00e2g\u00e9 de <strong>18 ans ou plus.<\/strong><\/li>\n<li><strong>Une pi\u00e8ce d\u2019identit\u00e9 valide avec photo \u00e9mise par le gouvernement<\/strong> (comme un permis de conduire, un passeport ou une carte d\u2019identit\u00e9 provinciale) est requise par la loi pour compl\u00e9ter toute transaction.<\/li>\n<li>Veuillez apporter les articles que vous souhaitez faire \u00e9valuer, y compris des bijoux, de l\u2019argenterie, des pi\u00e8ces de monnaie ou des lingots. Il n\u2019est pas n\u00e9cessaire de nettoyer ou de polir vos articles avant de les apporter.<\/li>\n<li>Si disponibles, vous pouvez apporter des documents tels que des certificats, des \u00e9valuations ou des re\u00e7us d\u2019achat. Ceux-ci sont utiles, mais non obligatoires.<\/li>\n<li>Tous les <strong>articles en argent<\/strong> doivent afficher un <strong>poin\u00e7on reconnu<\/strong> (comme 925, STER ou Sterling) pour \u00eatre admissibles \u00e0 l\u2019achat.<\/li>\n<li>Veuillez noter qu\u2019en raison de l\u2019espace de travail restreint en succursale, les balances et l\u2019\u00e9quipement de test peuvent \u00eatre orient\u00e9s vers les analystes en m\u00e9taux pr\u00e9cieux. Sur demande, ils se feront un plaisir d\u2019orienter l\u2019\u00e9quipement vers vous ou de prendre des photos de l\u2019affichage.<\/li>\n<\/ul>\n<\/div><\/div><div class=\"et_pb_heading_4 et_pb_heading et_pb_module et_block_module\"><div class=\"et_pb_heading_container\"><h3 class=\"et_pb_module_header\">Vendre ses bijoux:<\/h3><\/div><\/div><div class=\"et_pb_text_6 et_pb_text et_pb_bg_layout_light et_pb_module et_block_module preset--module--divi-text--default\"><div class=\"et_pb_text_inner\"><ul>\n<li>Veuillez noter que nous achetons des diamants et certaines pierres pr\u00e9cieuses de couleur. Pour les diamants et les pierres pr\u00e9cieuses de moins de <strong>0,40 carat<\/strong>, nous pouvons vous faire une offre sur place.<\/li>\n<li>Pour les diamants et les pierres pr\u00e9cieuses de taille importante, nous devrons faire \u00e9valuer la pierre avant de vous faire une offre. Nous pouvons \u00e9galement retirer les pierres de vos bijoux et vous les rendre.<\/li>\n<li>Nous achetons des montres de luxe fabriqu\u00e9es par Rolex, Omega, Tudor, Tiffany, Cartier, Breitling, Patek Philippe, IWC et Audemars Piguet, entre autres. Si vous avez une montre \u00e0 vendre et que vous souhaitez savoir si nous sommes int\u00e9ress\u00e9s, passez nous voir dans l'un de nos bureaux ou appelez-nous.<\/li>\n<\/ul>\n<\/div><\/div><\/div><\/div><\/div>\n","protected":false},"excerpt":{"rendered":"","protected":false},"author":1,"featured_media":0,"parent":0,"menu_order":0,"comment_status":"closed","ping_status":"closed","template":"","meta":{"_acf_changed":false,"footnotes":""},"class_list":["post-71260","page","type-page","status-publish","hentry"],"acf":[],"yoast_head":"<!-- This site is optimized with the Yoast SEO plugin v27.6 - https:\/\/yoast.com\/product\/yoast-seo-wordpress\/ -->\n<title>Vendez des bijoux et lingots en or et en argent - Canada Or - Ville de Qu\u00e9bec<\/title>\n<meta name=\"description\" content=\"Vendez-nous vos bijoux, lingots d\u2019or et d\u2019argent, diamants, pierres pr\u00e9cieuses, montres de luxe et anciennes devises papier au meilleur prix, garanti.\" \/>\n<meta name=\"robots\" content=\"index, follow, max-snippet:-1, max-image-preview:large, max-video-preview:-1\" \/>\n<link rel=\"canonical\" href=\"https:\/\/quebecgold.ca\/en\/sell-to-us\/\" \/>\n<meta property=\"og:locale\" content=\"en_US\" \/>\n<meta property=\"og:type\" content=\"article\" \/>\n<meta property=\"og:title\" content=\"Vendez des bijoux et lingots en or et en argent - Canada Or - Ville de Qu\u00e9bec\" \/>\n<meta property=\"og:description\" content=\"Vendez-nous vos bijoux, lingots d\u2019or et d\u2019argent, diamants, pierres pr\u00e9cieuses, montres de luxe et anciennes devises papier au meilleur prix, garanti.\" \/>\n<meta property=\"og:url\" content=\"https:\/\/quebecgold.ca\/en\/sell-to-us\/\" \/>\n<meta property=\"og:site_name\" content=\"Canada Or - Ville de Qu\u00e9bec\" \/>\n<meta property=\"article:publisher\" content=\"https:\/\/www.facebook.com\/CanadaGoldBBB\" \/>\n<meta property=\"article:modified_time\" content=\"2026-03-20T16:41:54+00:00\" \/>\n<meta property=\"og:image\" content=\"https:\/\/quebecgold.ca\/wp-content\/uploads\/2026\/03\/Canada-Or-Ville-de-Quebec-Web-Logo-Gold-and-Navy.png\" \/>\n\t<meta property=\"og:image:width\" content=\"1000\" \/>\n\t<meta property=\"og:image:height\" content=\"225\" \/>\n\t<meta property=\"og:image:type\" content=\"image\/png\" \/>\n<meta name=\"twitter:card\" content=\"summary_large_image\" \/>\n<meta name=\"twitter:site\" content=\"@canadagoldbbb\" \/>\n<meta name=\"twitter:label1\" content=\"Est. reading time\" \/>\n\t<meta name=\"twitter:data1\" content=\"3 minutes\" \/>\n<script type=\"application\/ld+json\" class=\"yoast-schema-graph\">{\"@context\":\"https:\\\/\\\/schema.org\",\"@graph\":[{\"@type\":\"WebPage\",\"@id\":\"https:\\\/\\\/quebecgold.ca\\\/sell-to-us\\\/\",\"url\":\"https:\\\/\\\/quebecgold.ca\\\/sell-to-us\\\/\",\"name\":\"Vendez des bijoux et lingots en or et en argent - Canada Or - Ville de Qu\u00e9bec\",\"isPartOf\":{\"@id\":\"https:\\\/\\\/quebecgold.ca\\\/#website\"},\"datePublished\":\"2025-01-23T19:36:14+00:00\",\"dateModified\":\"2026-03-20T16:41:54+00:00\",\"description\":\"Vendez-nous vos bijoux, lingots d\u2019or et d\u2019argent, diamants, pierres pr\u00e9cieuses, montres de luxe et anciennes devises papier au meilleur prix, garanti.\",\"breadcrumb\":{\"@id\":\"https:\\\/\\\/quebecgold.ca\\\/sell-to-us\\\/#breadcrumb\"},\"inLanguage\":\"en-CA\",\"potentialAction\":[{\"@type\":\"ReadAction\",\"target\":[\"https:\\\/\\\/quebecgold.ca\\\/sell-to-us\\\/\"]}]},{\"@type\":\"BreadcrumbList\",\"@id\":\"https:\\\/\\\/quebecgold.ca\\\/sell-to-us\\\/#breadcrumb\",\"itemListElement\":[{\"@type\":\"ListItem\",\"position\":1,\"name\":\"Accueil\",\"item\":\"https:\\\/\\\/quebecgold.ca\\\/\"},{\"@type\":\"ListItem\",\"position\":2,\"name\":\"Vendez-nous\"}]},{\"@type\":\"WebSite\",\"@id\":\"https:\\\/\\\/quebecgold.ca\\\/#website\",\"url\":\"https:\\\/\\\/quebecgold.ca\\\/\",\"name\":\"Canada Or - Ville de Qu\u00e9bec\",\"description\":\"A Division of Canada Gold\",\"publisher\":{\"@id\":\"https:\\\/\\\/quebecgold.ca\\\/#organization\"},\"potentialAction\":[{\"@type\":\"SearchAction\",\"target\":{\"@type\":\"EntryPoint\",\"urlTemplate\":\"https:\\\/\\\/quebecgold.ca\\\/?s={search_term_string}\"},\"query-input\":{\"@type\":\"PropertyValueSpecification\",\"valueRequired\":true,\"valueName\":\"search_term_string\"}}],\"inLanguage\":\"en-CA\"},{\"@type\":\"Organization\",\"@id\":\"https:\\\/\\\/quebecgold.ca\\\/#organization\",\"name\":\"Canada Or\",\"url\":\"https:\\\/\\\/quebecgold.ca\\\/\",\"logo\":{\"@type\":\"ImageObject\",\"inLanguage\":\"en-CA\",\"@id\":\"https:\\\/\\\/quebecgold.ca\\\/#\\\/schema\\\/logo\\\/image\\\/\",\"url\":\"https:\\\/\\\/quebecgold.ca\\\/wp-content\\\/uploads\\\/2025\\\/01\\\/cropped-favicon.png\",\"contentUrl\":\"https:\\\/\\\/quebecgold.ca\\\/wp-content\\\/uploads\\\/2025\\\/01\\\/cropped-favicon.png\",\"width\":512,\"height\":512,\"caption\":\"Canada Or\"},\"image\":{\"@id\":\"https:\\\/\\\/quebecgold.ca\\\/#\\\/schema\\\/logo\\\/image\\\/\"},\"sameAs\":[\"https:\\\/\\\/www.facebook.com\\\/CanadaGoldBBB\",\"https:\\\/\\\/x.com\\\/canadagoldbbb\"]}]}<\/script>\n<!-- \/ Yoast SEO plugin. -->","yoast_head_json":{"title":"Sell gold and silver jewelry and bullion - Canada Or - Ville de Qu\u00e9bec","description":"Sell us your jewelry, gold and silver bullion, diamonds, precious stones, luxury watches, and old paper currency at the best price, guaranteed.","robots":{"index":"index","follow":"follow","max-snippet":"max-snippet:-1","max-image-preview":"max-image-preview:large","max-video-preview":"max-video-preview:-1"},"canonical":"https:\/\/quebecgold.ca\/en\/sell-to-us\/","og_locale":"en_US","og_type":"article","og_title":"Vendez des bijoux et lingots en or et en argent - Canada Or - Ville de Qu\u00e9bec","og_description":"Vendez-nous vos bijoux, lingots d\u2019or et d\u2019argent, diamants, pierres pr\u00e9cieuses, montres de luxe et anciennes devises papier au meilleur prix, garanti.","og_url":"https:\/\/quebecgold.ca\/en\/sell-to-us\/","og_site_name":"Canada Or - Ville de Qu\u00e9bec","article_publisher":"https:\/\/www.facebook.com\/CanadaGoldBBB","article_modified_time":"2026-03-20T16:41:54+00:00","og_image":[{"width":1000,"height":225,"url":"https:\/\/quebecgold.ca\/wp-content\/uploads\/2026\/03\/Canada-Or-Ville-de-Quebec-Web-Logo-Gold-and-Navy.png","type":"image\/png"}],"twitter_card":"summary_large_image","twitter_site":"@canadagoldbbb","twitter_misc":{"Est. reading time":"3 minutes"},"schema":{"@context":"https:\/\/schema.org","@graph":[{"@type":"WebPage","@id":"https:\/\/quebecgold.ca\/sell-to-us\/","url":"https:\/\/quebecgold.ca\/sell-to-us\/","name":"Sell gold and silver jewelry and bullion - Canada Or - Ville de Qu\u00e9bec","isPartOf":{"@id":"https:\/\/quebecgold.ca\/#website"},"datePublished":"2025-01-23T19:36:14+00:00","dateModified":"2026-03-20T16:41:54+00:00","description":"Sell us your jewelry, gold and silver bullion, diamonds, precious stones, luxury watches, and old paper currency at the best price, guaranteed.","breadcrumb":{"@id":"https:\/\/quebecgold.ca\/sell-to-us\/#breadcrumb"},"inLanguage":"en-CA","potentialAction":[{"@type":"ReadAction","target":["https:\/\/quebecgold.ca\/sell-to-us\/"]}]},{"@type":"BreadcrumbList","@id":"https:\/\/quebecgold.ca\/sell-to-us\/#breadcrumb","itemListElement":[{"@type":"ListItem","position":1,"name":"Accueil","item":"https:\/\/quebecgold.ca\/"},{"@type":"ListItem","position":2,"name":"Vendez-nous"}]},{"@type":"WebSite","@id":"https:\/\/quebecgold.ca\/#website","url":"https:\/\/quebecgold.ca\/","name":"CanadaGold","description":"A Division of Canada Gold","publisher":{"@id":"https:\/\/quebecgold.ca\/#organization"},"potentialAction":[{"@type":"SearchAction","target":{"@type":"EntryPoint","urlTemplate":"https:\/\/quebecgold.ca\/?s={search_term_string}"},"query-input":{"@type":"PropertyValueSpecification","valueRequired":true,"valueName":"search_term_string"}}],"inLanguage":"en-CA"},{"@type":"Organization","@id":"https:\/\/quebecgold.ca\/#organization","name":"Canada Gold","url":"https:\/\/quebecgold.ca\/","logo":{"@type":"ImageObject","inLanguage":"en-CA","@id":"https:\/\/quebecgold.ca\/#\/schema\/logo\/image\/","url":"https:\/\/quebecgold.ca\/wp-content\/uploads\/2025\/01\/cropped-favicon.png","contentUrl":"https:\/\/quebecgold.ca\/wp-content\/uploads\/2025\/01\/cropped-favicon.png","width":512,"height":512,"caption":"Canada Or"},"image":{"@id":"https:\/\/quebecgold.ca\/#\/schema\/logo\/image\/"},"sameAs":["https:\/\/www.facebook.com\/CanadaGoldBBB","https:\/\/x.com\/canadagoldbbb"]}]}},"_links":{"self":[{"href":"https:\/\/quebecgold.ca\/en\/wp-json\/wp\/v2\/pages\/71260","targetHints":{"allow":["GET"]}}],"collection":[{"href":"https:\/\/quebecgold.ca\/en\/wp-json\/wp\/v2\/pages"}],"about":[{"href":"https:\/\/quebecgold.ca\/en\/wp-json\/wp\/v2\/types\/page"}],"author":[{"embeddable":true,"href":"https:\/\/quebecgold.ca\/en\/wp-json\/wp\/v2\/users\/1"}],"replies":[{"embeddable":true,"href":"https:\/\/quebecgold.ca\/en\/wp-json\/wp\/v2\/comments?post=71260"}],"version-history":[{"count":0,"href":"https:\/\/quebecgold.ca\/en\/wp-json\/wp\/v2\/pages\/71260\/revisions"}],"wp:attachment":[{"href":"https:\/\/quebecgold.ca\/en\/wp-json\/wp\/v2\/media?parent=71260"}],"curies":[{"name":"wp","href":"https:\/\/api.w.org\/{rel}","templated":true}]}}