{"id":71264,"date":"2025-01-23T19:40:53","date_gmt":"2025-01-23T19:40:53","guid":{"rendered":"https:\/\/vancouver25dev.wpenginepowered.com\/?page_id=71264"},"modified":"2026-03-24T17:06:56","modified_gmt":"2026-03-24T21:06:56","slug":"selling-gold-in-canada","status":"publish","type":"page","link":"https:\/\/quebecgold.ca\/en\/sell-to-us\/selling-gold-in-canada\/","title":{"rendered":"Sell your gold, silver, or platinum in Quebec"},"content":{"rendered":"<div class=\"et_pb_section_0 et_pb_section et_section_regular et_block_section\">\n<div class=\"et_pb_row_0 et_pb_row et_pb_equal_columns et_block_row\">\n<div class=\"et_pb_column_0 et_pb_column et_pb_column_4_4 et-last-child et_block_column et_pb_css_mix_blend_mode_passthrough\">\n<div class=\"et_pb_text_0 et_pb_text et_pb_bg_layout_light et_pb_module et_block_module preset--module--divi-text--default\"><div class=\"et_pb_text_inner\"><h1>Vendez votre or, argent ou platine au Qu\u00e9bec<\/h1>\n<\/div><\/div>\n<\/div>\n<\/div>\n<\/div>\n\n<div class=\"et_pb_section_1 et_pb_section et_section_regular et_block_section\">\n<div class=\"et_pb_row_1 et_pb_row et_block_row\">\n<div class=\"et_pb_column_1 et_pb_column et_pb_column_4_4 et-last-child et_block_column et_pb_css_mix_blend_mode_passthrough\">\n<div class=\"et_pb_text_1 et_pb_text et_pb_bg_layout_light et_pb_module et_block_module preset--module--divi-text--default\"><div class=\"et_pb_text_inner\"><div data-plaintext=\"true\" data-pm-slice=\"1 1 [&quot;codeblock&quot;,{&quot;style&quot;:null,&quot;codeblock&quot;:true,&quot;textAlign&quot;:null,&quot;syntaxLanguage&quot;:null,&quot;lineWrapping&quot;:false}]\" data-en-clipboard=\"true\"><span><span><a href=\"https:\/\/quebecgold.ca\/\">Accueil<\/a><\/span><\/span><\/div>\n<\/div><\/div>\n<\/div>\n<\/div>\n<\/div>\n\n<div class=\"et_pb_section_2 et_pb_section et_section_regular et_block_section\">\n<div class=\"et_pb_row_2 et_pb_row et_block_row\">\n<div class=\"et_pb_column_2 et_pb_column et_pb_column_4_4 et-last-child et_block_column et_pb_css_mix_blend_mode_passthrough\">\n<div class=\"et_pb_text_2 et_pb_text et_pb_bg_layout_light et_pb_module et_block_module preset--module--divi-text--default\"><div class=\"et_pb_text_inner\"><h2>Notre processus d'\u00e9valuation<\/h2>\n<\/div><\/div>\n\n<div class=\"et_pb_image_0 et_pb_image et_pb_module et_block_module\"><span class=\"et_pb_image_wrap\"><img loading=\"lazy\" decoding=\"async\" src=\"https:\/\/quebecgold.ca\/wp-content\/uploads\/2025\/01\/1401.jpg\" width=\"1920\" height=\"1080\" srcset=\"https:\/\/quebecgold.ca\/wp-content\/uploads\/2025\/01\/1401.jpg 1920w, https:\/\/quebecgold.ca\/wp-content\/uploads\/2025\/01\/1401-1280x720.jpg 1280w, https:\/\/quebecgold.ca\/wp-content\/uploads\/2025\/01\/1401-980x551.jpg 980w, https:\/\/quebecgold.ca\/wp-content\/uploads\/2025\/01\/1401-480x270.jpg 480w\" sizes=\"(min-width: 0px) and (max-width: 480px) 480px, (min-width: 481px) and (max-width: 980px) 980px, (min-width: 981px) and (max-width: 1280px) 1280px, (min-width: 1281px) 1920px, 100vw\" class=\"wp-image-71299\" alt=\"Gold and Calculator\" \/><\/span><\/div>\n\n<div class=\"et_pb_text_3 et_pb_text et_pb_bg_layout_light et_pb_module et_block_module phc-internal-text preset--module--divi-text--default\"><div class=\"et_pb_text_inner\"><h3>Bienvenue<\/h3>\n<p>Rendez-nous visite \u00e0 notre succursale de Qu\u00e9bec au moment qui vous convient le mieux pour une \u00e9valuation gratuite et sans obligation. Il n'est pas n\u00e9cessaire de prendre rendez-vous, mais vous pouvez appeler \u00e0 l'avance si vous le pr\u00e9f\u00e9rez. Notre \u00e9quipe amicale vous accueillera et vous guidera tout au long du processus de vente. Selon le volume de clients, il peut y avoir une courte l\u00e9ger temps d\u2019attente, mais nous travaillons efficacement pour vous servir rapidement.<\/p>\n<h3>L'\u00e9valuation<\/h3>\n<h4>\u00c9tape 1 : Analyses initiale des m\u00e9taux<\/h4>\n<p>Nous commen\u00e7ons par utiliser un aimant puissant pour distinguer les m\u00e9taux non pr\u00e9cieux de l'or et de l'argent. L'or et l'argent n'\u00e9tant pas magn\u00e9tiques, ce test pr\u00e9liminaire permet d\u2019identifier rapidement les objets susceptibles de ne pas \u00eatre des m\u00e9taux pr\u00e9cieux.<\/p>\n<h4>\u00c9tape 2 : Tri par carat et finesse<\/h4>\n<p>Depuis l'Antiquit\u00e9, la puret\u00e9 de l'or est d\u00e9finie par le terme karat, qui repr\u00e9sente 1\/24 du poids de l'or pur. L'or pur \u00e9quivaut \u00e0 24 carats. L'or peut \u00e9galement \u00eatre d\u00e9crit par sa finesse, qui est la quantit\u00e9 d'or pur en parties par 1000. Par exemple, une bague en or 14k contient 585 pour 1000 parties d'or (58,5%) et 417 parties (41,7%) d'autres m\u00e9taux.<\/p>\n<p>Une fois les m\u00e9taux non pr\u00e9cieux s\u00e9par\u00e9s, nous examinons chaque pi\u00e8ce pour d\u00e9terminer si elle porte un poin\u00e7on de puret\u00e9. Certaines pi\u00e8ces sont marqu\u00e9es en carats (K), comme 10K, 14K ou 18K, tandis que d'autres utilisent la finesse, repr\u00e9sent\u00e9e par un nombre \u00e0 trois chiffres comme 750 (qui correspond \u00e0 de l'or 18K). Un poin\u00e7on de carat est un bon indicateur de la puret\u00e9 du m\u00e9tal, m\u00eame si des tests suppl\u00e9mentaires peuvent \u00eatre n\u00e9cessaires pour le v\u00e9rifier.<\/p>\n<p>Si un poin\u00e7on n'est pas imm\u00e9diatement visible, nous utilisons une loupe de bijoutier, un outil de grossissement qui nous permet d'examiner les d\u00e9tails de pr\u00e8s. Les poin\u00e7ons peuvent parfois \u00eatre us\u00e9s ou cach\u00e9s dans de petites zones, telles que les tiges de boucles d'oreilles ou l'int\u00e9rieur des bagues.<\/p>\n<p>Apr\u00e8s avoir identifi\u00e9 les poin\u00e7ons de puret\u00e9, nous trions et organisons soigneusement vos articles par carat ou finesse, sous vos yeux, pour assurer une transparence totale. Les objets dont les poin\u00e7ons ne sont pas visibles sont s\u00e9par\u00e9s pour des tests suppl\u00e9mentaires.<\/p>\n<h4>Validation de Carat<\/h4>\n<p>Pour confirmer la puret\u00e9 de votre or, nous effectuons un ou plusieurs tests non invasifs: un test de r\u00e9sistance \u00e0 l'acide, un test de gravit\u00e9 sp\u00e9cifique (ou de densit\u00e9) et\/ou un test de fluorescence X.<\/p>\n<p>En tant que client, vous pourrez observer notre \u00e9quipe \u00e0 chaque \u00e9tape de ce processus et ils seront toujours pr\u00eats \u00e0 vous expliquer ce qu'ils font et de r\u00e9pondre \u00e0 vos questions tout au long du processus.<\/p>\n<\/div><\/div>\n\n<div class=\"et_pb_image_1 et_pb_image et_pb_module et_block_module\"><span class=\"et_pb_image_wrap\"><img loading=\"lazy\" decoding=\"async\" src=\"https:\/\/quebecgold.ca\/wp-content\/uploads\/2025\/03\/scratch-rotated.jpeg\" width=\"960\" height=\"1280\" srcset=\"https:\/\/quebecgold.ca\/wp-content\/uploads\/2025\/03\/scratch-rotated.jpeg 960w, https:\/\/quebecgold.ca\/wp-content\/uploads\/2025\/03\/scratch-480x640.jpeg 480w\" sizes=\"(min-width: 0px) and (max-width: 480px) 480px, (min-width: 481px) 960px, 100vw\" class=\"wp-image-74169\" alt=\"acids\" \/><\/span><\/div>\n\n<div class=\"et_pb_text_4 et_pb_text et_pb_bg_layout_light et_pb_module et_block_module phc-internal-text preset--module--divi-text--default\"><div class=\"et_pb_text_inner\"><h4>Test de r\u00e9sistance \u00e0 l\u2019acide<\/h4>\n<p>Le test de r\u00e9sistance \u00e0 l'acide consiste \u00e0 frotter d\u00e9licatement l\u2019objet sur une pierre de touche lisse (semblable \u00e0 l'ardoise) et \u00e0 comparer la r\u00e9action du m\u00e9tal \u00e0 celle d'\u00e9chantillons connus. La rayure fait une fine marque sur la pierre (et non sur le bijou). Si le r\u00e9sultat est concluant, ce test peut constituer la seule v\u00e9rification n\u00e9cessaire.<\/p>\n<p>Le test d'analyse \u00e0 l'acide est une m\u00e9thode simple et tr\u00e8s efficace de d\u00e9terminer ou de v\u00e9rifier la puret\u00e9 d\u2019un bijou. L'acide est un m\u00e9lange d'acide nitrique et d'acide muriatique (chlorhydrique) et est utilis\u00e9 pour r\u00e9agir avec un \u00e9chantillon d\u2019or. Plus le carat est \u00e9lev\u00e9, plus la concentration d'acide n\u00e9cessaire au test est importante.<\/p>\n<p>Si l'objet n'est pas estampill\u00e9, nous commen\u00e7ons par utiliser de l'acide 10 kt et comparons votre objet \"inconnu\" \u00e0 une cl\u00e9 de test (un \u00e9chantillon d'or dont la puret\u00e9 est connue). La trace inconnue doit rester tr\u00e8s brillante et solide. Si l'\u00e9raflure s'estompe, nous retournons l'objet au client, car nous ne pouvons pas acheter d'objets non marqu\u00e9s qui ne satisfont pas au test \u00e0 l'acide 10 kt.<\/p>\n<p>Si la rayure reste vibrante, nous r\u00e9p\u00e9tons le test avec de l'acide 14 kt. Si l'objet r\u00e9ussit le test \u00e0 10 kt, mais \u00e9choue \u00e0 14 kt, nous savons qu'il s'agit d'un objet \u00e0 10 kt. Si l'objet r\u00e9ussit le test \u00e0 14 kt, nous poursuivons le test avec des acides de plus en plus forts.<\/p>\n<\/div><\/div>\n\n<div class=\"et_pb_image_2 et_pb_image et_pb_module et_block_module\"><span class=\"et_pb_image_wrap\"><img loading=\"lazy\" decoding=\"async\" src=\"https:\/\/quebecgold.ca\/wp-content\/uploads\/2025\/03\/density.jpeg\" width=\"960\" height=\"1280\" srcset=\"https:\/\/quebecgold.ca\/wp-content\/uploads\/2025\/03\/density.jpeg 960w, https:\/\/quebecgold.ca\/wp-content\/uploads\/2025\/03\/density-480x640.jpeg 480w\" sizes=\"(min-width: 0px) and (max-width: 480px) 480px, (min-width: 481px) 960px, 100vw\" class=\"wp-image-74174\" alt=\"Density Machine\" \/><\/span><\/div>\n\n<div class=\"et_pb_text_5 et_pb_text et_pb_bg_layout_light et_pb_module et_block_module preset--module--divi-text--default\"><div class=\"et_pb_text_inner\"><h4>Appareil de mesure de la gravit\u00e9 sp\u00e9cifique<\/h4>\n<p>En mesurant leur gravit\u00e9 sp\u00e9cifique, nous pouvons confirmer les niveaux de puret\u00e9 sans endommager vos articles.<\/p>\n<p>La gravit\u00e9 sp\u00e9cifique (SG) est le rapport entre la densit\u00e9 d'une substance et la densit\u00e9 d'une substance de r\u00e9f\u00e9rence, g\u00e9n\u00e9ralement de l'eau distill\u00e9e. L'analyse de la densit\u00e9 sp\u00e9cifique peut \u00eatre utilis\u00e9e pour d\u00e9terminer le degr\u00e9 de carat de l'or. Chaque m\u00e9tal a une densit\u00e9 sp\u00e9cifique qui peut \u00eatre calcul\u00e9e lorsqu'il est immerg\u00e9 dans l'eau. Cette m\u00e9thode d'essai est totalement non destructive.<\/p>\n<p>Le test de densit\u00e9 est tr\u00e8s pr\u00e9cis et efficace pour les objets solides et lourds tels que l'or massif, les pi\u00e8ces de monnaie, les lingots et les cha\u00eenes. Les objets pr\u00e9sentant des \"cavit\u00e9s\" ou contenant des pierres sont plus susceptibles d'emprisonner des bulles d'air sous l'eau et d'affecter le calcul.<\/p>\n<p>Nous pesons l'objet une fois sur une balance classique et une fois sous l'eau. L\u2019\u00e9cart de poids d\u00e9termine la densit\u00e9 de l'objet. L'or \u00e9tant l'un des \u00e9l\u00e9ments les plus denses, nous pouvons d\u00e9terminer si les objets sont plaqu\u00e9s or ou en or massif.<\/p>\n<\/div><\/div>\n\n<div class=\"et_pb_image_3 et_pb_image et_pb_module et_block_module\"><span class=\"et_pb_image_wrap\"><img loading=\"lazy\" decoding=\"async\" src=\"https:\/\/quebecgold.ca\/wp-content\/uploads\/2025\/03\/xray-rotated.jpeg\" width=\"960\" height=\"1280\" srcset=\"https:\/\/quebecgold.ca\/wp-content\/uploads\/2025\/03\/xray-rotated.jpeg 960w, https:\/\/quebecgold.ca\/wp-content\/uploads\/2025\/03\/xray-480x640.jpeg 480w\" sizes=\"(min-width: 0px) and (max-width: 480px) 480px, (min-width: 481px) 960px, 100vw\" class=\"wp-image-74176\" alt=\"X-Ray Machine\" \/><\/span><\/div>\n\n<div class=\"et_pb_text_6 et_pb_text et_pb_bg_layout_light et_pb_module et_block_module preset--module--divi-text--default\"><div class=\"et_pb_text_inner\"><h4>Essai de fluorescence X (XRF)<\/h4>\n<p>Si les m\u00e9thodes de contr\u00f4le visuel et par rayures ne permettent pas d'obtenir des r\u00e9sultats clairs, les articles peuvent \u00eatre test\u00e9s par fluorescence X.<\/p>\n<p>Une machine ultramoderne analyse avec pr\u00e9cision la composition du m\u00e9tal. Nous utilisons cette machine, si n\u00e9cessaire, uniquement apr\u00e8s avoir recours aux autres m\u00e9thodes de v\u00e9rification.<\/p>\n<p>L'utilisation de l'appareil \u00e0 rayons X est un excellent outil pour d\u00e9terminer le carat d'un objet ou pour aider \u00e0 d\u00e9couvrir de quoi l'objet est fait. L'appareil \u00e0 rayons X est particuli\u00e8rement utile pour les petits objets, tels que les cha\u00eenes fines ou de petite taille, les petites boucles d'oreilles et l'or dentaire.<\/p>\n<p>Une fois les tests termin\u00e9s, un rapport complet indique les pourcentages de teneur en or ainsi que d'autres m\u00e9taux d'alliage tels que le cuivre, l'argent ou le zinc.<\/p>\n<p>Si des tests suppl\u00e9mentaires sont n\u00e9cessaires, nous vous expliquerons la proc\u00e9dure \u00e0 suivre avant de proc\u00e9der.<\/p>\n<h4>\u00c9tape 3 : Pes\u00e9e<\/h4>\n<p>Une fois tri\u00e9s, nous pesons vos articles \u00e0 l'aide d'une balance calibr\u00e9e de haute pr\u00e9cision. Vous pouvez assister \u00e0 ce processus et, si vous le souhaitez, nous pouvons peser des pi\u00e8ces s\u00e9par\u00e9ment pour vous permettre de vous y r\u00e9f\u00e9rer.<\/p>\n<h4>\u00c9tape 4 : Devis<\/h4>\n<p>Notre paiement est bas\u00e9 sur la puret\u00e9, le poids et le prix actuel du march\u00e9 de l'or, de l'argent ou d'autres m\u00e9taux. Nous vous ferons une offre claire et directe, sans pression ni engagement. Vous pouvez d\u00e9cider de vendre la totalit\u00e9, ou seulement une partie de ce que vous avez apport\u00e9, en fonction de notre offre. Si un test final est n\u00e9cessaire pour confirmer l'authenticit\u00e9 d'un objet (par exemple, en d\u00e9coupant des objets plaqu\u00e9s en couches \u00e9paisses), nous vous demanderons toujours votre autorisation au pr\u00e9alable.<\/p>\n<h3>Achat<\/h3>\n<p>Nous ne facturons jamais les tests ni les devis et, si vous d\u00e9cidez de vendre, nous vous payons imm\u00e9diatement, sans frais cach\u00e9s. Nous nous efforcerons de vous proposer des paiements en esp\u00e8ces plus \u00e9lev\u00e9s lorsque cela est possible, ou nous vous paierons par ch\u00e8que.<\/p>\n<h3>Merci de votre attention<\/h3>\n<p>Nous appr\u00e9cions la confiance que vous accordez \u00e0 Canada Or - Ville de Qu<span>\u00e9bec<\/span>. Notre engagement \u00e0 l'\u00e9gard de la transparence et de l'excellence du service est la raison pour laquelle tant de clients reviennent et nous recommandent \u00e0 leurs amis et \u00e0 leur famille. N'h\u00e9sitez pas \u00e0 comparer les offres - nous sommes convaincus que notre expertise, notre int\u00e9grit\u00e9 et notre garantie du meilleur prix font de nous l'acheteur d'or le plus digne de confiance au Canada.<\/p>\n<p>\u00cates-vous pr\u00eat \u00e0 faire \u00e9valuer votre or ? Contactez-nous sans frais au <a href=\"tel:+18882197001\">1-888-219-7001<\/a> ou visitez l\u2019une de nos\u00a0<a href=\"https:\/\/quebecgold.ca\/locations\/\">18 succursales \u00e0 travers le Canada.<\/a><\/p>\n<\/div><\/div>\n<\/div>\n<\/div>\n<\/div>","protected":false},"excerpt":{"rendered":"","protected":false},"author":1,"featured_media":0,"parent":71260,"menu_order":0,"comment_status":"closed","ping_status":"closed","template":"","meta":{"_acf_changed":false,"footnotes":""},"class_list":["post-71264","page","type-page","status-publish","hentry"],"acf":[],"yoast_head":"<!-- This site is optimized with the Yoast SEO plugin v27.6 - https:\/\/yoast.com\/product\/yoast-seo-wordpress\/ -->\n<title>Comment nous \u00e9valuons vos articles en or et en argent - Canada Or - Ville de Qu\u00e9bec<\/title>\n<meta name=\"description\" content=\"La cl\u00e9 pour obtenir le meilleur prix pour vos bijoux, lingots, barres, pi\u00e8ces et autres articles en or et en argent est une \u00e9valuation pr\u00e9cise.\" \/>\n<meta name=\"robots\" content=\"index, follow, max-snippet:-1, max-image-preview:large, max-video-preview:-1\" \/>\n<link rel=\"canonical\" href=\"https:\/\/quebecgold.ca\/en\/sell-to-us\/selling-gold-in-canada\/\" \/>\n<meta property=\"og:locale\" content=\"en_US\" \/>\n<meta property=\"og:type\" content=\"article\" \/>\n<meta property=\"og:title\" content=\"Comment nous \u00e9valuons vos articles en or et en argent - Canada Or - Ville de Qu\u00e9bec\" \/>\n<meta property=\"og:description\" content=\"La cl\u00e9 pour obtenir le meilleur prix pour vos bijoux, lingots, barres, pi\u00e8ces et autres articles en or et en argent est une \u00e9valuation pr\u00e9cise.\" \/>\n<meta property=\"og:url\" content=\"https:\/\/quebecgold.ca\/en\/sell-to-us\/selling-gold-in-canada\/\" \/>\n<meta property=\"og:site_name\" content=\"Canada Or - Ville de Qu\u00e9bec\" \/>\n<meta property=\"article:publisher\" content=\"https:\/\/www.facebook.com\/CanadaGoldBBB\" \/>\n<meta property=\"article:modified_time\" content=\"2026-03-24T21:06:56+00:00\" \/>\n<meta property=\"og:image\" content=\"https:\/\/quebecgold.ca\/wp-content\/uploads\/2026\/03\/Canada-Or-Ville-de-Quebec-Web-Logo-Gold-and-Navy.png\" \/>\n\t<meta property=\"og:image:width\" content=\"1000\" \/>\n\t<meta property=\"og:image:height\" content=\"225\" \/>\n\t<meta property=\"og:image:type\" content=\"image\/png\" \/>\n<meta name=\"twitter:card\" content=\"summary_large_image\" \/>\n<meta name=\"twitter:site\" content=\"@canadagoldbbb\" \/>\n<meta name=\"twitter:label1\" content=\"Est. reading time\" \/>\n\t<meta name=\"twitter:data1\" content=\"7 minutes\" \/>\n<script type=\"application\/ld+json\" class=\"yoast-schema-graph\">{\"@context\":\"https:\\\/\\\/schema.org\",\"@graph\":[{\"@type\":\"WebPage\",\"@id\":\"https:\\\/\\\/quebecgold.ca\\\/sell-to-us\\\/selling-gold-in-canada\\\/\",\"url\":\"https:\\\/\\\/quebecgold.ca\\\/sell-to-us\\\/selling-gold-in-canada\\\/\",\"name\":\"Comment nous \u00e9valuons vos articles en or et en argent - Canada Or - Ville de Qu\u00e9bec\",\"isPartOf\":{\"@id\":\"https:\\\/\\\/quebecgold.ca\\\/#website\"},\"datePublished\":\"2025-01-23T19:40:53+00:00\",\"dateModified\":\"2026-03-24T21:06:56+00:00\",\"description\":\"La cl\u00e9 pour obtenir le meilleur prix pour vos bijoux, lingots, barres, pi\u00e8ces et autres articles en or et en argent est une \u00e9valuation pr\u00e9cise.\",\"breadcrumb\":{\"@id\":\"https:\\\/\\\/quebecgold.ca\\\/sell-to-us\\\/selling-gold-in-canada\\\/#breadcrumb\"},\"inLanguage\":\"en-CA\",\"potentialAction\":[{\"@type\":\"ReadAction\",\"target\":[\"https:\\\/\\\/quebecgold.ca\\\/sell-to-us\\\/selling-gold-in-canada\\\/\"]}]},{\"@type\":\"BreadcrumbList\",\"@id\":\"https:\\\/\\\/quebecgold.ca\\\/sell-to-us\\\/selling-gold-in-canada\\\/#breadcrumb\",\"itemListElement\":[{\"@type\":\"ListItem\",\"position\":1,\"name\":\"Accueil\",\"item\":\"https:\\\/\\\/quebecgold.ca\\\/\"},{\"@type\":\"ListItem\",\"position\":2,\"name\":\"Vendez-nous\",\"item\":\"https:\\\/\\\/quebecgold.ca\\\/sell-to-us\\\/\"},{\"@type\":\"ListItem\",\"position\":3,\"name\":\"Vendez votre or, argent ou platine au Qu\u00e9bec\"}]},{\"@type\":\"WebSite\",\"@id\":\"https:\\\/\\\/quebecgold.ca\\\/#website\",\"url\":\"https:\\\/\\\/quebecgold.ca\\\/\",\"name\":\"Canada Or - Ville de Qu\u00e9bec\",\"description\":\"A Division of Canada Gold\",\"publisher\":{\"@id\":\"https:\\\/\\\/quebecgold.ca\\\/#organization\"},\"potentialAction\":[{\"@type\":\"SearchAction\",\"target\":{\"@type\":\"EntryPoint\",\"urlTemplate\":\"https:\\\/\\\/quebecgold.ca\\\/?s={search_term_string}\"},\"query-input\":{\"@type\":\"PropertyValueSpecification\",\"valueRequired\":true,\"valueName\":\"search_term_string\"}}],\"inLanguage\":\"en-CA\"},{\"@type\":\"Organization\",\"@id\":\"https:\\\/\\\/quebecgold.ca\\\/#organization\",\"name\":\"Canada Or\",\"url\":\"https:\\\/\\\/quebecgold.ca\\\/\",\"logo\":{\"@type\":\"ImageObject\",\"inLanguage\":\"en-CA\",\"@id\":\"https:\\\/\\\/quebecgold.ca\\\/#\\\/schema\\\/logo\\\/image\\\/\",\"url\":\"https:\\\/\\\/quebecgold.ca\\\/wp-content\\\/uploads\\\/2025\\\/01\\\/cropped-favicon.png\",\"contentUrl\":\"https:\\\/\\\/quebecgold.ca\\\/wp-content\\\/uploads\\\/2025\\\/01\\\/cropped-favicon.png\",\"width\":512,\"height\":512,\"caption\":\"Canada Or\"},\"image\":{\"@id\":\"https:\\\/\\\/quebecgold.ca\\\/#\\\/schema\\\/logo\\\/image\\\/\"},\"sameAs\":[\"https:\\\/\\\/www.facebook.com\\\/CanadaGoldBBB\",\"https:\\\/\\\/x.com\\\/canadagoldbbb\"]}]}<\/script>\n<!-- \/ Yoast SEO plugin. -->","yoast_head_json":{"title":"How we appraise your gold and silver items - Canada Or - Ville de Qu\u00e9bec","description":"The key to getting the best price for your jewelry, ingots, bars, coins, and other gold and silver items is an accurate appraisal.","robots":{"index":"index","follow":"follow","max-snippet":"max-snippet:-1","max-image-preview":"max-image-preview:large","max-video-preview":"max-video-preview:-1"},"canonical":"https:\/\/quebecgold.ca\/en\/sell-to-us\/selling-gold-in-canada\/","og_locale":"en_US","og_type":"article","og_title":"Comment nous \u00e9valuons vos articles en or et en argent - Canada Or - Ville de Qu\u00e9bec","og_description":"La cl\u00e9 pour obtenir le meilleur prix pour vos bijoux, lingots, barres, pi\u00e8ces et autres articles en or et en argent est une \u00e9valuation pr\u00e9cise.","og_url":"https:\/\/quebecgold.ca\/en\/sell-to-us\/selling-gold-in-canada\/","og_site_name":"Canada Or - Ville de Qu\u00e9bec","article_publisher":"https:\/\/www.facebook.com\/CanadaGoldBBB","article_modified_time":"2026-03-24T21:06:56+00:00","og_image":[{"width":1000,"height":225,"url":"https:\/\/quebecgold.ca\/wp-content\/uploads\/2026\/03\/Canada-Or-Ville-de-Quebec-Web-Logo-Gold-and-Navy.png","type":"image\/png"}],"twitter_card":"summary_large_image","twitter_site":"@canadagoldbbb","twitter_misc":{"Est. reading time":"7 minutes"},"schema":{"@context":"https:\/\/schema.org","@graph":[{"@type":"WebPage","@id":"https:\/\/quebecgold.ca\/sell-to-us\/selling-gold-in-canada\/","url":"https:\/\/quebecgold.ca\/sell-to-us\/selling-gold-in-canada\/","name":"How we appraise your gold and silver items - Canada Or - Ville de Qu\u00e9bec","isPartOf":{"@id":"https:\/\/quebecgold.ca\/#website"},"datePublished":"2025-01-23T19:40:53+00:00","dateModified":"2026-03-24T21:06:56+00:00","description":"The key to getting the best price for your jewelry, ingots, bars, coins, and other gold and silver items is an accurate appraisal.","breadcrumb":{"@id":"https:\/\/quebecgold.ca\/sell-to-us\/selling-gold-in-canada\/#breadcrumb"},"inLanguage":"en-CA","potentialAction":[{"@type":"ReadAction","target":["https:\/\/quebecgold.ca\/sell-to-us\/selling-gold-in-canada\/"]}]},{"@type":"BreadcrumbList","@id":"https:\/\/quebecgold.ca\/sell-to-us\/selling-gold-in-canada\/#breadcrumb","itemListElement":[{"@type":"ListItem","position":1,"name":"Accueil","item":"https:\/\/quebecgold.ca\/"},{"@type":"ListItem","position":2,"name":"Vendez-nous","item":"https:\/\/quebecgold.ca\/sell-to-us\/"},{"@type":"ListItem","position":3,"name":"Vendez votre or, argent ou platine au Qu\u00e9bec"}]},{"@type":"WebSite","@id":"https:\/\/quebecgold.ca\/#website","url":"https:\/\/quebecgold.ca\/","name":"CanadaGold","description":"A Division of Canada Gold","publisher":{"@id":"https:\/\/quebecgold.ca\/#organization"},"potentialAction":[{"@type":"SearchAction","target":{"@type":"EntryPoint","urlTemplate":"https:\/\/quebecgold.ca\/?s={search_term_string}"},"query-input":{"@type":"PropertyValueSpecification","valueRequired":true,"valueName":"search_term_string"}}],"inLanguage":"en-CA"},{"@type":"Organization","@id":"https:\/\/quebecgold.ca\/#organization","name":"Canada Gold","url":"https:\/\/quebecgold.ca\/","logo":{"@type":"ImageObject","inLanguage":"en-CA","@id":"https:\/\/quebecgold.ca\/#\/schema\/logo\/image\/","url":"https:\/\/quebecgold.ca\/wp-content\/uploads\/2025\/01\/cropped-favicon.png","contentUrl":"https:\/\/quebecgold.ca\/wp-content\/uploads\/2025\/01\/cropped-favicon.png","width":512,"height":512,"caption":"Canada Or"},"image":{"@id":"https:\/\/quebecgold.ca\/#\/schema\/logo\/image\/"},"sameAs":["https:\/\/www.facebook.com\/CanadaGoldBBB","https:\/\/x.com\/canadagoldbbb"]}]}},"_links":{"self":[{"href":"https:\/\/quebecgold.ca\/en\/wp-json\/wp\/v2\/pages\/71264","targetHints":{"allow":["GET"]}}],"collection":[{"href":"https:\/\/quebecgold.ca\/en\/wp-json\/wp\/v2\/pages"}],"about":[{"href":"https:\/\/quebecgold.ca\/en\/wp-json\/wp\/v2\/types\/page"}],"author":[{"embeddable":true,"href":"https:\/\/quebecgold.ca\/en\/wp-json\/wp\/v2\/users\/1"}],"replies":[{"embeddable":true,"href":"https:\/\/quebecgold.ca\/en\/wp-json\/wp\/v2\/comments?post=71264"}],"version-history":[{"count":0,"href":"https:\/\/quebecgold.ca\/en\/wp-json\/wp\/v2\/pages\/71264\/revisions"}],"up":[{"embeddable":true,"href":"https:\/\/quebecgold.ca\/en\/wp-json\/wp\/v2\/pages\/71260"}],"wp:attachment":[{"href":"https:\/\/quebecgold.ca\/en\/wp-json\/wp\/v2\/media?parent=71264"}],"curies":[{"name":"wp","href":"https:\/\/api.w.org\/{rel}","templated":true}]}}