{"id":71590,"date":"2025-01-28T18:30:31","date_gmt":"2025-01-28T18:30:31","guid":{"rendered":"https:\/\/vancouver25dev.wpenginepowered.com\/?page_id=71590"},"modified":"2026-03-24T17:09:50","modified_gmt":"2026-03-24T21:09:50","slug":"gold","status":"publish","type":"page","link":"https:\/\/quebecgold.ca\/en\/sell-to-us\/gold\/","title":{"rendered":"Selling your gold"},"content":{"rendered":"<div class=\"et_pb_section_0 et_pb_section et_section_regular et_block_section\">\n<div class=\"et_pb_row_0 et_pb_row et_pb_equal_columns et_block_row\">\n<div class=\"et_pb_column_0 et_pb_column et_pb_column_4_4 et-last-child et_block_column et_pb_css_mix_blend_mode_passthrough\">\n<div class=\"et_pb_text_0 et_pb_text et_pb_bg_layout_light et_pb_module et_block_module preset--module--divi-text--default\"><div class=\"et_pb_text_inner\"><h1>Vendre votre or<\/h1>\n<\/div><\/div>\n<\/div>\n<\/div>\n<\/div>\n\n<div class=\"et_pb_section_1 et_pb_section et_section_regular et_block_section\">\n<div class=\"et_pb_row_1 et_pb_row et_block_row\">\n<div class=\"et_pb_column_1 et_pb_column et_pb_column_4_4 et-last-child et_block_column et_pb_css_mix_blend_mode_passthrough\">\n<div class=\"et_pb_text_1 et_pb_text et_pb_bg_layout_light et_pb_module et_block_module preset--module--divi-text--default\"><div class=\"et_pb_text_inner\"><div data-plaintext=\"true\" data-pm-slice=\"1 1 [&quot;codeblock&quot;,{&quot;style&quot;:null,&quot;codeblock&quot;:true,&quot;textAlign&quot;:null,&quot;syntaxLanguage&quot;:null,&quot;lineWrapping&quot;:false}]\" data-en-clipboard=\"true\"><span><span><a href=\"https:\/\/quebecgold.ca\/\">Accueil<\/a><\/span><\/span><\/div>\n<\/div><\/div>\n<\/div>\n<\/div>\n<\/div>\n\n<div class=\"et_pb_section_2 et_pb_section et_section_regular et_block_section\">\n<div class=\"et_pb_row_2 et_pb_row et_block_row\">\n<div class=\"et_pb_column_2 et_pb_column et_pb_column_1_2 et_block_column et_pb_css_mix_blend_mode_passthrough\">\n<div class=\"et_pb_text_2 et_pb_text et_pb_bg_layout_light et_pb_module et_block_module preset--module--divi-text--default\"><div class=\"et_pb_text_inner\"><h2>Nous sommes le meilleur acheteur d'or de la Ville de Qu\u00e9bec<\/h2>\n<h3>Comment optimiser la valeur de votre or<\/h3>\n<\/div><\/div>\n\n<div class=\"et_pb_text_3 et_pb_text et_pb_bg_layout_light et_pb_module et_block_module phc-internal-text preset--module--divi-text--default\"><div class=\"et_pb_text_inner\"><h2>\u00c9tape 1 : Rassembler et trier l'or<\/h2>\n<p>Commencez par rassembler tous vos objets en or, y compris bijoux et pi\u00e8ces de monnaie. Triez ces pi\u00e8ces pour d\u00e9terminer celles que vous souhaitez convertir en argent liquide et celles qui ont une valeur sentimentale et que vous pr\u00e9f\u00e9rez conserver. En r\u00e8gle g\u00e9n\u00e9rale, les objets en or sont marqu\u00e9s d'un degr\u00e9 de puret\u00e9 (14K ou 18K, par exemple) qui indique la proportion d\u2019or qu\u2019ils contiennent. Ces marques peuvent vous aider \u00e0 comprendre leur valeur potentielle. M\u00eame si votre or ne porte pas de marque de puret\u00e9, ne vous inqui\u00e9tez pas : un acheteur d'or peut le tester pour en d\u00e9terminer la valeur.<\/p>\n<h2>\u00c9tape 2 : Recherche d'acheteurs potentiels<\/h2>\n<p>Une fois que vous avez tri\u00e9 votre or, l\u2019\u00e9tape suivante consiste \u00e0 s\u2019adresser \u00e0 des acheteurs fiables. Plusieurs options s'offrent \u00e0 vous, des bijouteries locales aux magasins sp\u00e9cialis\u00e9s dans l'achat d'or, en passant par les plateformes en ligne. Il est important de faire le tour du march\u00e9: demandez plusieurs devis afin de vous assurer d\u2019obtenir la meilleure offre possible pour votre or.<\/p>\n<\/div><\/div>\n<\/div>\n\n<div class=\"et_pb_column_3 et_pb_column et_pb_column_1_2 et-last-child et_block_column et_pb_css_mix_blend_mode_passthrough\">\n<div class=\"et_pb_text_4 et_pb_text et_pb_bg_layout_light et_pb_module et_block_module preset--module--divi-text--default\"><div class=\"et_pb_text_inner\"><h3>Prix des lingots aujourd'hui<\/h3>\n<\/div><\/div>\n\n<div class=\"et_pb_code_0 et_pb_code et_pb_module\"><div class=\"et_pb_code_inner\"><table class=\"cg-table gold\">\n            <thead>\n                <tr>\n                    <th>Gold Bullion<\/th>\n                    <th>Price<\/th>\n                <\/tr>\n            <\/thead>\n            <tbody>\n                <tr>\n                    <td>1 oz Gold Maple Leaf 9999<\/td>\n                    <td>$6,090.32\/coin<\/td>\n                <\/tr>\n                <tr>\n                    <td>1 oz Gold Maple Leaf 9999 (2014 or Later)<\/td>\n                    <td>$6,121.55\/coin<\/td>\n                <\/tr>\n                <tr>\n                    <td>1 oz Gold Maple Leaf Damaged or 999<\/td>\n                    <td>$5,871.69\/coin<\/td>\n                <\/tr>\n                <tr>\n                    <td>Gold Maple Leaf under 1 oz<\/td>\n                    <td>$200.83\/g<\/td>\n                <\/tr>\n                <tr>\n                    <td>1 oz Recognized Gold Bar<\/td>\n                    <td>$6,090.32\/bar<\/td>\n                <\/tr>\n                <tr>\n                    <td>5 oz Recognized Gold Bar<\/td>\n                    <td>$29,826.94\/bar<\/td>\n                <\/tr>\n                <tr>\n                    <td>10 oz Recognized Gold Bar<\/td>\n                    <td>$59,341.56\/bar<\/td>\n                <\/tr>\n                <tr>\n                    <td>Unrecognized Gold Bars<\/td>\n                    <td>$5,715.53\/oz<\/td>\n                <\/tr>\n            <\/tbody>\n        <\/table><\/div><\/div>\n\n<div class=\"et_pb_code_1 et_pb_code et_pb_module\"><div class=\"et_pb_code_inner\"><p class=\"date_updated\">Prices updated as of: <span>05\/15\/2026 01:07 PM EDT<\/span><\/p><\/div><\/div>\n<\/div>\n<\/div>\n\n<div class=\"et_pb_row_3 et_pb_row et_block_row\">\n<div class=\"et_pb_column_4 et_pb_column et_pb_column_4_4 et-last-child et_block_column et_pb_css_mix_blend_mode_passthrough\">\n<div class=\"et_pb_text_5 et_pb_text et_pb_bg_layout_light et_pb_module et_block_module preset--module--divi-text--default\"><div class=\"et_pb_text_inner\"><h2>\u00c9tape 3 : Comparer les offres et vendre<\/h2>\n<p>Apr\u00e8s avoir recueilli plusieurs devis, comparez-les pour trouver la meilleure offre. Lorsque vous \u00eates pr\u00eat et que vous avez confiance en un acheteur en particulier\u00a0et son prix, vous pouvez conclure la vente. N'oubliez pas que de nombreux acheteurs d'or fondent et r\u00e9utilisent votre or. Assurez-vous que vous \u00eates pr\u00eat \u00e0 vous s\u00e9parer de tous les objets, en particulier ceux qui ont une valeur sentimentale.<\/p>\n<p>Conseils suppl\u00e9mentaires:<\/p>\n<ul>\n<li>V\u00e9rifiez la cr\u00e9dibilit\u00e9 de l'acheteur : V\u00e9rifiez les r\u00e9f\u00e9rences de l'acheteur et les avis des clients pour vous assurer de sa bonne r\u00e9putation.<\/li>\n<li>Comprendre les petits caract\u00e8res : Sachez quels sont les frais ou commissions susceptibles d'affecter votre versement final.<\/li>\n<li>Pas de pr\u00e9cipitation : ne vous sentez pas oblig\u00e9 de vendre. Prenez votre temps pour prendre une d\u00e9cision en toute connaissance de cause.<\/li>\n<\/ul>\n<p>En suivant ces \u00e9tapes, vous serez mieux pr\u00e9par\u00e9 \u00e0 vendre vos bagues en or et vous pourrez potentiellement d\u00e9bloquer la valeur de ces pi\u00e8ces que vous n'utilisez plus. N'oubliez pas que la connaissance est le pouvoir lorsqu'il s'agit de vendre des m\u00e9taux pr\u00e9cieux, alors informez-vous correctement et choisissez un acheteur de bonne r\u00e9putation pour obtenir le meilleur rendement possible pour votre or.<\/p>\n<h2>Pourquoi Canada Or offre les meilleurs prix pour vos objets de valeur<\/h2>\n<p>Chez Canada Or, nous sommes fiers d'offrir une garantie du meilleur prix pour vous assurer de recevoir le paiement le plus \u00e9lev\u00e9 pour votre or, votre argent et vos diamants. Notre engagement en mati\u00e8re de transparence, d'honn\u00eatet\u00e9 et de service \u00e0 la client\u00e8le nous a permis de devenir les acheteurs d'or locaux les plus fiables au Canada.<\/p>\n<h3>Une transparence et des pratiques \u00e9thiques \u00e0 l'avant-garde de l'industrie<\/h3>\n<p>Notre approche est directe et fbas\u00e9e sur l\u2019\u00e9thique. Nous vous fournissons les derni\u00e8res nouvelles et informations sur l'industrie, ainsi qu'un service \u00e0 la client\u00e8le de premier ordre. Que vous cherchiez \u00e0 acheter, \u00e0 vendre, \u00e0 affiner ou \u00e0 recycler de l'or ou d'autres m\u00e9taux pr\u00e9cieux, Canada Or \u00e9tablit la norme.<\/p>\n<h3>Une technologie de pointe pour des tests pr\u00e9cis<\/h3>\n<p>Nous \u00e9quipons nos installations des derni\u00e8res technologies d'essai pour vous offrir des \u00e9valuations pr\u00e9cises de vos objets. Toutes les \u00e9valuations et transactions sont effectu\u00e9es ouvertement, sous vos yeux, afin que vous puissiez avoir une confiance totale dans le processus. Nos taux de paiement quotidiens sont clairement affich\u00e9s sur notre site web et refl\u00e8tent les taux r\u00e9els que nous proposons, ce qui \u00e9vite toute surprise.<\/p>\n<h3>Paiements imm\u00e9diats, en personne<\/h3>\n<p>Lorsque vous d\u00e9cidez de vendre vos objets de valeur chez Canada Or, vous recevez votre paiement imm\u00e9diatement, sur place. Visitez l'\u00e9tablissement Canada Or le plus pr\u00e8s de chez vous d\u00e8s aujourd'hui pour obtenir une estimation gratuite et sans obligation et constater par vous-m\u00eame pourquoi nous sommes le meilleur choix pour vendre votre or, votre argent, votre platine et vos diamants.<\/p>\n<\/div><\/div>\n<\/div>\n<\/div>\n\n<div class=\"et_pb_row_4 et_pb_row et_block_row\">\n<div class=\"et_pb_column_5 et_pb_column et_pb_column_4_4 et-last-child et_block_column et_pb_css_mix_blend_mode_passthrough\">\n<div class=\"dipi_divider_0 dipi_divider et_pb_bg_layout_light et_pb_module\">\n\t\t<div class=\"dipi-pixel-divider dipi-pixel-divider-row dipi-pixel-divider-image dipi-pixel-divider-mirror\"><div class=\"dipi-td-decoration  dipi-td-decoration-line dipi-td-first\"><\/div>\n            <img decoding=\"async\" class=\"dipi-td-content\" src=\"https:\/\/quebecgold.ca\/wp-content\/uploads\/2025\/01\/Canada-Gold-Leaf-2025.png\" \/><div class=\"dipi-td-decoration  dipi-td-decoration-line dipi-td-second\"><\/div><\/div><\/div>\n<\/div>\n<\/div>\n<\/div>\n\n<div class=\"et_pb_section_3 et_pb_section et_section_regular et_block_section\">\n<div class=\"et_pb_row_5 et_pb_row et_block_row\">\n<div class=\"et_pb_column_6 et_pb_column et_pb_column_1_3 et_block_column et_pb_css_mix_blend_mode_passthrough\">\n<div class=\"et_pb_image_0 et_pb_image et_pb_module et_block_module\"><span class=\"et_pb_image_wrap\"><img loading=\"lazy\" decoding=\"async\" src=\"https:\/\/quebecgold.ca\/wp-content\/uploads\/2025\/01\/gia-logo-trimmed.png\" width=\"485\" height=\"171\" srcset=\"https:\/\/quebecgold.ca\/wp-content\/uploads\/2025\/01\/gia-logo-trimmed.png 485w, https:\/\/quebecgold.ca\/wp-content\/uploads\/2025\/01\/gia-logo-trimmed-480x169.png 480w\" sizes=\"(min-width: 0px) and (max-width: 480px) 480px, (min-width: 481px) 485px, 100vw\" class=\"wp-image-98\" title=\"gia-logo-trimmed\" alt=\"GIA Logo\" \/><\/span><\/div>\n<\/div>\n\n<div class=\"et_pb_column_7 et_pb_column et_pb_column_1_3 et_block_column et_pb_css_mix_blend_mode_passthrough\">\n<div class=\"et_pb_image_1 et_pb_image et_pb_module et_block_module\"><span class=\"et_pb_image_wrap\"><img loading=\"lazy\" decoding=\"async\" src=\"https:\/\/quebecgold.ca\/wp-content\/uploads\/2025\/01\/bbb-accredited-business-a-.png\" width=\"663\" height=\"284\" srcset=\"https:\/\/quebecgold.ca\/wp-content\/uploads\/2025\/01\/bbb-accredited-business-a-.png 663w, https:\/\/quebecgold.ca\/wp-content\/uploads\/2025\/01\/bbb-accredited-business-a--480x206.png 480w\" sizes=\"(min-width: 0px) and (max-width: 480px) 480px, (min-width: 481px) 663px, 100vw\" class=\"wp-image-97\" title=\"bbb-accredited-business-a-\" alt=\"BBB Accredited\" \/><\/span><\/div>\n<\/div>\n\n<div class=\"et_pb_column_8 et_pb_column et_pb_column_1_3 et-last-child et_block_column et_pb_css_mix_blend_mode_passthrough\">\n<div class=\"et_pb_image_2 et_pb_image et_pb_module et_block_module\"><span class=\"et_pb_image_wrap\"><img loading=\"lazy\" decoding=\"async\" src=\"https:\/\/quebecgold.ca\/wp-content\/uploads\/2025\/01\/Royal_Canadian_Mint_Logo_Canada-Gold_Authorized_Distributor-100h.png\" width=\"165\" height=\"100\" srcset=\"https:\/\/quebecgold.ca\/wp-content\/uploads\/2025\/01\/Royal_Canadian_Mint_Logo_Canada-Gold_Authorized_Distributor-100h.png 165w, https:\/\/quebecgold.ca\/wp-content\/uploads\/2025\/01\/Royal_Canadian_Mint_Logo_Canada-Gold_Authorized_Distributor-100h-18x12.png 18w\" sizes=\"(max-width: 165px) 100vw, 165px\" class=\"wp-image-94\" alt=\"Royal_Canadian_Mint_Logo_Canada-Gold_Authorized_Distributor-100h\" \/><\/span><\/div>\n<\/div>\n<\/div>\n\n<div class=\"et_pb_row_6 et_pb_row et_block_row\">\n<div class=\"et_pb_column_9 et_pb_column et_pb_column_1_3 et_block_column et_pb_css_mix_blend_mode_passthrough\">\n<div class=\"et_pb_text_6 et_pb_text et_pb_bg_layout_light et_pb_module et_block_module preset--module--divi-text--default\"><div class=\"et_pb_text_inner\"><p>Canada Or ach\u00e8te des diamants qui ont \u00e9t\u00e9 \u00e9valu\u00e9s par un gemmologue dipl\u00f4m\u00e9 de l\u2019Institut gemmologique d\u2019Am\u00e9rique (GIA), les experts de r\u00e9f\u00e9rence en analyse et en classification des diamants.<\/p>\n<\/div><\/div>\n<\/div>\n\n<div class=\"et_pb_column_10 et_pb_column et_pb_column_1_3 et_block_column et_pb_css_mix_blend_mode_passthrough\">\n<div class=\"et_pb_text_7 et_pb_text et_pb_bg_layout_light et_pb_module et_block_module preset--module--divi-text--default\"><div class=\"et_pb_text_inner\"><p>Canada Or est fi\u00e8re d\u2019\u00eatre accr\u00e9dit\u00e9e par le Bureau d\u2019\u00e9thique commerciale (BBB). Cette accr\u00e9ditation t\u00e9moigne de notre engagement \u00e0 offrir un service \u00e0 la client\u00e8le de qualit\u00e9 sup\u00e9rieure \u00e0 chacune de vos visites.<\/p>\n<\/div><\/div>\n<\/div>\n\n<div class=\"et_pb_column_11 et_pb_column et_pb_column_1_3 et-last-child et_block_column et_pb_css_mix_blend_mode_passthrough\">\n<div class=\"et_pb_text_8 et_pb_text et_pb_bg_layout_light et_pb_module et_block_module preset--module--divi-text--default\"><div class=\"et_pb_text_inner\"><p>Canada Or est fier d\u2019\u00eatre un distributeur autoris\u00e9 de la technologie ADN de la Monnaie royale canadienne. Nous sommes en mesure d\u2019authentifier instantan\u00e9ment toutes les pi\u00e8ces de la Monnaie qui sont enregistr\u00e9es.<\/p>\n<\/div><\/div>\n<\/div>\n<\/div>\n<\/div>","protected":false},"excerpt":{"rendered":"","protected":false},"author":1,"featured_media":0,"parent":71260,"menu_order":0,"comment_status":"closed","ping_status":"closed","template":"","meta":{"_acf_changed":false,"footnotes":""},"class_list":["post-71590","page","type-page","status-publish","hentry"],"acf":[],"yoast_head":"<!-- This site is optimized with the Yoast SEO plugin v27.6 - https:\/\/yoast.com\/product\/yoast-seo-wordpress\/ -->\n<title>Vendre votre or - Canada Or - Ville de Qu\u00e9bec<\/title>\n<meta name=\"description\" content=\"Avez-vous des lingots d\u2019or \u00e0 vendre ? Nous offrons le meilleur prix garanti pour les pi\u00e8ces, lingots et barres, avec une \u00e9valuation sans obligation.\" \/>\n<meta name=\"robots\" content=\"index, follow, max-snippet:-1, max-image-preview:large, max-video-preview:-1\" \/>\n<link rel=\"canonical\" href=\"https:\/\/quebecgold.ca\/en\/sell-to-us\/gold\/\" \/>\n<meta property=\"og:locale\" content=\"en_US\" \/>\n<meta property=\"og:type\" content=\"article\" \/>\n<meta property=\"og:title\" content=\"Vendre votre or - Canada Or - Ville de Qu\u00e9bec\" \/>\n<meta property=\"og:description\" content=\"Avez-vous des lingots d\u2019or \u00e0 vendre ? Nous offrons le meilleur prix garanti pour les pi\u00e8ces, lingots et barres, avec une \u00e9valuation sans obligation.\" \/>\n<meta property=\"og:url\" content=\"https:\/\/quebecgold.ca\/en\/sell-to-us\/gold\/\" \/>\n<meta property=\"og:site_name\" content=\"Canada Or - Ville de Qu\u00e9bec\" \/>\n<meta property=\"article:publisher\" content=\"https:\/\/www.facebook.com\/CanadaGoldBBB\" \/>\n<meta property=\"article:modified_time\" content=\"2026-03-24T21:09:50+00:00\" \/>\n<meta property=\"og:image\" content=\"https:\/\/quebecgold.ca\/wp-content\/uploads\/2026\/03\/Canada-Or-Ville-de-Quebec-Web-Logo-Gold-and-Navy.png\" \/>\n\t<meta property=\"og:image:width\" content=\"1000\" \/>\n\t<meta property=\"og:image:height\" content=\"225\" \/>\n\t<meta property=\"og:image:type\" content=\"image\/png\" \/>\n<meta name=\"twitter:card\" content=\"summary_large_image\" \/>\n<meta name=\"twitter:site\" content=\"@canadagoldbbb\" \/>\n<meta name=\"twitter:label1\" content=\"Est. reading time\" \/>\n\t<meta name=\"twitter:data1\" content=\"5 minutes\" \/>\n<script type=\"application\/ld+json\" class=\"yoast-schema-graph\">{\"@context\":\"https:\\\/\\\/schema.org\",\"@graph\":[{\"@type\":\"WebPage\",\"@id\":\"https:\\\/\\\/quebecgold.ca\\\/sell-to-us\\\/gold\\\/\",\"url\":\"https:\\\/\\\/quebecgold.ca\\\/sell-to-us\\\/gold\\\/\",\"name\":\"Vendre votre or - Canada Or - Ville de Qu\u00e9bec\",\"isPartOf\":{\"@id\":\"https:\\\/\\\/quebecgold.ca\\\/#website\"},\"datePublished\":\"2025-01-28T18:30:31+00:00\",\"dateModified\":\"2026-03-24T21:09:50+00:00\",\"description\":\"Avez-vous des lingots d\u2019or \u00e0 vendre ? Nous offrons le meilleur prix garanti pour les pi\u00e8ces, lingots et barres, avec une \u00e9valuation sans obligation.\",\"breadcrumb\":{\"@id\":\"https:\\\/\\\/quebecgold.ca\\\/sell-to-us\\\/gold\\\/#breadcrumb\"},\"inLanguage\":\"en-CA\",\"potentialAction\":[{\"@type\":\"ReadAction\",\"target\":[\"https:\\\/\\\/quebecgold.ca\\\/sell-to-us\\\/gold\\\/\"]}]},{\"@type\":\"BreadcrumbList\",\"@id\":\"https:\\\/\\\/quebecgold.ca\\\/sell-to-us\\\/gold\\\/#breadcrumb\",\"itemListElement\":[{\"@type\":\"ListItem\",\"position\":1,\"name\":\"Accueil\",\"item\":\"https:\\\/\\\/quebecgold.ca\\\/\"},{\"@type\":\"ListItem\",\"position\":2,\"name\":\"Vendez-nous\",\"item\":\"https:\\\/\\\/quebecgold.ca\\\/sell-to-us\\\/\"},{\"@type\":\"ListItem\",\"position\":3,\"name\":\"Vendre votre or\"}]},{\"@type\":\"WebSite\",\"@id\":\"https:\\\/\\\/quebecgold.ca\\\/#website\",\"url\":\"https:\\\/\\\/quebecgold.ca\\\/\",\"name\":\"Canada Or - Ville de Qu\u00e9bec\",\"description\":\"A Division of Canada Gold\",\"publisher\":{\"@id\":\"https:\\\/\\\/quebecgold.ca\\\/#organization\"},\"potentialAction\":[{\"@type\":\"SearchAction\",\"target\":{\"@type\":\"EntryPoint\",\"urlTemplate\":\"https:\\\/\\\/quebecgold.ca\\\/?s={search_term_string}\"},\"query-input\":{\"@type\":\"PropertyValueSpecification\",\"valueRequired\":true,\"valueName\":\"search_term_string\"}}],\"inLanguage\":\"en-CA\"},{\"@type\":\"Organization\",\"@id\":\"https:\\\/\\\/quebecgold.ca\\\/#organization\",\"name\":\"Canada Or\",\"url\":\"https:\\\/\\\/quebecgold.ca\\\/\",\"logo\":{\"@type\":\"ImageObject\",\"inLanguage\":\"en-CA\",\"@id\":\"https:\\\/\\\/quebecgold.ca\\\/#\\\/schema\\\/logo\\\/image\\\/\",\"url\":\"https:\\\/\\\/quebecgold.ca\\\/wp-content\\\/uploads\\\/2025\\\/01\\\/cropped-favicon.png\",\"contentUrl\":\"https:\\\/\\\/quebecgold.ca\\\/wp-content\\\/uploads\\\/2025\\\/01\\\/cropped-favicon.png\",\"width\":512,\"height\":512,\"caption\":\"Canada Or\"},\"image\":{\"@id\":\"https:\\\/\\\/quebecgold.ca\\\/#\\\/schema\\\/logo\\\/image\\\/\"},\"sameAs\":[\"https:\\\/\\\/www.facebook.com\\\/CanadaGoldBBB\",\"https:\\\/\\\/x.com\\\/canadagoldbbb\"]}]}<\/script>\n<!-- \/ Yoast SEO plugin. -->","yoast_head_json":{"title":"Sell your gold - CanadaGold","description":"Do you have gold bars to sell? We offer the best price guaranteed for coins, bars, and ingots, with a no-obligation appraisal.","robots":{"index":"index","follow":"follow","max-snippet":"max-snippet:-1","max-image-preview":"max-image-preview:large","max-video-preview":"max-video-preview:-1"},"canonical":"https:\/\/quebecgold.ca\/en\/sell-to-us\/gold\/","og_locale":"en_US","og_type":"article","og_title":"Vendre votre or - Canada Or - Ville de Qu\u00e9bec","og_description":"Avez-vous des lingots d\u2019or \u00e0 vendre ? Nous offrons le meilleur prix garanti pour les pi\u00e8ces, lingots et barres, avec une \u00e9valuation sans obligation.","og_url":"https:\/\/quebecgold.ca\/en\/sell-to-us\/gold\/","og_site_name":"Canada Or - Ville de Qu\u00e9bec","article_publisher":"https:\/\/www.facebook.com\/CanadaGoldBBB","article_modified_time":"2026-03-24T21:09:50+00:00","og_image":[{"width":1000,"height":225,"url":"https:\/\/quebecgold.ca\/wp-content\/uploads\/2026\/03\/Canada-Or-Ville-de-Quebec-Web-Logo-Gold-and-Navy.png","type":"image\/png"}],"twitter_card":"summary_large_image","twitter_site":"@canadagoldbbb","twitter_misc":{"Est. reading time":"5 minutes"},"schema":{"@context":"https:\/\/schema.org","@graph":[{"@type":"WebPage","@id":"https:\/\/quebecgold.ca\/sell-to-us\/gold\/","url":"https:\/\/quebecgold.ca\/sell-to-us\/gold\/","name":"Sell your gold - CanadaGold","isPartOf":{"@id":"https:\/\/quebecgold.ca\/#website"},"datePublished":"2025-01-28T18:30:31+00:00","dateModified":"2026-03-24T21:09:50+00:00","description":"Do you have gold bars to sell? We offer the best price guaranteed for coins, bars, and ingots, with a no-obligation appraisal.","breadcrumb":{"@id":"https:\/\/quebecgold.ca\/sell-to-us\/gold\/#breadcrumb"},"inLanguage":"en-CA","potentialAction":[{"@type":"ReadAction","target":["https:\/\/quebecgold.ca\/sell-to-us\/gold\/"]}]},{"@type":"BreadcrumbList","@id":"https:\/\/quebecgold.ca\/sell-to-us\/gold\/#breadcrumb","itemListElement":[{"@type":"ListItem","position":1,"name":"Accueil","item":"https:\/\/quebecgold.ca\/"},{"@type":"ListItem","position":2,"name":"Vendez-nous","item":"https:\/\/quebecgold.ca\/sell-to-us\/"},{"@type":"ListItem","position":3,"name":"Vendre votre or"}]},{"@type":"WebSite","@id":"https:\/\/quebecgold.ca\/#website","url":"https:\/\/quebecgold.ca\/","name":"CanadaGold","description":"A Division of Canada Gold","publisher":{"@id":"https:\/\/quebecgold.ca\/#organization"},"potentialAction":[{"@type":"SearchAction","target":{"@type":"EntryPoint","urlTemplate":"https:\/\/quebecgold.ca\/?s={search_term_string}"},"query-input":{"@type":"PropertyValueSpecification","valueRequired":true,"valueName":"search_term_string"}}],"inLanguage":"en-CA"},{"@type":"Organization","@id":"https:\/\/quebecgold.ca\/#organization","name":"Canada Gold","url":"https:\/\/quebecgold.ca\/","logo":{"@type":"ImageObject","inLanguage":"en-CA","@id":"https:\/\/quebecgold.ca\/#\/schema\/logo\/image\/","url":"https:\/\/quebecgold.ca\/wp-content\/uploads\/2025\/01\/cropped-favicon.png","contentUrl":"https:\/\/quebecgold.ca\/wp-content\/uploads\/2025\/01\/cropped-favicon.png","width":512,"height":512,"caption":"Canada Or"},"image":{"@id":"https:\/\/quebecgold.ca\/#\/schema\/logo\/image\/"},"sameAs":["https:\/\/www.facebook.com\/CanadaGoldBBB","https:\/\/x.com\/canadagoldbbb"]}]}},"_links":{"self":[{"href":"https:\/\/quebecgold.ca\/en\/wp-json\/wp\/v2\/pages\/71590","targetHints":{"allow":["GET"]}}],"collection":[{"href":"https:\/\/quebecgold.ca\/en\/wp-json\/wp\/v2\/pages"}],"about":[{"href":"https:\/\/quebecgold.ca\/en\/wp-json\/wp\/v2\/types\/page"}],"author":[{"embeddable":true,"href":"https:\/\/quebecgold.ca\/en\/wp-json\/wp\/v2\/users\/1"}],"replies":[{"embeddable":true,"href":"https:\/\/quebecgold.ca\/en\/wp-json\/wp\/v2\/comments?post=71590"}],"version-history":[{"count":0,"href":"https:\/\/quebecgold.ca\/en\/wp-json\/wp\/v2\/pages\/71590\/revisions"}],"up":[{"embeddable":true,"href":"https:\/\/quebecgold.ca\/en\/wp-json\/wp\/v2\/pages\/71260"}],"wp:attachment":[{"href":"https:\/\/quebecgold.ca\/en\/wp-json\/wp\/v2\/media?parent=71590"}],"curies":[{"name":"wp","href":"https:\/\/api.w.org\/{rel}","templated":true}]}}