{"id":71853,"date":"2025-02-18T14:56:01","date_gmt":"2025-02-18T14:56:01","guid":{"rendered":"https:\/\/vancouver25dev.wpenginepowered.com\/?page_id=71853"},"modified":"2026-03-24T17:05:41","modified_gmt":"2026-03-24T21:05:41","slug":"about-canada-or","status":"publish","type":"page","link":"https:\/\/quebecgold.ca\/en\/about-canada-or\/","title":{"rendered":"About Canada Gold"},"content":{"rendered":"<div class=\"et_pb_section_0 et_pb_section et_section_regular et_block_section\">\n<div class=\"et_pb_row_0 et_pb_row et_pb_equal_columns et_block_row\">\n<div class=\"et_pb_column_0 et_pb_column et_pb_column_4_4 et-last-child et_block_column et_pb_css_mix_blend_mode_passthrough\">\n<div class=\"et_pb_text_0 et_pb_text et_pb_bg_layout_light et_pb_module et_block_module preset--module--divi-text--default\"><div class=\"et_pb_text_inner\"><h1>\u00c0 propos de Canada Or - Ville de Qu\u00e9bec<\/h1>\n<\/div><\/div>\n<\/div>\n<\/div>\n<\/div>\n\n<div class=\"et_pb_section_1 et_pb_section et_section_regular et_block_section\">\n<div class=\"et_pb_row_1 et_pb_row et_block_row\">\n<div class=\"et_pb_column_1 et_pb_column et_pb_column_4_4 et-last-child et_block_column et_pb_css_mix_blend_mode_passthrough\">\n<div class=\"et_pb_text_1 et_pb_text et_pb_bg_layout_light et_pb_module et_block_module preset--module--divi-text--default\"><div class=\"et_pb_text_inner\"><div data-plaintext=\"true\" data-pm-slice=\"1 1 [&quot;codeblock&quot;,{&quot;style&quot;:null,&quot;codeblock&quot;:true,&quot;textAlign&quot;:null,&quot;syntaxLanguage&quot;:null,&quot;lineWrapping&quot;:false}]\" data-en-clipboard=\"true\"><span><span><a href=\"https:\/\/quebecgold.ca\/\">Accueil<\/a><\/span><\/span><\/div>\n<\/div><\/div>\n<\/div>\n<\/div>\n<\/div>\n\n<div class=\"et_pb_section_2 et_pb_section et_section_regular et_block_section\">\n<div class=\"et_pb_row_2 et_pb_row et_block_row\">\n<div class=\"et_pb_column_2 et_pb_column et_pb_column_2_5 et_block_column et_pb_css_mix_blend_mode_passthrough\">\n<div class=\"et_pb_text_2 et_pb_text et_pb_bg_layout_light et_pb_module et_block_module preset--module--divi-text--default\"><div class=\"et_pb_text_inner\"><h2>Pourquoi le Canada Or - Ville de Qu\u00e9bec?<\/h2>\n<p>Canada Or - Ville de Qu\u00e9bec a \u00e9t\u00e9 cr\u00e9\u00e9 il y a plus de dix ans pour rem\u00e9dier au manque d'options pour vendre de l'or. Conscients de la g\u00eane occasionn\u00e9e par les pr\u00eateurs sur gages ou les services de vente par correspondance, nous sommes donn\u00e9 pour mission d'offrir une alternative professionnelle et transparente.<\/p>\n<p>Nos recherches ont r\u00e9v\u00e9l\u00e9 des pratiques communes \u00e0 ces options, telles que la non-divulgation des prix, la r\u00e9tention d'informations et la r\u00e9alisation de transactions dans des lieux peu accueillants. Les Canadiens ne b\u00e9n\u00e9ficiaient pas de l'exp\u00e9rience ou de la valeur qu'ils m\u00e9ritaient pour leur or et leur argent.<\/p>\n<\/div><\/div>\n<\/div>\n\n<div class=\"et_pb_column_3 et_pb_column et_pb_column_3_5 et-last-child et_block_column et_pb_css_mix_blend_mode_passthrough\">\n<div class=\"et_pb_slider_0 et_pb_slider et_pb_slider_fullwidth_off et_pb_slider_no_arrows et_pb_slider_no_pagination et_slider_auto et_slider_auto_ignore_hover et_slider_speed_7000 et_pb_module et_block_module\"><div class=\"et_pb_slides\">\n<div class=\"et_pb_slide_0 et_pb_slide et_pb_slider_with_overlay et_pb_media_alignment_center et_pb_bg_layout_dark et_pb_text_align_center\" data-slide-id=\"divi\/slide-0\"><div class=\"et_pb_slide_overlay_container\"><\/div><div class=\"et_pb_container\"><div class=\"et_pb_slider_container_inner\"><div class=\"et_pb_slide_description\"><h2 class=\"et_pb_slide_title\">PROFESSIONNELS DE L'OR ET DE L'ARGENT<\/h2><\/div><\/div><\/div><\/div>\n\n<div class=\"et_pb_slide_1 et_pb_slide et_pb_slider_with_overlay et_pb_media_alignment_center et_pb_bg_layout_dark et_pb_text_align_center\" data-slide-id=\"divi\/slide-1\"><div class=\"et_pb_slide_overlay_container\"><\/div><div class=\"et_pb_container\"><div class=\"et_pb_slider_container_inner\"><div class=\"et_pb_slide_description\"><h2 class=\"et_pb_slide_title\">NOUS ACHETONS ET VENDONS DES LINGOTS D'OR<\/h2><\/div><\/div><\/div><\/div>\n\n<div class=\"et_pb_slide_2 et_pb_slide et_pb_slider_with_overlay et_pb_media_alignment_center et_pb_bg_layout_dark et_pb_text_align_center\" data-slide-id=\"divi\/slide-2\"><div class=\"et_pb_slide_overlay_container\"><\/div><div class=\"et_pb_container\"><div class=\"et_pb_slider_container_inner\"><div class=\"et_pb_slide_description\"><h2 class=\"et_pb_slide_title\">NOUS ACHETONS ET VENDONS DES BIJOUX<\/h2><\/div><\/div><\/div><\/div>\n\n<div class=\"et_pb_slide_3 et_pb_slide et_pb_slider_with_overlay et_pb_media_alignment_center et_pb_bg_layout_dark et_pb_text_align_center\" data-slide-id=\"divi\/slide-3\"><div class=\"et_pb_slide_overlay_container\"><\/div><div class=\"et_pb_container\"><div class=\"et_pb_slider_container_inner\"><div class=\"et_pb_slide_description\"><h2 class=\"et_pb_slide_title\">NOUS ACHETONS ET VENDONS DES PI\u00c8CES D'OR<\/h2><\/div><\/div><\/div><\/div>\n\n<div class=\"et_pb_slide_4 et_pb_slide et_pb_slider_with_overlay et_pb_media_alignment_center et_pb_bg_layout_dark et_pb_text_align_center\" data-slide-id=\"divi\/slide-4\"><div class=\"et_pb_slide_overlay_container\"><\/div><div class=\"et_pb_container\"><div class=\"et_pb_slider_container_inner\"><div class=\"et_pb_slide_description\"><h2 class=\"et_pb_slide_title\">NOUS ACHETONS ET VENDONS DES BARRES D'ARGENT<\/h2><\/div><\/div><\/div><\/div>\n\n<div class=\"et_pb_slide_5 et_pb_slide et_pb_slider_with_overlay et_pb_media_alignment_center et_pb_bg_layout_dark et_pb_text_align_center\" data-slide-id=\"divi\/slide-5\"><div class=\"et_pb_slide_overlay_container\"><\/div><div class=\"et_pb_container\"><div class=\"et_pb_slider_container_inner\"><div class=\"et_pb_slide_description\"><h2 class=\"et_pb_slide_title\">NOUS ACHETONS ET VENDONS DES PI\u00c8CES D'ARGENT<\/h2><\/div><\/div><\/div><\/div>\n\n<div class=\"et_pb_slide_6 et_pb_slide et_pb_slider_with_overlay et_pb_media_alignment_center et_pb_bg_layout_dark et_pb_text_align_center\" data-slide-id=\"divi\/slide-6\"><div class=\"et_pb_slide_overlay_container\"><\/div><div class=\"et_pb_container\"><div class=\"et_pb_slider_container_inner\"><div class=\"et_pb_slide_description\"><h2 class=\"et_pb_slide_title\">NOUS ACHETONS ET VENDONS DES MONTRES<\/h2><\/div><\/div><\/div><\/div>\n\n<div class=\"et_pb_slide_7 et_pb_slide et_pb_slider_with_overlay et_pb_media_alignment_center et_pb_bg_layout_dark et_pb_text_align_center\" data-slide-id=\"divi\/slide-7\"><div class=\"et_pb_slide_overlay_container\"><\/div><div class=\"et_pb_container\"><div class=\"et_pb_slider_container_inner\"><div class=\"et_pb_slide_description\"><h2 class=\"et_pb_slide_title\">NOUS ACHETONS ET VENDONS DES PI\u00c8CES DE MONNAIE<\/h2><\/div><\/div><\/div><\/div>\n\n<div class=\"et_pb_slide_8 et_pb_slide et_pb_slider_with_overlay et_pb_media_alignment_center et_pb_bg_layout_dark et_pb_text_align_center\" data-slide-id=\"divi\/slide-8\"><div class=\"et_pb_slide_overlay_container\"><\/div><div class=\"et_pb_container\"><div class=\"et_pb_slider_container_inner\"><div class=\"et_pb_slide_description\"><h2 class=\"et_pb_slide_title\">NOUS ACHETONS ET VENDONS DES COLLECTIONS DE BIENS IMMOBILIERS<\/h2><\/div><\/div><\/div><\/div>\n\n<div class=\"et_pb_slide_9 et_pb_slide et_pb_slider_with_overlay et_pb_media_alignment_center et_pb_bg_layout_dark et_pb_text_align_center\" data-slide-id=\"divi\/slide-9\"><div class=\"et_pb_slide_overlay_container\"><\/div><div class=\"et_pb_container\"><div class=\"et_pb_slider_container_inner\"><div class=\"et_pb_slide_description\"><h2 class=\"et_pb_slide_title\">NOUS ACHETONS ET VENDONS DE LA MONNAIE FIDUCIAIRE<\/h2><\/div><\/div><\/div><\/div>\n<\/div><\/div>\n<\/div>\n<\/div>\n\n<div class=\"et_pb_row_3 et_pb_row et_block_row\">\n<div class=\"et_pb_column_4 et_pb_column et_pb_column_4_4 et-last-child et_block_column et_pb_css_mix_blend_mode_passthrough\">\n<div class=\"et_pb_text_3 et_pb_text et_pb_bg_layout_light et_pb_module et_block_module preset--module--divi-text--default\"><div class=\"et_pb_text_inner\"><h3 id=\"trust-and-transparency\">Ce qui rend Canada Or - Ville de Qu\u00e9bec meilleur<\/h3>\n<p>Nous avons imagin\u00e9 une approche raffin\u00e9e caract\u00e9ris\u00e9e par le professionnalisme, la transparence et l'\u00e9ducation, que nous avons syst\u00e9matiquement introduite \u00e0 travers le Canada. Depuis sa cr\u00e9ation, Canada Or a servi des centaines de milliers de Canadiens dans tout le pays, s'imposant comme le principal acheteur d'or et d'argent sur tous les march\u00e9s o\u00f9 elle op\u00e8re, atteignant plus de 5% de la population adulte canadienne par le biais de ses initiatives \u00e9ducatives. La majeure partie de notre chiffre d'affaires provient de clients satisfaits et de recommandations.<\/p>\n<\/div><\/div>\n\n\n<div class=\"et_pb_module et_d4_element et_pb_image et_pb_image_0\">\n\t\t\t\t\n\t\t\t\t\n\t\t\t\t\n\t\t\t\t\n\t\t\t\t<span class=\"et_pb_image_wrap \"><img loading=\"lazy\" decoding=\"async\" width=\"573\" height=\"612\" src=\"https:\/\/quebecgold.ca\/wp-content\/uploads\/2026\/03\/CanadaOr-Quebec-City.jpg\" alt=\"Canada Or Quebec\" title=\"Canada Or - Ville de Qu\u00e9bec-Quebec-City\" srcset=\"https:\/\/quebecgold.ca\/wp-content\/uploads\/2026\/03\/CanadaOr-Quebec-City.jpg 573w, https:\/\/quebecgold.ca\/wp-content\/uploads\/2026\/03\/CanadaOr-Quebec-City-480x513.jpg 480w\" sizes=\"(min-width: 0px) and (max-width: 480px) 480px, (min-width: 481px) 573px, 100vw\" class=\"wp-image-75518\" \/><\/span>\n\t\t\t<\/div>\n\n\n<div class=\"et_pb_text_4 et_pb_text et_pb_bg_layout_light et_pb_module et_block_module preset--module--divi-text--default\"><div class=\"et_pb_text_inner\"><h3 id=\"best-price-and-expert-appraisals\">Notre exp\u00e9rience raffin\u00e9e comprend<\/h3>\n<ul>\n<li>Une atmosph\u00e8re professionnelle et moderne en magasin, garantissant la s\u00e9curit\u00e9, la confidentialit\u00e9 et le confort.<\/li>\n<li>Un personnel comp\u00e9tent et un \u00e9quipement pr\u00e9cis pour garantir l'exactitude des donn\u00e9es<\/li>\n<li>Des moments \u00e9ducatifs dans chaque transaction, permettant aux clients d'obtenir des informations sur leurs articles.<\/li>\n<li>Transparence des prix et des proc\u00e9dures, tant en ligne qu'en magasin<\/li>\n<li>Un mod\u00e8le de tarification \u00e9quitable qui donne la priorit\u00e9 \u00e0 la maximisation des b\u00e9n\u00e9fices pour les Canadiens<\/li>\n<li>Un service coh\u00e9rent et courtois<\/li>\n<li>Esprit d'entreprise, recherche constante de moyens innovants pour mieux servir les Canadiens.<\/li>\n<li>100% Propri\u00e9t\u00e9 et partenariats canadiens<\/li>\n<li>Services dans les deux langues nationales<\/li>\n<\/ul>\n<p>Conform\u00e9ment \u00e0 notre engagement en mati\u00e8re de pratiques commerciales \u00e9thiques, chaque \u00e9tablissement de Canada Gold (y compris Canada Or) est inscrit au Better Business Bureau pour des raisons de transparence et de responsabilit\u00e9. Notre mission est de vous offrir un moyen simple, honn\u00eate et transparent d'optimiser le rendement de vos m\u00e9taux pr\u00e9cieux.<\/p>\n<p>\u00a0<\/p>\n<\/div><\/div>\n\n<div class=\"et_pb_code_0 et_pb_code et_pb_module\"><div class=\"et_pb_code_inner\"><style>\n.et_pb_image_0 p.pac_dih__caption {\n    color: #000000;\n    font-size: 16px;\n    line-height: 1.2em;\n    text-align: left;\n    padding-top: 5px;\n}\n<\/style><\/div><\/div>\n<\/div>\n<\/div>\n<\/div>","protected":false},"excerpt":{"rendered":"","protected":false},"author":1,"featured_media":0,"parent":0,"menu_order":0,"comment_status":"closed","ping_status":"closed","template":"","meta":{"_acf_changed":false,"_et_pb_use_builder":"on","_et_pb_old_content":"","_et_gb_content_width":"","footnotes":""},"class_list":["post-71853","page","type-page","status-publish","hentry"],"acf":[],"yoast_head":"<!-- This site is optimized with the Yoast SEO plugin v27.5 - https:\/\/yoast.com\/product\/yoast-seo-wordpress\/ -->\n<title>Meilleur endroit pour acheter et vendre de l\u2019or - Canada Or - Ville de Qu\u00e9bec<\/title>\n<meta name=\"description\" content=\"D\u00e9couvrez Canada Or et ce qui fait de nos succursales \u00e0 travers le pays les meilleurs endroits pour acheter et vendre de l\u2019or.\" \/>\n<meta name=\"robots\" content=\"index, follow, max-snippet:-1, max-image-preview:large, max-video-preview:-1\" \/>\n<link rel=\"canonical\" href=\"https:\/\/quebecgold.ca\/en\/about-canada-or\/\" \/>\n<meta property=\"og:locale\" content=\"en_US\" \/>\n<meta property=\"og:type\" content=\"article\" \/>\n<meta property=\"og:title\" content=\"Meilleur endroit pour acheter et vendre de l\u2019or - Canada Or - Ville de Qu\u00e9bec\" \/>\n<meta property=\"og:description\" content=\"D\u00e9couvrez Canada Or et ce qui fait de nos succursales \u00e0 travers le pays les meilleurs endroits pour acheter et vendre de l\u2019or.\" \/>\n<meta property=\"og:url\" content=\"https:\/\/quebecgold.ca\/en\/about-canada-or\/\" \/>\n<meta property=\"og:site_name\" content=\"Canada Or - Ville de Qu\u00e9bec\" \/>\n<meta property=\"article:publisher\" content=\"https:\/\/www.facebook.com\/CanadaGoldBBB\" \/>\n<meta property=\"article:modified_time\" content=\"2026-03-24T21:05:41+00:00\" \/>\n<meta property=\"og:image\" content=\"https:\/\/quebecgold.ca\/wp-content\/uploads\/2026\/03\/Canada-Or-Ville-de-Quebec-Web-Logo-Gold-and-Navy.png\" \/>\n\t<meta property=\"og:image:width\" content=\"1000\" \/>\n\t<meta property=\"og:image:height\" content=\"225\" \/>\n\t<meta property=\"og:image:type\" content=\"image\/png\" \/>\n<meta name=\"twitter:card\" content=\"summary_large_image\" \/>\n<meta name=\"twitter:site\" content=\"@canadagoldbbb\" \/>\n<meta name=\"twitter:label1\" content=\"Est. reading time\" \/>\n\t<meta name=\"twitter:data1\" content=\"3 minutes\" \/>\n<script type=\"application\/ld+json\" class=\"yoast-schema-graph\">{\"@context\":\"https:\\\/\\\/schema.org\",\"@graph\":[{\"@type\":\"WebPage\",\"@id\":\"https:\\\/\\\/quebecgold.ca\\\/about-canada-or\\\/\",\"url\":\"https:\\\/\\\/quebecgold.ca\\\/about-canada-or\\\/\",\"name\":\"Meilleur endroit pour acheter et vendre de l\u2019or - Canada Or - Ville de Qu\u00e9bec\",\"isPartOf\":{\"@id\":\"https:\\\/\\\/quebecgold.ca\\\/#website\"},\"datePublished\":\"2025-02-18T14:56:01+00:00\",\"dateModified\":\"2026-03-24T21:05:41+00:00\",\"description\":\"D\u00e9couvrez Canada Or et ce qui fait de nos succursales \u00e0 travers le pays les meilleurs endroits pour acheter et vendre de l\u2019or.\",\"breadcrumb\":{\"@id\":\"https:\\\/\\\/quebecgold.ca\\\/about-canada-or\\\/#breadcrumb\"},\"inLanguage\":\"en-CA\",\"potentialAction\":[{\"@type\":\"ReadAction\",\"target\":[\"https:\\\/\\\/quebecgold.ca\\\/about-canada-or\\\/\"]}]},{\"@type\":\"BreadcrumbList\",\"@id\":\"https:\\\/\\\/quebecgold.ca\\\/about-canada-or\\\/#breadcrumb\",\"itemListElement\":[{\"@type\":\"ListItem\",\"position\":1,\"name\":\"Accueil\",\"item\":\"https:\\\/\\\/quebecgold.ca\\\/\"},{\"@type\":\"ListItem\",\"position\":2,\"name\":\"\u00c0 propos de Canada Or\"}]},{\"@type\":\"WebSite\",\"@id\":\"https:\\\/\\\/quebecgold.ca\\\/#website\",\"url\":\"https:\\\/\\\/quebecgold.ca\\\/\",\"name\":\"Canada Or - Ville de Qu\u00e9bec\",\"description\":\"A Division of Canada Gold\",\"publisher\":{\"@id\":\"https:\\\/\\\/quebecgold.ca\\\/#organization\"},\"potentialAction\":[{\"@type\":\"SearchAction\",\"target\":{\"@type\":\"EntryPoint\",\"urlTemplate\":\"https:\\\/\\\/quebecgold.ca\\\/?s={search_term_string}\"},\"query-input\":{\"@type\":\"PropertyValueSpecification\",\"valueRequired\":true,\"valueName\":\"search_term_string\"}}],\"inLanguage\":\"en-CA\"},{\"@type\":\"Organization\",\"@id\":\"https:\\\/\\\/quebecgold.ca\\\/#organization\",\"name\":\"Canada Or\",\"url\":\"https:\\\/\\\/quebecgold.ca\\\/\",\"logo\":{\"@type\":\"ImageObject\",\"inLanguage\":\"en-CA\",\"@id\":\"https:\\\/\\\/quebecgold.ca\\\/#\\\/schema\\\/logo\\\/image\\\/\",\"url\":\"https:\\\/\\\/quebecgold.ca\\\/wp-content\\\/uploads\\\/2025\\\/01\\\/cropped-favicon.png\",\"contentUrl\":\"https:\\\/\\\/quebecgold.ca\\\/wp-content\\\/uploads\\\/2025\\\/01\\\/cropped-favicon.png\",\"width\":512,\"height\":512,\"caption\":\"Canada Or\"},\"image\":{\"@id\":\"https:\\\/\\\/quebecgold.ca\\\/#\\\/schema\\\/logo\\\/image\\\/\"},\"sameAs\":[\"https:\\\/\\\/www.facebook.com\\\/CanadaGoldBBB\",\"https:\\\/\\\/x.com\\\/canadagoldbbb\"]}]}<\/script>\n<!-- \/ Yoast SEO plugin. -->","yoast_head_json":{"title":"Best place to buy and sell gold - CanadaGold","description":"Discover Canada Gold and what makes our locations across the country the best places to buy and sell gold.","robots":{"index":"index","follow":"follow","max-snippet":"max-snippet:-1","max-image-preview":"max-image-preview:large","max-video-preview":"max-video-preview:-1"},"canonical":"https:\/\/quebecgold.ca\/en\/about-canada-or\/","og_locale":"en_US","og_type":"article","og_title":"Meilleur endroit pour acheter et vendre de l\u2019or - Canada Or - Ville de Qu\u00e9bec","og_description":"D\u00e9couvrez Canada Or et ce qui fait de nos succursales \u00e0 travers le pays les meilleurs endroits pour acheter et vendre de l\u2019or.","og_url":"https:\/\/quebecgold.ca\/en\/about-canada-or\/","og_site_name":"Canada Or - Ville de Qu\u00e9bec","article_publisher":"https:\/\/www.facebook.com\/CanadaGoldBBB","article_modified_time":"2026-03-24T21:05:41+00:00","og_image":[{"width":1000,"height":225,"url":"https:\/\/quebecgold.ca\/wp-content\/uploads\/2026\/03\/Canada-Or-Ville-de-Quebec-Web-Logo-Gold-and-Navy.png","type":"image\/png"}],"twitter_card":"summary_large_image","twitter_site":"@canadagoldbbb","twitter_misc":{"Est. reading time":"3 minutes"},"schema":{"@context":"https:\/\/schema.org","@graph":[{"@type":"WebPage","@id":"https:\/\/quebecgold.ca\/about-canada-or\/","url":"https:\/\/quebecgold.ca\/about-canada-or\/","name":"Best place to buy and sell gold - CanadaGold","isPartOf":{"@id":"https:\/\/quebecgold.ca\/#website"},"datePublished":"2025-02-18T14:56:01+00:00","dateModified":"2026-03-24T21:05:41+00:00","description":"Discover Canada Gold and what makes our locations across the country the best places to buy and sell gold.","breadcrumb":{"@id":"https:\/\/quebecgold.ca\/about-canada-or\/#breadcrumb"},"inLanguage":"en-CA","potentialAction":[{"@type":"ReadAction","target":["https:\/\/quebecgold.ca\/about-canada-or\/"]}]},{"@type":"BreadcrumbList","@id":"https:\/\/quebecgold.ca\/about-canada-or\/#breadcrumb","itemListElement":[{"@type":"ListItem","position":1,"name":"Accueil","item":"https:\/\/quebecgold.ca\/"},{"@type":"ListItem","position":2,"name":"\u00c0 propos de Canada Or"}]},{"@type":"WebSite","@id":"https:\/\/quebecgold.ca\/#website","url":"https:\/\/quebecgold.ca\/","name":"CanadaGold","description":"A Division of Canada Gold","publisher":{"@id":"https:\/\/quebecgold.ca\/#organization"},"potentialAction":[{"@type":"SearchAction","target":{"@type":"EntryPoint","urlTemplate":"https:\/\/quebecgold.ca\/?s={search_term_string}"},"query-input":{"@type":"PropertyValueSpecification","valueRequired":true,"valueName":"search_term_string"}}],"inLanguage":"en-CA"},{"@type":"Organization","@id":"https:\/\/quebecgold.ca\/#organization","name":"Canada Gold","url":"https:\/\/quebecgold.ca\/","logo":{"@type":"ImageObject","inLanguage":"en-CA","@id":"https:\/\/quebecgold.ca\/#\/schema\/logo\/image\/","url":"https:\/\/quebecgold.ca\/wp-content\/uploads\/2025\/01\/cropped-favicon.png","contentUrl":"https:\/\/quebecgold.ca\/wp-content\/uploads\/2025\/01\/cropped-favicon.png","width":512,"height":512,"caption":"Canada Or"},"image":{"@id":"https:\/\/quebecgold.ca\/#\/schema\/logo\/image\/"},"sameAs":["https:\/\/www.facebook.com\/CanadaGoldBBB","https:\/\/x.com\/canadagoldbbb"]}]}},"_links":{"self":[{"href":"https:\/\/quebecgold.ca\/en\/wp-json\/wp\/v2\/pages\/71853","targetHints":{"allow":["GET"]}}],"collection":[{"href":"https:\/\/quebecgold.ca\/en\/wp-json\/wp\/v2\/pages"}],"about":[{"href":"https:\/\/quebecgold.ca\/en\/wp-json\/wp\/v2\/types\/page"}],"author":[{"embeddable":true,"href":"https:\/\/quebecgold.ca\/en\/wp-json\/wp\/v2\/users\/1"}],"replies":[{"embeddable":true,"href":"https:\/\/quebecgold.ca\/en\/wp-json\/wp\/v2\/comments?post=71853"}],"version-history":[{"count":0,"href":"https:\/\/quebecgold.ca\/en\/wp-json\/wp\/v2\/pages\/71853\/revisions"}],"wp:attachment":[{"href":"https:\/\/quebecgold.ca\/en\/wp-json\/wp\/v2\/media?parent=71853"}],"curies":[{"name":"wp","href":"https:\/\/api.w.org\/{rel}","templated":true}]}}