{"id":72582,"date":"2025-02-28T16:51:59","date_gmt":"2025-02-28T16:51:59","guid":{"rendered":"https:\/\/vancouver25dev.wpenginepowered.com\/?page_id=72582"},"modified":"2026-04-16T12:02:33","modified_gmt":"2026-04-16T16:02:33","slug":"payment","status":"publish","type":"page","link":"https:\/\/quebecgold.ca\/en\/buy-from-us\/payment\/","title":{"rendered":"Accepted payment methods"},"content":{"rendered":"<div class=\"et_pb_section_0 et_pb_section et_section_regular et_block_section\">\n<div class=\"et_pb_row_0 et_pb_row et_pb_equal_columns et_block_row\">\n<div class=\"et_pb_column_0 et_pb_column et_pb_column_4_4 et-last-child et_block_column et_pb_css_mix_blend_mode_passthrough\">\n<div class=\"et_pb_text_0 et_pb_text et_pb_bg_layout_light et_pb_module et_block_module preset--module--divi-text--default\"><div class=\"et_pb_text_inner\"><h1>Modes de paiement accept\u00e9s<\/h1>\n<\/div><\/div>\n<\/div>\n<\/div>\n<\/div>\n\n<div class=\"et_pb_section_1 et_pb_section et_section_regular et_block_section\">\n<div class=\"et_pb_row_1 et_pb_row et_block_row\">\n<div class=\"et_pb_column_1 et_pb_column et_pb_column_4_4 et-last-child et_block_column et_pb_css_mix_blend_mode_passthrough\">\n<div class=\"et_pb_text_1 et_pb_text et_pb_bg_layout_light et_pb_module et_block_module preset--module--divi-text--default\"><div class=\"et_pb_text_inner\"><div data-plaintext=\"true\" data-pm-slice=\"1 1 [&quot;codeblock&quot;,{&quot;style&quot;:null,&quot;codeblock&quot;:true,&quot;textAlign&quot;:null,&quot;syntaxLanguage&quot;:null,&quot;lineWrapping&quot;:false}]\" data-en-clipboard=\"true\"><span><span><a href=\"https:\/\/quebecgold.ca\/\">Accueil<\/a><\/span><\/span><\/div>\n<\/div><\/div>\n<\/div>\n<\/div>\n<\/div>\n\n<div class=\"et_pb_section_2 et_pb_section et_section_regular et_block_section\">\n<div class=\"et_pb_row_2 et_pb_row et_block_row\">\n<div class=\"et_pb_column_2 et_pb_column et_pb_column_4_4 et-last-child et_block_column et_pb_css_mix_blend_mode_passthrough\">\n<div class=\"et_pb_text_2 et_pb_text et_pb_bg_layout_light et_pb_module et_block_module preset--module--divi-text--default\"><div class=\"et_pb_text_inner\"><h2>Modes de paiement accept\u00e9s pour les produits d\u2019investissement en m\u00e9taux pr\u00e9cieux<\/h2>\n<\/div><\/div>\n<\/div>\n<\/div>\n\n<div class=\"et_pb_row_3 et_pb_row et_block_row\">\n<div class=\"et_pb_column_3 et_pb_column et_pb_column_4_4 et-last-child et_block_column et_pb_css_mix_blend_mode_passthrough\">\n<div class=\"et_pb_text_3 et_pb_text et_pb_bg_layout_light et_pb_module et_block_module preset--module--divi-text--default\"><div class=\"et_pb_text_inner\"><p>Lorsque vous achetez des lingots chez Canada Or - Ville de Qu\u00e9bec ou dans n'importe quelle succursale de Canada Or \u00e0 travers le pays, vous pouvez payer de plusieurs fa\u00e7ons.<\/p>\n<p>Veuillez nous appeler avant d\u2019effectuer un paiement pour une commande en ligne afin de recevoir un num\u00e9ro de commande unique et de confirmer votre total.<\/p>\n<\/div><\/div>\n<\/div>\n<\/div>\n\n<div class=\"et_pb_row_4 et_pb_row et_block_row\">\n<div class=\"et_pb_column_4 et_pb_column et_pb_column_4_4 et-last-child et_block_column et_pb_css_mix_blend_mode_passthrough\">\n<div class=\"et_pb_text_4 et_pb_text et_pb_bg_layout_light et_pb_module et_block_module preset--module--divi-text--default\"><div class=\"et_pb_text_inner\"><h3>1. Cartes de d\u00e9bit de banques canadiennes ou de coop\u00e9ratives de cr\u00e9dit (pas de cartes de cr\u00e9dit)<\/h3>\n<ul>\n<li>Payez en magasin au moment de l'achat.<\/li>\n<li>Les limites des cartes de d\u00e9bit sont g\u00e9n\u00e9ralement comprises entre <strong>$300 et $10 000<\/strong>. Veuillez v\u00e9rifier aupr\u00e8s de votre banque si vous avez besoin d'une augmentation de limite pour des transactions plus importantes.<\/li>\n<li>Acc\u00e9dez instantan\u00e9ment \u00e0 vos lingots d\u00e8s le paiement.<\/li>\n<\/ul>\n<h3>2. Argent liquide<\/h3>\n<p><strong>Toutes les transactions sont soumises aux r\u00e8gles et r\u00e9glementations de notre r\u00e9gime de conformit\u00e9, en vertu de la loi sur le recyclage des produits de la criminalit\u00e9 (blanchiment d'argent) et le financement du terrorisme (PCMLTFA).<\/strong><\/p>\n<ul>\n<li>Pour les paiements en esp\u00e8ces <strong>sup\u00e9rieurs \u00e0 $5 000<\/strong>, Une pi\u00e8ce d'identit\u00e9 valide est requise et l'approbation d'un responsable de magasin peut \u00eatre n\u00e9cessaire.<\/li>\n<li>Seuls les billets canadiens modernes en polym\u00e8re, qui comportent une bande verticale transparente, sont accept\u00e9s. Notre personnel peut accepter jusqu'\u00e0 $1 000 billets canadiens plus anciens, \u00e0 la discr\u00e9tion du gestionnaire.<\/li>\n<li>Vos lingots peuvent \u00eatre r\u00e9cup\u00e9r\u00e9s imm\u00e9diatement.<\/li>\n<\/ul>\n<h3>3. Traite bancaire<\/h3>\n<ul>\n<li>Une pi\u00e8ce d\u2019identit\u00e9 valide \u00e9mise par le gouvernement est requise au moment de la cueillette, pour votre s\u00e9curit\u00e9 et afin de pr\u00e9venir la fraude de paiement.<\/li>\n<li>Veuillez appeler ou visiter votre bureau local de Canada Gold pour confirmer l'inventaire et les montants exacts avant de proc\u00e9der au paiement.<\/li>\n<li>La traite doit \u00eatre libell\u00e9e \u00e0 l'ordre de <strong>\"Canada Gold\"<\/strong>.<\/li>\n<li>Veillez \u00e0 ce que les montants soient exacts. Nous ne rendons pas la monnaie sur les traites bancaires.<\/li>\n<li>Nous n'acceptons que les traites bancaires provenant de banques et de soci\u00e9t\u00e9s fiduciaires canadiennes.<\/li>\n<li>Pr\u00e9senter la traite bancaire au bureau Canada Gold le jour m\u00eame o\u00f9 elle est dat\u00e9e.<\/li>\n<li>Fournissez votre ID et votre num\u00e9ro de t\u00e9l\u00e9phone au moment du paiement.<\/li>\n<li>Vos lingots pourront \u00eatre r\u00e9cup\u00e9r\u00e9s apr\u00e8s un d\u00e9lai de traitement de <strong>5 \u00e0 10 jours ouvrables<\/strong>.<\/li>\n<\/ul>\n<h3>4. Virement bancaire<\/h3>\n<ul>\n<li>Une pi\u00e8ce d\u2019identit\u00e9 valide \u00e9mise par le gouvernement est requise au moment de la cueillette, pour votre s\u00e9curit\u00e9 et afin de pr\u00e9venir la fraude de paiement.<\/li>\n<li>Recommand\u00e9 pour les achats sup\u00e9rieurs \u00e0 $25 000.<\/li>\n<li>Veuillez appeler ou visiter votre bureau local de Canada Gold pour recevoir un num\u00e9ro de facture, confirmer l'inventaire et les montants exacts avant de proc\u00e9der au paiement. Indiquez votre nom complet et votre num\u00e9ro de t\u00e9l\u00e9phone \u00e0 ce moment-l\u00e0.<\/li>\n<li><strong>D\u00e9tails :<br \/>Nom de la banque:<\/strong> TD Canada Trust<br \/><strong>Adresse de la banque:<\/strong> 1270 Stittsville Main Street, Stittsville, ON, K2S 2A9<br \/><strong>Code SWIFT:<\/strong> TDOMCATTTOR<br \/><strong>Nom du b\u00e9n\u00e9ficiaire:<\/strong> 7645635 Canada Inc.<br \/><strong>Adresse du b\u00e9n\u00e9ficiaire:<\/strong> 10355 Yonge Street, Richmond Hill, ON, L4C 3C1<br \/><strong>Num\u00e9ro d'institution:<\/strong> 004<br \/><strong>Num\u00e9ro de compte:<\/strong> 5029733<br \/><strong>Num\u00e9ro de branche:<\/strong> 32816<br \/><strong>Monnaie:<\/strong> CAD<\/li>\n<li>Veuillez indiquer le num\u00e9ro de la facture dans la section m\u00e9mo du virement.<\/li>\n<li>Une fois le paiement confirm\u00e9 (g\u00e9n\u00e9ralement 1-4 jours ouvrables), vos lingots vous seront remis imm\u00e9diatement. Veuillez noter que les d\u00e9lais de traitement peuvent varier en fonction de votre institution financi\u00e8re.<\/li>\n<\/ul>\n<\/div><\/div>\n\n<div class=\"et_pb_accordion_0 et_pb_accordion et_pb_module et_flex_module preset--module--divi-accordion--default\">\n<div class=\"et_pb_accordion_item_0 et_pb_accordion_item et_pb_toggle et_pb_module et_pb_toggle_open et_flex_module preset--module--divi-accordion-item--default\"><h2 class=\"et_pb_toggle_title\">Virement bancaire<\/h2><div class=\"et_pb_toggle_content et_flex_module\"><ul>\n<li>Une<span>\u00a0<\/span><strong>pi\u00e8ce d\u2019identit\u00e9 valide \u00e9mise par le gouvernement<\/strong><span>\u00a0<\/span>est requise au moment de la cueillette, pour votre s\u00e9curit\u00e9 et afin de pr\u00e9venir la fraude de paiement.<\/li>\n<li>Recommand\u00e9 pour les achats sup\u00e9rieurs \u00e0 25 000 $.<\/li>\n<li>Veuillez appeler ou visiter votre bureau local de Canada Or pour recevoir un num\u00e9ro de facture, confirmer l\u2019inventaire et les montants exacts avant de proc\u00e9der au paiement. Indiquez votre nom complet et votre num\u00e9ro de t\u00e9l\u00e9phone \u00e0 ce moment-l\u00e0.<\/li>\n<li><strong>D\u00e9tails du virement bancaire :<\/strong>\n<ul>\n<li><strong>Nom de la banque :<\/strong><span>\u00a0<\/span>TD Canada Trust<\/li>\n<li><strong>Adresse de la banque :<\/strong><span>\u00a0<\/span>1270 Stittsville Main Street, Stittsville, ON, K2S 2A9<\/li>\n<li><strong>Code SWIFT :<\/strong><span>\u00a0<\/span>TDOMCATTTOR<\/li>\n<li><strong>Nom du b\u00e9n\u00e9ficiaire :<\/strong><span>\u00a0<\/span>7645635 Canada Inc.<\/li>\n<li><strong>Adresse du b\u00e9n\u00e9ficiaire :<\/strong><span>\u00a0<\/span>10355 Yonge Street, Richmond Hill, ON, L4C 3C1<\/li>\n<li><strong>Num\u00e9ro d\u2019institution :<\/strong><span>\u00a0<\/span>004<\/li>\n<li><strong>Num\u00e9ro de compte :<\/strong><span>\u00a0<\/span>5029733<\/li>\n<li><strong>Num\u00e9ro de branche :<\/strong><span>\u00a0<\/span>32816<\/li>\n<li><strong>Monnaie :<\/strong><span>\u00a0<\/span>CAD<\/li>\n<\/ul>\n<\/li>\n<li>Veuillez indiquer le num\u00e9ro de la facture dans la section m\u00e9mo du virement.<\/li>\n<li>Une fois le paiement confirm\u00e9 (g\u00e9n\u00e9ralement<strong><span>\u00a0<\/span>1-4 jours ouvrables<\/strong>), vos lingots vous seront remis imm\u00e9diatement. Veuillez noter que les d\u00e9lais de traitement peuvent varier en fonction de votre institution financi\u00e8re.<\/li>\n<\/ul>\n<\/div><\/div>\n\n<div class=\"et_pb_accordion_item_1 et_pb_accordion_item et_pb_toggle et_pb_module et_pb_toggle_close et_flex_module preset--module--divi-accordion-item--default\"><h2 class=\"et_pb_toggle_title\">Cartes de d\u00e9bit \u00e9mises par des banques ou des caisses populaires canadiennes (aucune carte de cr\u00e9dit)<\/h2><div class=\"et_pb_toggle_content et_flex_module\"><ul>\n<li aria-level=\"1\"><span>Payez en magasin au moment de l\u2019achat.<\/span><\/li>\n<li><span style=\"font-weight: 400;\">Pour les paiements de plus de <\/span><strong>5 000 $<\/strong><span style=\"font-weight: 400;\">, <\/span><strong>une pi\u00e8ce d\u2019identit\u00e9 valide \u00e9mise par le gouvernement<\/strong><span style=\"font-weight: 400;\"> est requise pour votre s\u00e9curit\u00e9 et afin de pr\u00e9venir la fraude de paiement.<\/span><span><\/span><\/li>\n<li aria-level=\"1\"><span>Les limites habituelles des cartes de d\u00e9bit varient entre\u00a0<strong>1 0<\/strong><strong>00 $ et 10 000 $<\/strong>. Veuillez v\u00e9rifier aupr\u00e8s de votre institution financi\u00e8re si vous avez besoin d\u2019une augmentation de limite pour des transactions plus importantes.<\/span><\/li>\n<li aria-level=\"1\"><span>Obtenez\u00a0<strong>un acc\u00e8s imm\u00e9diat<\/strong>\u00a0\u00e0 vos lingots apr\u00e8s le paiement.<\/span><\/li>\n<\/ul>\n<\/div><\/div>\n\n<div class=\"et_pb_accordion_item_2 et_pb_accordion_item et_pb_toggle et_pb_module et_pb_toggle_close et_flex_module preset--module--divi-accordion-item--default\"><h2 class=\"et_pb_toggle_title\">Traite bancaire<\/h2><div class=\"et_pb_toggle_content et_flex_module\"><ul>\n<li aria-level=\"1\"><span>Une\u00a0<strong>pi\u00e8ce d\u2019identit\u00e9 valide \u00e9mise par le gouvernement<\/strong>\u00a0est requise au moment de la cueillette, pour votre s\u00e9curit\u00e9 et afin de pr\u00e9venir la fraude de paiement.<\/span><\/li>\n<li aria-level=\"1\"><span>Veuillez appeler ou visiter votre succursale Canada Or locale afin de confirmer la disponibilit\u00e9 des stocks et les montants exacts avant d\u2019effectuer le paiement.<\/span><\/li>\n<li aria-level=\"1\"><span>La traite doit \u00eatre libell\u00e9e \u00e0 l\u2019ordre de\u00a0<\/span><b>\u00ab Canada Gold \u00bb<\/b><span>.<\/span><\/li>\n<li aria-level=\"1\"><span>Veuillez vous assurer que le montant est exact. Nous ne rendons pas la monnaie.<\/span><\/li>\n<li aria-level=\"1\"><span>Nous acceptons uniquement les traites bancaires \u00e9mises par des banques et des soci\u00e9t\u00e9s de fiducie canadiennes.<\/span><\/li>\n<li aria-level=\"1\"><span>Pr\u00e9sentez la traite bancaire \u00e0 la succursale Canada Or\u00a0<strong>le jour m\u00eame<\/strong>\u00a0de sa date d\u2019\u00e9mission.<\/span><\/li>\n<li aria-level=\"1\"><span>Veuillez fournir une pi\u00e8ce d\u2019identit\u00e9 et votre num\u00e9ro de t\u00e9l\u00e9phone au moment du paiement.<\/span><\/li>\n<li aria-level=\"1\">Vos lingots seront disponibles apr\u00e8s une p\u00e9riode de compensation de<span>\u00a0<\/span><b>5 \u00e0 10 jours ouvrables<\/b><span>.<\/span><\/li>\n<\/ul>\n<\/div><\/div>\n\n<div class=\"et_pb_accordion_item_3 et_pb_accordion_item et_pb_toggle et_pb_module et_pb_toggle_close et_flex_module preset--module--divi-accordion-item--default\"><h2 class=\"et_pb_toggle_title\">Argent comptant<\/h2><div class=\"et_pb_toggle_content et_flex_module\"><p><strong>Toutes les transactions sont assujetties aux r\u00e8gles et aux exigences de notre programme de conformit\u00e9, conform\u00e9ment \u00e0 la Loi sur le recyclage des produits de la criminalit\u00e9 et le financement des activit\u00e9s terroristes (LRPCFAT).<\/strong><\/p>\n<p><b><\/b><\/p>\n<ul>\n<li aria-level=\"1\"><span>Notre limite habituelle de paiement en esp\u00e8ces\u00a0<strong>est de 5 000 $<\/strong>. Pour les paiements en argent comptant\u00a0<\/span>de plus de 5 000 $<span>,\u00a0<strong>une pi\u00e8ce d\u2019identit\u00e9 valide<\/strong>\u00a0est requise et l\u2019approbation d\u2019un g\u00e9rant de succursale peut \u00eatre n\u00e9cessaire.<\/span><\/li>\n<li aria-level=\"1\"><span>Seuls les billets polym\u00e8res canadiens r\u00e9cents, comportant une bande verticale transparente, sont accept\u00e9s. \u00c0 la discr\u00e9tion du g\u00e9rant, notre personnel peut accepter jusqu\u2019\u00e0 1 000 $ en anciens billets canadiens.<\/span><\/li>\n<li aria-level=\"1\"><span>Vos lingots sont disponibles\u00a0<strong>imm\u00e9diatement<\/strong>.<\/span><\/li>\n<\/ul>\n<\/div><\/div>\n<\/div>\n\n<div class=\"et_pb_text_5 et_pb_text et_pb_bg_layout_light et_pb_module et_block_module preset--module--divi-text--default\"><div class=\"et_pb_text_inner\"><h3 style=\"text-align: center;\">*Notes importantes*<\/h3>\n<ul>\n<li>Canada Or n'accepte pas les paiements par d\u00e9p\u00f4t direct ou par ch\u00e8que aux guichets de banque. Ces fonds ne peuvent pas \u00eatre v\u00e9rifi\u00e9s et seront refus\u00e9s.<\/li>\n<li>Actuellement, Canada Or - Ville de Qu\u00e9bec n'accepte pas les paiements de factures en ligne, les virements \u00e9lectroniques ou les cartes de cr\u00e9dit.<\/li>\n<li>Veuillez confirmer l'inventaire et les montants exacts avant de proc\u00e9der au paiement. Les paiements re\u00e7us sans num\u00e9ro de ticket ou de commande ne seront pas accept\u00e9s.<\/li>\n<li>Vous serez contact\u00e9 directement par t\u00e9l\u00e9phone une fois que les paiements \u00e0 distance auront \u00e9t\u00e9 v\u00e9rifi\u00e9s, et vous pourrez alors r\u00e9cup\u00e9rer vos articles.<\/li>\n<li>Veuillez vous munir d'une pi\u00e8ce d'identit\u00e9 avec photo au moment de votre retrait pour v\u00e9rification.<\/li>\n<\/ul>\n<\/div><\/div>\n<\/div>\n<\/div>\n<\/div>","protected":false},"excerpt":{"rendered":"","protected":false},"author":1,"featured_media":0,"parent":185,"menu_order":0,"comment_status":"closed","ping_status":"closed","template":"","meta":{"_acf_changed":false,"footnotes":""},"class_list":["post-72582","page","type-page","status-publish","hentry"],"acf":[],"yoast_head":"<!-- This site is optimized with the Yoast SEO plugin v27.5 - https:\/\/yoast.com\/product\/yoast-seo-wordpress\/ -->\n<title>Modes de paiement accept\u00e9s - Canada Or - Ville de Qu\u00e9bec<\/title>\n<meta name=\"description\" content=\"Vous voulez acheter des lingots d\u2019or ou d\u2019argent chez nous ? Consultez nos options de paiement ici ou contactez-nous pour plus d\u2019informations.\" \/>\n<meta name=\"robots\" content=\"index, follow, max-snippet:-1, max-image-preview:large, max-video-preview:-1\" \/>\n<link rel=\"canonical\" href=\"https:\/\/quebecgold.ca\/en\/buy-from-us\/payment\/\" \/>\n<meta property=\"og:locale\" content=\"en_US\" \/>\n<meta property=\"og:type\" content=\"article\" \/>\n<meta property=\"og:title\" content=\"Modes de paiement accept\u00e9s - Canada Or - Ville de Qu\u00e9bec\" \/>\n<meta property=\"og:description\" content=\"Vous voulez acheter des lingots d\u2019or ou d\u2019argent chez nous ? Consultez nos options de paiement ici ou contactez-nous pour plus d\u2019informations.\" \/>\n<meta property=\"og:url\" content=\"https:\/\/quebecgold.ca\/en\/buy-from-us\/payment\/\" \/>\n<meta property=\"og:site_name\" content=\"Canada Or - Ville de Qu\u00e9bec\" \/>\n<meta property=\"article:publisher\" content=\"https:\/\/www.facebook.com\/CanadaGoldBBB\" \/>\n<meta property=\"article:modified_time\" content=\"2026-04-16T16:02:33+00:00\" \/>\n<meta property=\"og:image\" content=\"https:\/\/quebecgold.ca\/wp-content\/uploads\/2026\/03\/Canada-Or-Ville-de-Quebec-Web-Logo-Gold-and-Navy.png\" \/>\n\t<meta property=\"og:image:width\" content=\"1000\" \/>\n\t<meta property=\"og:image:height\" content=\"225\" \/>\n\t<meta property=\"og:image:type\" content=\"image\/png\" \/>\n<meta name=\"twitter:card\" content=\"summary_large_image\" \/>\n<meta name=\"twitter:site\" content=\"@canadagoldbbb\" \/>\n<script type=\"application\/ld+json\" class=\"yoast-schema-graph\">{\"@context\":\"https:\\\/\\\/schema.org\",\"@graph\":[{\"@type\":\"WebPage\",\"@id\":\"https:\\\/\\\/quebecgold.ca\\\/buy-from-us\\\/payment\\\/\",\"url\":\"https:\\\/\\\/quebecgold.ca\\\/buy-from-us\\\/payment\\\/\",\"name\":\"Modes de paiement accept\u00e9s - Canada Or - Ville de Qu\u00e9bec\",\"isPartOf\":{\"@id\":\"https:\\\/\\\/quebecgold.ca\\\/#website\"},\"datePublished\":\"2025-02-28T16:51:59+00:00\",\"dateModified\":\"2026-04-16T16:02:33+00:00\",\"description\":\"Vous voulez acheter des lingots d\u2019or ou d\u2019argent chez nous ? Consultez nos options de paiement ici ou contactez-nous pour plus d\u2019informations.\",\"breadcrumb\":{\"@id\":\"https:\\\/\\\/quebecgold.ca\\\/buy-from-us\\\/payment\\\/#breadcrumb\"},\"inLanguage\":\"en-CA\",\"potentialAction\":[{\"@type\":\"ReadAction\",\"target\":[\"https:\\\/\\\/quebecgold.ca\\\/buy-from-us\\\/payment\\\/\"]}]},{\"@type\":\"BreadcrumbList\",\"@id\":\"https:\\\/\\\/quebecgold.ca\\\/buy-from-us\\\/payment\\\/#breadcrumb\",\"itemListElement\":[{\"@type\":\"ListItem\",\"position\":1,\"name\":\"Accueil\",\"item\":\"https:\\\/\\\/quebecgold.ca\\\/\"},{\"@type\":\"ListItem\",\"position\":2,\"name\":\"Acheter chez nous\",\"item\":\"https:\\\/\\\/quebecgold.ca\\\/buy-from-us\\\/\"},{\"@type\":\"ListItem\",\"position\":3,\"name\":\"Modes de paiement accept\u00e9s\"}]},{\"@type\":\"WebSite\",\"@id\":\"https:\\\/\\\/quebecgold.ca\\\/#website\",\"url\":\"https:\\\/\\\/quebecgold.ca\\\/\",\"name\":\"Canada Or - Ville de Qu\u00e9bec\",\"description\":\"A Division of Canada Gold\",\"publisher\":{\"@id\":\"https:\\\/\\\/quebecgold.ca\\\/#organization\"},\"potentialAction\":[{\"@type\":\"SearchAction\",\"target\":{\"@type\":\"EntryPoint\",\"urlTemplate\":\"https:\\\/\\\/quebecgold.ca\\\/?s={search_term_string}\"},\"query-input\":{\"@type\":\"PropertyValueSpecification\",\"valueRequired\":true,\"valueName\":\"search_term_string\"}}],\"inLanguage\":\"en-CA\"},{\"@type\":\"Organization\",\"@id\":\"https:\\\/\\\/quebecgold.ca\\\/#organization\",\"name\":\"Canada Or\",\"url\":\"https:\\\/\\\/quebecgold.ca\\\/\",\"logo\":{\"@type\":\"ImageObject\",\"inLanguage\":\"en-CA\",\"@id\":\"https:\\\/\\\/quebecgold.ca\\\/#\\\/schema\\\/logo\\\/image\\\/\",\"url\":\"https:\\\/\\\/quebecgold.ca\\\/wp-content\\\/uploads\\\/2025\\\/01\\\/cropped-favicon.png\",\"contentUrl\":\"https:\\\/\\\/quebecgold.ca\\\/wp-content\\\/uploads\\\/2025\\\/01\\\/cropped-favicon.png\",\"width\":512,\"height\":512,\"caption\":\"Canada Or\"},\"image\":{\"@id\":\"https:\\\/\\\/quebecgold.ca\\\/#\\\/schema\\\/logo\\\/image\\\/\"},\"sameAs\":[\"https:\\\/\\\/www.facebook.com\\\/CanadaGoldBBB\",\"https:\\\/\\\/x.com\\\/canadagoldbbb\"]}]}<\/script>\n<!-- \/ Yoast SEO plugin. -->","yoast_head_json":{"title":"Accepted methods of payment - Canada Gold - Ville de Qu\u00e9bec","description":"Would you like to purchase gold or silver bullion from us? Check out our payment options here or contact us for more information.","robots":{"index":"index","follow":"follow","max-snippet":"max-snippet:-1","max-image-preview":"max-image-preview:large","max-video-preview":"max-video-preview:-1"},"canonical":"https:\/\/quebecgold.ca\/en\/buy-from-us\/payment\/","og_locale":"en_US","og_type":"article","og_title":"Modes de paiement accept\u00e9s - Canada Or - Ville de Qu\u00e9bec","og_description":"Vous voulez acheter des lingots d\u2019or ou d\u2019argent chez nous ? Consultez nos options de paiement ici ou contactez-nous pour plus d\u2019informations.","og_url":"https:\/\/quebecgold.ca\/en\/buy-from-us\/payment\/","og_site_name":"Canada Or - Ville de Qu\u00e9bec","article_publisher":"https:\/\/www.facebook.com\/CanadaGoldBBB","article_modified_time":"2026-04-16T16:02:33+00:00","og_image":[{"width":1000,"height":225,"url":"https:\/\/quebecgold.ca\/wp-content\/uploads\/2026\/03\/Canada-Or-Ville-de-Quebec-Web-Logo-Gold-and-Navy.png","type":"image\/png"}],"twitter_card":"summary_large_image","twitter_site":"@canadagoldbbb","schema":{"@context":"https:\/\/schema.org","@graph":[{"@type":"WebPage","@id":"https:\/\/quebecgold.ca\/buy-from-us\/payment\/","url":"https:\/\/quebecgold.ca\/buy-from-us\/payment\/","name":"Accepted methods of payment - Canada Gold - Ville de Qu\u00e9bec","isPartOf":{"@id":"https:\/\/quebecgold.ca\/#website"},"datePublished":"2025-02-28T16:51:59+00:00","dateModified":"2026-04-16T16:02:33+00:00","description":"Would you like to purchase gold or silver bullion from us? Check out our payment options here or contact us for more information.","breadcrumb":{"@id":"https:\/\/quebecgold.ca\/buy-from-us\/payment\/#breadcrumb"},"inLanguage":"en-CA","potentialAction":[{"@type":"ReadAction","target":["https:\/\/quebecgold.ca\/buy-from-us\/payment\/"]}]},{"@type":"BreadcrumbList","@id":"https:\/\/quebecgold.ca\/buy-from-us\/payment\/#breadcrumb","itemListElement":[{"@type":"ListItem","position":1,"name":"Accueil","item":"https:\/\/quebecgold.ca\/"},{"@type":"ListItem","position":2,"name":"Acheter chez nous","item":"https:\/\/quebecgold.ca\/buy-from-us\/"},{"@type":"ListItem","position":3,"name":"Modes de paiement accept\u00e9s"}]},{"@type":"WebSite","@id":"https:\/\/quebecgold.ca\/#website","url":"https:\/\/quebecgold.ca\/","name":"CanadaGold","description":"A Division of Canada Gold","publisher":{"@id":"https:\/\/quebecgold.ca\/#organization"},"potentialAction":[{"@type":"SearchAction","target":{"@type":"EntryPoint","urlTemplate":"https:\/\/quebecgold.ca\/?s={search_term_string}"},"query-input":{"@type":"PropertyValueSpecification","valueRequired":true,"valueName":"search_term_string"}}],"inLanguage":"en-CA"},{"@type":"Organization","@id":"https:\/\/quebecgold.ca\/#organization","name":"Canada Gold","url":"https:\/\/quebecgold.ca\/","logo":{"@type":"ImageObject","inLanguage":"en-CA","@id":"https:\/\/quebecgold.ca\/#\/schema\/logo\/image\/","url":"https:\/\/quebecgold.ca\/wp-content\/uploads\/2025\/01\/cropped-favicon.png","contentUrl":"https:\/\/quebecgold.ca\/wp-content\/uploads\/2025\/01\/cropped-favicon.png","width":512,"height":512,"caption":"Canada Or"},"image":{"@id":"https:\/\/quebecgold.ca\/#\/schema\/logo\/image\/"},"sameAs":["https:\/\/www.facebook.com\/CanadaGoldBBB","https:\/\/x.com\/canadagoldbbb"]}]}},"_links":{"self":[{"href":"https:\/\/quebecgold.ca\/en\/wp-json\/wp\/v2\/pages\/72582","targetHints":{"allow":["GET"]}}],"collection":[{"href":"https:\/\/quebecgold.ca\/en\/wp-json\/wp\/v2\/pages"}],"about":[{"href":"https:\/\/quebecgold.ca\/en\/wp-json\/wp\/v2\/types\/page"}],"author":[{"embeddable":true,"href":"https:\/\/quebecgold.ca\/en\/wp-json\/wp\/v2\/users\/1"}],"replies":[{"embeddable":true,"href":"https:\/\/quebecgold.ca\/en\/wp-json\/wp\/v2\/comments?post=72582"}],"version-history":[{"count":0,"href":"https:\/\/quebecgold.ca\/en\/wp-json\/wp\/v2\/pages\/72582\/revisions"}],"up":[{"embeddable":true,"href":"https:\/\/quebecgold.ca\/en\/wp-json\/wp\/v2\/pages\/185"}],"wp:attachment":[{"href":"https:\/\/quebecgold.ca\/en\/wp-json\/wp\/v2\/media?parent=72582"}],"curies":[{"name":"wp","href":"https:\/\/api.w.org\/{rel}","templated":true}]}}