{"id":74857,"date":"2025-07-18T11:51:32","date_gmt":"2025-07-18T18:51:32","guid":{"rendered":"https:\/\/vancouver25dev.wpenginepowered.com\/?page_id=74857"},"modified":"2026-03-20T12:42:18","modified_gmt":"2026-03-20T16:42:18","slug":"canada-or-blog","status":"publish","type":"page","link":"https:\/\/quebecgold.ca\/en\/canada-or-blog\/","title":{"rendered":"Canada Gold Blog"},"content":{"rendered":"\n<div class=\"et_pb_section_0 et_pb_section et_section_regular et_block_section\"><div class=\"et_pb_row_0 et_pb_row et_pb_equal_columns et_block_row\"><div class=\"et_pb_column_0 et_pb_column et_pb_column_4_4 et-last-child et_block_column et_pb_css_mix_blend_mode_passthrough\"><div class=\"et_pb_text_0 et_pb_text et_pb_bg_layout_light et_pb_module et_block_module preset--module--divi-text--default\"><div class=\"et_pb_text_inner\"><h1>Canada Or Blog<\/h1>\n<\/div><\/div><\/div><\/div><\/div><div class=\"et_pb_section_1 et_pb_section et_section_regular et_block_section\"><div class=\"et_pb_row_1 et_pb_row et_block_row\"><div class=\"et_pb_column_1 et_pb_column et_pb_column_4_4 et-last-child et_block_column et_pb_css_mix_blend_mode_passthrough\"><div class=\"et_pb_text_1 et_pb_text et_pb_bg_layout_light et_pb_module et_block_module preset--module--divi-text--default\"><div class=\"et_pb_text_inner\"><div data-plaintext=\"true\" data-pm-slice=\"1 1 [&quot;codeblock&quot;,{&quot;style&quot;:null,&quot;codeblock&quot;:true,&quot;textAlign&quot;:null,&quot;syntaxLanguage&quot;:null,&quot;lineWrapping&quot;:false}]\" data-en-clipboard=\"true\"><span><span><a href=\"https:\/\/quebecgold.ca\/\">Accueil<\/a><\/span><\/span><\/div>\n<\/div><\/div><\/div><\/div><\/div><div class=\"et_pb_section_2 et_pb_section et_section_regular et_block_section\"><div class=\"et_pb_row_2 et_pb_row et_block_row\"><div class=\"et_pb_column_2 et_pb_column et_pb_column_4_4 et-last-child et_block_column et_pb_css_mix_blend_mode_passthrough\"><div class=\"et_pb_text_2 et_pb_text et_pb_bg_layout_light et_pb_module et_block_module preset--module--divi-text--default\"><div class=\"et_pb_text_inner\"><h2>Bienvenue sur le blogue Canada Or, o\u00f9 vous trouverez nos plus r\u00e9centes nouvelles et informations sur le monde des m\u00e9taux pr\u00e9cieux.<\/h2>\n<\/div><\/div><div class=\"et_pb_blog_0 et_pb_blog et_pb_bg_layout_light et_pb_posts et_pb_module dt-blog-equal-height\"><div class=\"entry\">\n\t<h1 class=\"not-found-title\">No Results Found<\/h1>\n\t<p>The page you requested could not be found. Try refining your search, or use the navigation above to locate the post.<\/p>\n<\/div>\n<\/div><\/div><\/div><\/div>\n","protected":false},"excerpt":{"rendered":"","protected":false},"author":1,"featured_media":0,"parent":0,"menu_order":0,"comment_status":"closed","ping_status":"closed","template":"","meta":{"_acf_changed":false,"footnotes":""},"class_list":["post-74857","page","type-page","status-publish","hentry"],"acf":[],"yoast_head":"<!-- This site is optimized with the Yoast SEO plugin v27.6 - https:\/\/yoast.com\/product\/yoast-seo-wordpress\/ -->\n<title>Canada Or Blog - Canada Or - Ville de Qu\u00e9bec<\/title>\n<meta name=\"robots\" content=\"index, follow, max-snippet:-1, max-image-preview:large, max-video-preview:-1\" \/>\n<link rel=\"canonical\" href=\"https:\/\/quebecgold.ca\/en\/canada-or-blog\/\" \/>\n<meta property=\"og:locale\" content=\"en_US\" \/>\n<meta property=\"og:type\" content=\"article\" \/>\n<meta property=\"og:title\" content=\"Canada Or Blog - Canada Or - Ville de Qu\u00e9bec\" \/>\n<meta property=\"og:url\" content=\"https:\/\/quebecgold.ca\/en\/canada-or-blog\/\" \/>\n<meta property=\"og:site_name\" content=\"Canada Or - Ville de Qu\u00e9bec\" \/>\n<meta property=\"article:publisher\" content=\"https:\/\/www.facebook.com\/CanadaGoldBBB\" \/>\n<meta property=\"article:modified_time\" content=\"2026-03-20T16:42:18+00:00\" \/>\n<meta property=\"og:image\" content=\"https:\/\/quebecgold.ca\/wp-content\/uploads\/2026\/03\/Canada-Or-Ville-de-Quebec-Web-Logo-Gold-and-Navy.png\" \/>\n\t<meta property=\"og:image:width\" content=\"1000\" \/>\n\t<meta property=\"og:image:height\" content=\"225\" \/>\n\t<meta property=\"og:image:type\" content=\"image\/png\" \/>\n<meta name=\"twitter:card\" content=\"summary_large_image\" \/>\n<meta name=\"twitter:site\" content=\"@canadagoldbbb\" \/>\n<meta name=\"twitter:label1\" content=\"Est. reading time\" \/>\n\t<meta name=\"twitter:data1\" content=\"2 minutes\" \/>\n<script type=\"application\/ld+json\" class=\"yoast-schema-graph\">{\"@context\":\"https:\\\/\\\/schema.org\",\"@graph\":[{\"@type\":\"WebPage\",\"@id\":\"https:\\\/\\\/quebecgold.ca\\\/canada-or-blog\\\/\",\"url\":\"https:\\\/\\\/quebecgold.ca\\\/canada-or-blog\\\/\",\"name\":\"Canada Or Blog - Canada Or - Ville de Qu\u00e9bec\",\"isPartOf\":{\"@id\":\"https:\\\/\\\/quebecgold.ca\\\/#website\"},\"datePublished\":\"2025-07-18T18:51:32+00:00\",\"dateModified\":\"2026-03-20T16:42:18+00:00\",\"breadcrumb\":{\"@id\":\"https:\\\/\\\/quebecgold.ca\\\/canada-or-blog\\\/#breadcrumb\"},\"inLanguage\":\"en-CA\",\"potentialAction\":[{\"@type\":\"ReadAction\",\"target\":[\"https:\\\/\\\/quebecgold.ca\\\/canada-or-blog\\\/\"]}]},{\"@type\":\"BreadcrumbList\",\"@id\":\"https:\\\/\\\/quebecgold.ca\\\/canada-or-blog\\\/#breadcrumb\",\"itemListElement\":[{\"@type\":\"ListItem\",\"position\":1,\"name\":\"Accueil\",\"item\":\"https:\\\/\\\/quebecgold.ca\\\/\"},{\"@type\":\"ListItem\",\"position\":2,\"name\":\"Canada Or Blog\"}]},{\"@type\":\"WebSite\",\"@id\":\"https:\\\/\\\/quebecgold.ca\\\/#website\",\"url\":\"https:\\\/\\\/quebecgold.ca\\\/\",\"name\":\"Canada Or - Ville de Qu\u00e9bec\",\"description\":\"A Division of Canada Gold\",\"publisher\":{\"@id\":\"https:\\\/\\\/quebecgold.ca\\\/#organization\"},\"potentialAction\":[{\"@type\":\"SearchAction\",\"target\":{\"@type\":\"EntryPoint\",\"urlTemplate\":\"https:\\\/\\\/quebecgold.ca\\\/?s={search_term_string}\"},\"query-input\":{\"@type\":\"PropertyValueSpecification\",\"valueRequired\":true,\"valueName\":\"search_term_string\"}}],\"inLanguage\":\"en-CA\"},{\"@type\":\"Organization\",\"@id\":\"https:\\\/\\\/quebecgold.ca\\\/#organization\",\"name\":\"Canada Or\",\"url\":\"https:\\\/\\\/quebecgold.ca\\\/\",\"logo\":{\"@type\":\"ImageObject\",\"inLanguage\":\"en-CA\",\"@id\":\"https:\\\/\\\/quebecgold.ca\\\/#\\\/schema\\\/logo\\\/image\\\/\",\"url\":\"https:\\\/\\\/quebecgold.ca\\\/wp-content\\\/uploads\\\/2025\\\/01\\\/cropped-favicon.png\",\"contentUrl\":\"https:\\\/\\\/quebecgold.ca\\\/wp-content\\\/uploads\\\/2025\\\/01\\\/cropped-favicon.png\",\"width\":512,\"height\":512,\"caption\":\"Canada Or\"},\"image\":{\"@id\":\"https:\\\/\\\/quebecgold.ca\\\/#\\\/schema\\\/logo\\\/image\\\/\"},\"sameAs\":[\"https:\\\/\\\/www.facebook.com\\\/CanadaGoldBBB\",\"https:\\\/\\\/x.com\\\/canadagoldbbb\"]}]}<\/script>\n<!-- \/ Yoast SEO plugin. -->","yoast_head_json":{"title":"Canada Gold Blog - CanadaGold","robots":{"index":"index","follow":"follow","max-snippet":"max-snippet:-1","max-image-preview":"max-image-preview:large","max-video-preview":"max-video-preview:-1"},"canonical":"https:\/\/quebecgold.ca\/en\/canada-or-blog\/","og_locale":"en_US","og_type":"article","og_title":"Canada Or Blog - Canada Or - Ville de Qu\u00e9bec","og_url":"https:\/\/quebecgold.ca\/en\/canada-or-blog\/","og_site_name":"Canada Or - Ville de Qu\u00e9bec","article_publisher":"https:\/\/www.facebook.com\/CanadaGoldBBB","article_modified_time":"2026-03-20T16:42:18+00:00","og_image":[{"width":1000,"height":225,"url":"https:\/\/quebecgold.ca\/wp-content\/uploads\/2026\/03\/Canada-Or-Ville-de-Quebec-Web-Logo-Gold-and-Navy.png","type":"image\/png"}],"twitter_card":"summary_large_image","twitter_site":"@canadagoldbbb","twitter_misc":{"Est. reading time":"2 minutes"},"schema":{"@context":"https:\/\/schema.org","@graph":[{"@type":"WebPage","@id":"https:\/\/quebecgold.ca\/canada-or-blog\/","url":"https:\/\/quebecgold.ca\/canada-or-blog\/","name":"Canada Gold Blog - CanadaGold","isPartOf":{"@id":"https:\/\/quebecgold.ca\/#website"},"datePublished":"2025-07-18T18:51:32+00:00","dateModified":"2026-03-20T16:42:18+00:00","breadcrumb":{"@id":"https:\/\/quebecgold.ca\/canada-or-blog\/#breadcrumb"},"inLanguage":"en-CA","potentialAction":[{"@type":"ReadAction","target":["https:\/\/quebecgold.ca\/canada-or-blog\/"]}]},{"@type":"BreadcrumbList","@id":"https:\/\/quebecgold.ca\/canada-or-blog\/#breadcrumb","itemListElement":[{"@type":"ListItem","position":1,"name":"Accueil","item":"https:\/\/quebecgold.ca\/"},{"@type":"ListItem","position":2,"name":"Canada Or Blog"}]},{"@type":"WebSite","@id":"https:\/\/quebecgold.ca\/#website","url":"https:\/\/quebecgold.ca\/","name":"CanadaGold","description":"A Division of Canada Gold","publisher":{"@id":"https:\/\/quebecgold.ca\/#organization"},"potentialAction":[{"@type":"SearchAction","target":{"@type":"EntryPoint","urlTemplate":"https:\/\/quebecgold.ca\/?s={search_term_string}"},"query-input":{"@type":"PropertyValueSpecification","valueRequired":true,"valueName":"search_term_string"}}],"inLanguage":"en-CA"},{"@type":"Organization","@id":"https:\/\/quebecgold.ca\/#organization","name":"Canada Gold","url":"https:\/\/quebecgold.ca\/","logo":{"@type":"ImageObject","inLanguage":"en-CA","@id":"https:\/\/quebecgold.ca\/#\/schema\/logo\/image\/","url":"https:\/\/quebecgold.ca\/wp-content\/uploads\/2025\/01\/cropped-favicon.png","contentUrl":"https:\/\/quebecgold.ca\/wp-content\/uploads\/2025\/01\/cropped-favicon.png","width":512,"height":512,"caption":"Canada Or"},"image":{"@id":"https:\/\/quebecgold.ca\/#\/schema\/logo\/image\/"},"sameAs":["https:\/\/www.facebook.com\/CanadaGoldBBB","https:\/\/x.com\/canadagoldbbb"]}]}},"_links":{"self":[{"href":"https:\/\/quebecgold.ca\/en\/wp-json\/wp\/v2\/pages\/74857","targetHints":{"allow":["GET"]}}],"collection":[{"href":"https:\/\/quebecgold.ca\/en\/wp-json\/wp\/v2\/pages"}],"about":[{"href":"https:\/\/quebecgold.ca\/en\/wp-json\/wp\/v2\/types\/page"}],"author":[{"embeddable":true,"href":"https:\/\/quebecgold.ca\/en\/wp-json\/wp\/v2\/users\/1"}],"replies":[{"embeddable":true,"href":"https:\/\/quebecgold.ca\/en\/wp-json\/wp\/v2\/comments?post=74857"}],"version-history":[{"count":0,"href":"https:\/\/quebecgold.ca\/en\/wp-json\/wp\/v2\/pages\/74857\/revisions"}],"wp:attachment":[{"href":"https:\/\/quebecgold.ca\/en\/wp-json\/wp\/v2\/media?parent=74857"}],"curies":[{"name":"wp","href":"https:\/\/api.w.org\/{rel}","templated":true}]}}