{"id":74864,"date":"2025-07-21T04:04:32","date_gmt":"2025-07-21T11:04:32","guid":{"rendered":"https:\/\/vancouver25dev.wpenginepowered.com\/?page_id=74864"},"modified":"2026-03-20T12:42:25","modified_gmt":"2026-03-20T16:42:25","slug":"scrap-gold-calculator","status":"publish","type":"page","link":"https:\/\/quebecgold.ca\/en\/scrap-gold-calculator\/","title":{"rendered":"Gold scrap calculator"},"content":{"rendered":"\n<div class=\"et_pb_section_0 et_pb_section et_section_regular et_block_section\"><div class=\"et_pb_row_0 et_pb_row et_pb_equal_columns et_block_row\"><div class=\"et_pb_column_0 et_pb_column et_pb_column_4_4 et-last-child et_block_column et_pb_css_mix_blend_mode_passthrough\"><div class=\"et_pb_text_0 et_pb_text et_pb_bg_layout_light et_pb_module et_block_module preset--module--divi-text--default\"><div class=\"et_pb_text_inner\"><h1>Calculateur pour la ferraille d\u2019or<\/h1>\n<\/div><\/div><\/div><\/div><\/div><div class=\"et_pb_section_1 et_pb_section et_section_regular et_block_section\"><div class=\"et_pb_row_1 et_pb_row et_block_row\"><div class=\"et_pb_column_1 et_pb_column et_pb_column_4_4 et-last-child et_block_column et_pb_css_mix_blend_mode_passthrough\"><div class=\"et_pb_text_1 et_pb_text et_pb_bg_layout_light et_pb_module et_block_module preset--module--divi-text--default\"><div class=\"et_pb_text_inner\"><div data-plaintext=\"true\" data-pm-slice=\"1 1 [&quot;codeblock&quot;,{&quot;style&quot;:null,&quot;codeblock&quot;:true,&quot;textAlign&quot;:null,&quot;syntaxLanguage&quot;:null,&quot;lineWrapping&quot;:false}]\" data-en-clipboard=\"true\"><span><span><a href=\"https:\/\/quebecgold.ca\/\">Accueil<\/a><\/span><\/span><\/div>\n<\/div><\/div><\/div><\/div><\/div><div class=\"et_pb_section_2 et_pb_section et_section_regular et_block_section\"><div class=\"et_pb_row_2 et_pb_row et_block_row\"><div class=\"et_pb_column_2 et_pb_column et_pb_column_4_4 et-last-child et_block_column et_pb_css_mix_blend_mode_passthrough\"><div class=\"et_pb_text_2 et_pb_text et_pb_bg_layout_light et_pb_module et_block_module preset--module--divi-text--default\"><div class=\"et_pb_text_inner\"><p>Comprendre la valeur de vos m\u00e9taux pr\u00e9cieux est la premi\u00e8re \u00e9tape pour prendre des d\u00e9cisions en toute confiance. Nous sommes fiers d'offrir des outils qui simplifient cette t\u00e2che.<\/p>\n<p>Un outil utile est notre calculateur en ligne de la valeur de la ferraille d'or. Il s'agit d'un moyen simple d'estimer la valeur de votre or sur la base des prix actuels du march\u00e9.<\/p>\n<p>Il vous suffit d'indiquer le carat et le poids de votre objet pour que la calculatrice vous donne une valeur approximative, ce qui vous donne un point de d\u00e9part utile avant de vous rendre dans l'un de nos points de vente.<\/p>\n<p>Si vous souhaitez obtenir une assistance suppl\u00e9mentaire, cliquez sur le lien suivant l\u2019ic\u00f4ne de service de messagerie instantan\u00e9e dans le coin inf\u00e9rieur droit de la page pour d\u00e9marrer une discussion en direct. Notre service de messagerie instantan\u00e9e est r\u00e9guli\u00e8rement mis \u00e0 jour avec des informations sur les prix actuels, il peut donc \u00e9galement servir de calculateur rapide de l'or \u00e0 la casse, m\u00eame en calculant une liste d'articles que vous lui fournissez.<\/p>\n<p>N'oubliez pas que toutes les estimations sont bas\u00e9es sur les informations disponibles au moment de la v\u00e9rification. Pour obtenir une offre pr\u00e9cise, vos articles doivent \u00eatre \u00e9valu\u00e9s en personne par notre personnel qualifi\u00e9 dans l'un de nos magasins.<\/p>\n<ul><\/ul>\n<\/div><\/div><\/div><\/div><div class=\"et_pb_row_3 et_pb_row et_block_row\" id=\"calculator\"><div class=\"et_pb_column_3 et_pb_column et_pb_column_4_4 et-last-child et_block_column et_pb_css_mix_blend_mode_passthrough\"><div class=\"et_pb_code_0 et_pb_code et_pb_module\"><div class=\"et_pb_code_inner\"><h3 style=\"text-align: center;margin-top: 20px;display: inline-block;\">Gold Spot Price: $6519.43 CAD&nbsp;<span style=\"color: #ff0000;\">&nbsp;<span class=\"ttfmake-icon mceNonEditable fa\">\uf063<\/span>0<\/span><\/h3><\/div><\/div><div class=\"et_pb_code_1 et_pb_code et_pb_module grid-container\"><div class=\"et_pb_code_inner\">\n    <div class=\"grid-container calculator-body\">\n        <h2 class=\"calculator-heading\">Scrap Metal Calculator<\/h2>\n        <div class=\"row\">\n            <div class=\"col-fourth\">\n                Select metal:\n                <select id=\"metal-select\">\n                    <option value=\"6519.43\">Gold<\/option>\n                    <option value=\"101.83\">Silver<\/option>\n                <\/select>\n            <\/div>\n\n            <div class=\"col-fourth\">\n                Purity:\n                <select id=\"purity-gold-select\" class=\"ignore\">\n                    <option value=\"99.99,78\">24 karat<\/option>\n                    <option value=\"89.58,78\">22 karat<\/option>\n                    <option value=\"85.42,78\">21 karat<\/option>\n                    <option value=\"72.92,78\">18 karat<\/option>\n                    <option value=\"56.25,78\">14 karat<\/option>\n                    <option value=\"39.58,78\">10 karat<\/option>\n                    <option value=\"35.42,78\">9 karat<\/option>\n                <\/select>\n\n                <select id=\"purity-gold-select-premium\" class=\"ignore\" style=\"display:none\">\n                    <option value=\"99.99,94\">24 karat<\/option>\n                    <option value=\"91.6,94\">22 karat<\/option>\n                    <option value=\"87.5,94\">21 karat<\/option>\n                    <option value=\"75,94\">18 karat<\/option>\n                    <option value=\"58.5,94\">14 karat<\/option>\n                    <option value=\"41.7,94\">10 karat<\/option>\n                    <option value=\"37.5,94\">9 karat<\/option>\n                <\/select>\n\n                <select id=\"purity-silver-select\" class=\"ignore\" style=\"display:none\">\n                    <option value=\"92.5,53\">925 Jewellery<\/option>\n                    <option value=\"92.5,55\">925 Flatware<\/option>\n                    <option value=\"58,43\">925 Mexican<\/option>\n                <\/select>\n            <\/div>\n\n            <div class=\"col-fourth\">\n                Weight(g): <input type=\"number\" name=\"weight\" id=\"weight\">\n            <\/div>\n\n            <div class=\"col-fourth\">\n                <button id=\"calculate\">Calculate<\/button>\n            <\/div>\n        <\/div>\n    <\/div>\n    <div class=\"remodal\" data-remodal-id=\"modal\">\n        <button data-remodal-action=\"close\" class=\"remodal-close\"><\/button>\n\n        <div id=\"gold_text\">\n            <p id=\"main_line\">\n                Canada Gold will pay <span id=\"calc_premium_results\"><\/span> for premium plus items and \n                <span id=\"calc_results_gold\"><\/span> for standard items based on today's buy prices.\n            <\/p>\n            <p>\n                We refine\/melt most of the items we purchase, but pay a range of prices for premium jewellery, diamond jewellery, coins and bars. All prices will be confirmed based on live market rates in store. Visit us at any of our 17 locaitons for a free evaluation and no-commitment offer.\n            <\/p>\n            <br>\n        <\/div>\n\n        <div id=\"silver_text\">\n            <p id=\"main_line\">\n                Canada Gold will pay <span id=\"calc_results_silver\"><\/span> or more based on today's buy prices.\n            <\/p>\n            <p>\n                We pay more for premium jewellery, diamond jewellery, coins, and bars. \n                Visit us for a commitment free quote in store.\n            <\/p>\n            <br>\n        <\/div>\n\n        <style>\n            a.location-link {\n                color: #fff;\n                background: #439844;\n                opacity: 0.8;\n                font: inherit;\n                display: inline-block;\n                overflow: visible;\n                min-width: 110px;\n                margin: 0;\n                padding: 12px;\n                cursor: pointer;\n                transition: background 0.2s;\n                text-align: center;\n                vertical-align: middle;\n                text-decoration: none;\n                border: 0;\n                outline: 0;\n            }\n            a.location-link:hover {\n                opacity: 1;\n                background: #439844;\n            }\n        <\/style>\n\n        <a href=\"https:\/\/quebecgold.ca\/locations\/\" class=\"location-link\">Locations<\/a>\n        <button data-remodal-action=\"cancel\" class=\"remodal-cancel\">Close<\/button>\n    <\/div><\/div><\/div><\/div><\/div><\/div>\n","protected":false},"excerpt":{"rendered":"","protected":false},"author":1,"featured_media":0,"parent":0,"menu_order":0,"comment_status":"closed","ping_status":"closed","template":"","meta":{"_acf_changed":false,"footnotes":""},"class_list":["post-74864","page","type-page","status-publish","hentry"],"acf":[],"yoast_head":"<!-- This site is optimized with the Yoast SEO plugin v27.3 - https:\/\/yoast.com\/product\/yoast-seo-wordpress\/ -->\n<title>Calculateur pour la ferraille d\u2019or - Canada Or - Ville de Qu\u00e9bec<\/title>\n<meta name=\"description\" content=\"Notre calculateur pour la ferraille d\u2019or en ligne est un moyen simple d\u2019estimer la valeur de votre or selon les prix du march\u00e9 en temps r\u00e9el d\u2019aujourd\u2019hui.\" \/>\n<meta name=\"robots\" content=\"index, follow, max-snippet:-1, max-image-preview:large, max-video-preview:-1\" \/>\n<link rel=\"canonical\" href=\"https:\/\/quebecgold.ca\/en\/scrap-gold-calculator\/\" \/>\n<meta property=\"og:locale\" content=\"en_US\" \/>\n<meta property=\"og:type\" content=\"article\" \/>\n<meta property=\"og:title\" content=\"Calculateur pour la ferraille d\u2019or - Canada Or - Ville de Qu\u00e9bec\" \/>\n<meta property=\"og:description\" content=\"Notre calculateur pour la ferraille d\u2019or en ligne est un moyen simple d\u2019estimer la valeur de votre or selon les prix du march\u00e9 en temps r\u00e9el d\u2019aujourd\u2019hui.\" \/>\n<meta property=\"og:url\" content=\"https:\/\/quebecgold.ca\/en\/scrap-gold-calculator\/\" \/>\n<meta property=\"og:site_name\" content=\"Canada Or - Ville de Qu\u00e9bec\" \/>\n<meta property=\"article:publisher\" content=\"https:\/\/www.facebook.com\/CanadaGoldBBB\" \/>\n<meta property=\"article:modified_time\" content=\"2026-03-20T16:42:25+00:00\" \/>\n<meta property=\"og:image\" content=\"https:\/\/quebecgold.ca\/wp-content\/uploads\/2026\/03\/Canada-Or-Ville-de-Quebec-Web-Logo-Gold-and-Navy.png\" \/>\n\t<meta property=\"og:image:width\" content=\"1000\" \/>\n\t<meta property=\"og:image:height\" content=\"225\" \/>\n\t<meta property=\"og:image:type\" content=\"image\/png\" \/>\n<meta name=\"twitter:card\" content=\"summary_large_image\" \/>\n<meta name=\"twitter:site\" content=\"@canadagoldbbb\" \/>\n<meta name=\"twitter:label1\" content=\"Est. reading time\" \/>\n\t<meta name=\"twitter:data1\" content=\"2 minutes\" \/>\n<script type=\"application\/ld+json\" class=\"yoast-schema-graph\">{\"@context\":\"https:\\\/\\\/schema.org\",\"@graph\":[{\"@type\":\"WebPage\",\"@id\":\"https:\\\/\\\/quebecgold.ca\\\/scrap-gold-calculator\\\/\",\"url\":\"https:\\\/\\\/quebecgold.ca\\\/scrap-gold-calculator\\\/\",\"name\":\"Calculateur pour la ferraille d\u2019or - Canada Or - Ville de Qu\u00e9bec\",\"isPartOf\":{\"@id\":\"https:\\\/\\\/quebecgold.ca\\\/#website\"},\"datePublished\":\"2025-07-21T11:04:32+00:00\",\"dateModified\":\"2026-03-20T16:42:25+00:00\",\"description\":\"Notre calculateur pour la ferraille d\u2019or en ligne est un moyen simple d\u2019estimer la valeur de votre or selon les prix du march\u00e9 en temps r\u00e9el d\u2019aujourd\u2019hui.\",\"breadcrumb\":{\"@id\":\"https:\\\/\\\/quebecgold.ca\\\/scrap-gold-calculator\\\/#breadcrumb\"},\"inLanguage\":\"en-CA\",\"potentialAction\":[{\"@type\":\"ReadAction\",\"target\":[\"https:\\\/\\\/quebecgold.ca\\\/scrap-gold-calculator\\\/\"]}]},{\"@type\":\"BreadcrumbList\",\"@id\":\"https:\\\/\\\/quebecgold.ca\\\/scrap-gold-calculator\\\/#breadcrumb\",\"itemListElement\":[{\"@type\":\"ListItem\",\"position\":1,\"name\":\"Accueil\",\"item\":\"https:\\\/\\\/quebecgold.ca\\\/\"},{\"@type\":\"ListItem\",\"position\":2,\"name\":\"Calculateur pour la ferraille d\u2019or\"}]},{\"@type\":\"WebSite\",\"@id\":\"https:\\\/\\\/quebecgold.ca\\\/#website\",\"url\":\"https:\\\/\\\/quebecgold.ca\\\/\",\"name\":\"Canada Or - Ville de Qu\u00e9bec\",\"description\":\"A Division of Canada Gold\",\"publisher\":{\"@id\":\"https:\\\/\\\/quebecgold.ca\\\/#organization\"},\"potentialAction\":[{\"@type\":\"SearchAction\",\"target\":{\"@type\":\"EntryPoint\",\"urlTemplate\":\"https:\\\/\\\/quebecgold.ca\\\/?s={search_term_string}\"},\"query-input\":{\"@type\":\"PropertyValueSpecification\",\"valueRequired\":true,\"valueName\":\"search_term_string\"}}],\"inLanguage\":\"en-CA\"},{\"@type\":\"Organization\",\"@id\":\"https:\\\/\\\/quebecgold.ca\\\/#organization\",\"name\":\"Canada Or\",\"url\":\"https:\\\/\\\/quebecgold.ca\\\/\",\"logo\":{\"@type\":\"ImageObject\",\"inLanguage\":\"en-CA\",\"@id\":\"https:\\\/\\\/quebecgold.ca\\\/#\\\/schema\\\/logo\\\/image\\\/\",\"url\":\"https:\\\/\\\/quebecgold.ca\\\/wp-content\\\/uploads\\\/2025\\\/01\\\/cropped-favicon.png\",\"contentUrl\":\"https:\\\/\\\/quebecgold.ca\\\/wp-content\\\/uploads\\\/2025\\\/01\\\/cropped-favicon.png\",\"width\":512,\"height\":512,\"caption\":\"Canada Or\"},\"image\":{\"@id\":\"https:\\\/\\\/quebecgold.ca\\\/#\\\/schema\\\/logo\\\/image\\\/\"},\"sameAs\":[\"https:\\\/\\\/www.facebook.com\\\/CanadaGoldBBB\",\"https:\\\/\\\/x.com\\\/canadagoldbbb\"]}]}<\/script>\n<!-- \/ Yoast SEO plugin. -->","yoast_head_json":{"title":"Gold Scrap Calculator - Canada Or - Ville de Qu\u00e9bec","description":"Our online gold scrap calculator is an easy way to estimate the value of your gold based on today's real-time market prices.","robots":{"index":"index","follow":"follow","max-snippet":"max-snippet:-1","max-image-preview":"max-image-preview:large","max-video-preview":"max-video-preview:-1"},"canonical":"https:\/\/quebecgold.ca\/en\/scrap-gold-calculator\/","og_locale":"en_US","og_type":"article","og_title":"Calculateur pour la ferraille d\u2019or - Canada Or - Ville de Qu\u00e9bec","og_description":"Notre calculateur pour la ferraille d\u2019or en ligne est un moyen simple d\u2019estimer la valeur de votre or selon les prix du march\u00e9 en temps r\u00e9el d\u2019aujourd\u2019hui.","og_url":"https:\/\/quebecgold.ca\/en\/scrap-gold-calculator\/","og_site_name":"Canada Or - Ville de Qu\u00e9bec","article_publisher":"https:\/\/www.facebook.com\/CanadaGoldBBB","article_modified_time":"2026-03-20T16:42:25+00:00","og_image":[{"width":1000,"height":225,"url":"https:\/\/quebecgold.ca\/wp-content\/uploads\/2026\/03\/Canada-Or-Ville-de-Quebec-Web-Logo-Gold-and-Navy.png","type":"image\/png"}],"twitter_card":"summary_large_image","twitter_site":"@canadagoldbbb","twitter_misc":{"Est. reading time":"2 minutes"},"schema":{"@context":"https:\/\/schema.org","@graph":[{"@type":"WebPage","@id":"https:\/\/quebecgold.ca\/scrap-gold-calculator\/","url":"https:\/\/quebecgold.ca\/scrap-gold-calculator\/","name":"Gold Scrap Calculator - Canada Or - Ville de Qu\u00e9bec","isPartOf":{"@id":"https:\/\/quebecgold.ca\/#website"},"datePublished":"2025-07-21T11:04:32+00:00","dateModified":"2026-03-20T16:42:25+00:00","description":"Our online gold scrap calculator is an easy way to estimate the value of your gold based on today's real-time market prices.","breadcrumb":{"@id":"https:\/\/quebecgold.ca\/scrap-gold-calculator\/#breadcrumb"},"inLanguage":"en-CA","potentialAction":[{"@type":"ReadAction","target":["https:\/\/quebecgold.ca\/scrap-gold-calculator\/"]}]},{"@type":"BreadcrumbList","@id":"https:\/\/quebecgold.ca\/scrap-gold-calculator\/#breadcrumb","itemListElement":[{"@type":"ListItem","position":1,"name":"Accueil","item":"https:\/\/quebecgold.ca\/"},{"@type":"ListItem","position":2,"name":"Calculateur pour la ferraille d\u2019or"}]},{"@type":"WebSite","@id":"https:\/\/quebecgold.ca\/#website","url":"https:\/\/quebecgold.ca\/","name":"CanadaGold","description":"A Division of Canada Gold","publisher":{"@id":"https:\/\/quebecgold.ca\/#organization"},"potentialAction":[{"@type":"SearchAction","target":{"@type":"EntryPoint","urlTemplate":"https:\/\/quebecgold.ca\/?s={search_term_string}"},"query-input":{"@type":"PropertyValueSpecification","valueRequired":true,"valueName":"search_term_string"}}],"inLanguage":"en-CA"},{"@type":"Organization","@id":"https:\/\/quebecgold.ca\/#organization","name":"Canada Gold","url":"https:\/\/quebecgold.ca\/","logo":{"@type":"ImageObject","inLanguage":"en-CA","@id":"https:\/\/quebecgold.ca\/#\/schema\/logo\/image\/","url":"https:\/\/quebecgold.ca\/wp-content\/uploads\/2025\/01\/cropped-favicon.png","contentUrl":"https:\/\/quebecgold.ca\/wp-content\/uploads\/2025\/01\/cropped-favicon.png","width":512,"height":512,"caption":"Canada Or"},"image":{"@id":"https:\/\/quebecgold.ca\/#\/schema\/logo\/image\/"},"sameAs":["https:\/\/www.facebook.com\/CanadaGoldBBB","https:\/\/x.com\/canadagoldbbb"]}]}},"_links":{"self":[{"href":"https:\/\/quebecgold.ca\/en\/wp-json\/wp\/v2\/pages\/74864","targetHints":{"allow":["GET"]}}],"collection":[{"href":"https:\/\/quebecgold.ca\/en\/wp-json\/wp\/v2\/pages"}],"about":[{"href":"https:\/\/quebecgold.ca\/en\/wp-json\/wp\/v2\/types\/page"}],"author":[{"embeddable":true,"href":"https:\/\/quebecgold.ca\/en\/wp-json\/wp\/v2\/users\/1"}],"replies":[{"embeddable":true,"href":"https:\/\/quebecgold.ca\/en\/wp-json\/wp\/v2\/comments?post=74864"}],"version-history":[{"count":0,"href":"https:\/\/quebecgold.ca\/en\/wp-json\/wp\/v2\/pages\/74864\/revisions"}],"wp:attachment":[{"href":"https:\/\/quebecgold.ca\/en\/wp-json\/wp\/v2\/media?parent=74864"}],"curies":[{"name":"wp","href":"https:\/\/api.w.org\/{rel}","templated":true}]}}