{"id":71504,"date":"2025-01-25T18:47:32","date_gmt":"2025-01-25T18:47:32","guid":{"rendered":"https:\/\/vancouver25dev.wpenginepowered.com\/?page_id=71504"},"modified":"2026-03-25T10:17:46","modified_gmt":"2026-03-25T14:17:46","slug":"sell-jewellery","status":"publish","type":"page","link":"https:\/\/quebecgold.ca\/zh\/sell-to-us\/sell-jewellery\/","title":{"rendered":"\u51fa\u552e\u60a8\u7684\u73e0\u5bf6"},"content":{"rendered":"<div class=\"et_pb_section_0 et_pb_section et_section_regular et_block_section\">\n<div class=\"et_pb_row_0 et_pb_row et_pb_equal_columns et_block_row\">\n<div class=\"et_pb_column_0 et_pb_column et_pb_column_4_4 et-last-child et_block_column et_pb_css_mix_blend_mode_passthrough\">\n<div class=\"et_pb_text_0 et_pb_text et_pb_bg_layout_light et_pb_module et_block_module preset--module--divi-text--default\"><div class=\"et_pb_text_inner\"><h1>Vendez vos bijoux<\/h1>\n<\/div><\/div>\n<\/div>\n<\/div>\n<\/div>\n\n<div class=\"et_pb_section_1 et_pb_section et_section_regular et_block_section\">\n<div class=\"et_pb_row_1 et_pb_row et_block_row\">\n<div class=\"et_pb_column_1 et_pb_column et_pb_column_4_4 et-last-child et_block_column et_pb_css_mix_blend_mode_passthrough\">\n<div class=\"et_pb_text_1 et_pb_text et_pb_bg_layout_light et_pb_module et_block_module preset--module--divi-text--default\"><div class=\"et_pb_text_inner\"><div data-plaintext=\"true\" data-pm-slice=\"1 1 [&quot;codeblock&quot;,{&quot;style&quot;:null,&quot;codeblock&quot;:true,&quot;textAlign&quot;:null,&quot;syntaxLanguage&quot;:null,&quot;lineWrapping&quot;:false}]\" data-en-clipboard=\"true\"><span><span><a href=\"https:\/\/quebecgold.ca\/\">Accueil<\/a><\/span><\/span><\/div>\n<\/div><\/div>\n<\/div>\n<\/div>\n<\/div>\n\n<div class=\"et_pb_section_2 et_pb_section et_section_regular et_block_section\">\n<div class=\"et_pb_row_2 et_pb_row et_block_row\">\n<div class=\"et_pb_column_2 et_pb_column et_pb_column_1_2 et_block_column et_pb_css_mix_blend_mode_passthrough\">\n<div class=\"et_pb_text_2 et_pb_text et_pb_bg_layout_light et_pb_module et_block_module preset--module--divi-text--default\"><div class=\"et_pb_text_inner\"><h2>Des bijoux que vous ne portez plus? Nous les \u00e9valuons gratuitement.<\/h2>\n<h3>Vous avez des bijoux qui restent dans vos tiroirs? Apportez-les et transformez-les en argent.<\/h3>\n<\/div><\/div>\n\n<div class=\"et_pb_text_3 et_pb_text et_pb_bg_layout_light et_pb_module et_block_module preset--module--divi-text--default\"><div class=\"et_pb_text_inner\"><p>Contrairement aux autres marchands d'or, aux tourn\u00e9es de pr\u00e9sentation et aux services postaux qui n'offrent que quelques sous par dollar, Canada Or - Ville de Qu\u00e9bec est fi\u00e8re d'offrir des paiements en argent comptant parmi les plus \u00e9lev\u00e9s pour les bijoux. D\u00e9couvrez les diff\u00e9rents types de bijoux que nous achetons :<\/p>\n<h3>Anneaux<\/h3>\n<p>Apportez vos bagues en or \u00e0 Canada Or - Ville de Qu\u00e9bec pour obtenir le meilleur prix du march\u00e9. Nous \u00e9valuerons la teneur en or, vous fournirons un devis \u00e9crit et vous paierons imm\u00e9diatement en esp\u00e8ces ou par ch\u00e8que certifi\u00e9. Les bagues pour hommes, g\u00e9n\u00e9ralement lourdes et en or 14 carats, peuvent avoir une valeur substantielle sur le march\u00e9 de la ferraille. Passez nous voir pour une \u00e9valuation gratuite sans obligation de vente.<\/p>\n<h3>Boucles d'oreilles<\/h3>\n<p>M\u00eame les boucles d'oreilles individuelles ou les paires dont le partenaire est manquant peuvent avoir de la valeur. Demandez un devis gratuit et sans engagement pour toutes vos boucles d\u2019oreilles en or, y compris les clous et autres mod\u00e8les. D\u00e9couvrez combien elles valent chez Canada Or.<\/p>\n<h3>Colliers<\/h3>\n<p>Qu'ils soient de 10 \u00e0 14 carats ou m\u00eame de 18 carats, les colliers en or ont de la valeur. Apportez-les \u00e0 notre magasin de Qu\u00e9bec pour une estimation gratuite. Vous pourriez \u00eatre agr\u00e9ablement surpris de leur valeur, m\u00eame s'il s'agit de pi\u00e8ces d\u00e9licates. Si votre collier contient des pierres pr\u00e9cieuses que nous n\u2019achetons pas, nous les retirons avec soin et vous les renvoyons.<\/p>\n<h3>Bracelets et cha\u00eenes<\/h3>\n<p>\u00c9paisses ou fines, les cha\u00eenes en or et en argent ont une grande valeur. M\u00eame si leur popularit\u00e9 fluctue en fonction de la mode, leur poids correspond \u00e0 une valeur int\u00e9ressante sur le march\u00e9 de la ferraille d\u2019or. Les bracelets en or et en argent repr\u00e9sentent \u00e9galement une valeur substantielle.<\/p>\n<h3>Bijoux de succession<\/h3>\n<p>Canada Or \u00e9value une large gamme de m\u00e9taux pr\u00e9cieux provenant de ventes de succession, y compris l'argent sterling, le platine, le palladium et les d\u00e9bris d'or. Obtenez un devis gratuit bas\u00e9 sur les prix du march\u00e9 et un paiement le jour m\u00eame pour les articles que nous achetons.<\/p>\n<\/div><\/div>\n<\/div>\n\n<div class=\"et_pb_column_3 et_pb_column et_pb_column_1_2 et-last-child et_block_column et_pb_css_mix_blend_mode_passthrough\">\n<div class=\"et_pb_text_4 et_pb_text et_pb_bg_layout_light et_pb_module et_block_module preset--module--divi-text--default\"><div class=\"et_pb_text_inner\"><h3>Prix d'aujourd'hui<\/h3>\n<\/div><\/div>\n\n<div class=\"et_pb_code_0 et_pb_code et_pb_module\"><div class=\"et_pb_code_inner\"><table class=\"cg-table green\">\n        <thead>\n            <tr>\n                <th>Gold Jewellery<\/th>\n                <th>Price<\/th>\n            <\/tr>\n        <\/thead>\n        <tbody>\n            <tr>\n                <td>24kt (99.9% pure gold)<\/td>\n                <td>$157.19\/g<\/td>\n            <\/tr>\n            <tr>\n                <td>22kt (91.6% pure gold)<\/td>\n                <td>$140.83\/g<\/td>\n            <\/tr>\n            <tr>\n                <td>21kt (87.5% pure gold)<\/td>\n                <td>$134.29\/g<\/td>\n            <\/tr>\n            <tr>\n                <td>18kt (75.0% pure gold)<\/td>\n                <td>$114.64\/g<\/td>\n            <\/tr>\n            <tr>\n                <td>14kt (58.5% pure)<\/td>\n                <td>$88.43\/g<\/td>\n            <\/tr>\n            <tr>\n                <td>10kt (41.7% pure gold)<\/td>\n                <td>$62.22\/g<\/td>\n            <\/tr>\n            <tr>\n                <td>9kt (37.5% pure gold)<\/td>\n                <td>$55.68\/g<\/td>\n            <\/tr>\n            <tr>\n                <td>Gold Filled Items*<\/td>\n                <td>$1.56\/g<\/td>\n            <\/tr>\n        <\/tbody>\n    <\/table><\/div><\/div>\n\n<div class=\"et_pb_text_5 et_pb_text et_pb_bg_layout_light et_pb_module et_block_module preset--module--divi-text--default\"><div class=\"et_pb_text_inner\"><p>*Les articles en or comprennent tous les articles en or, les m\u00e9daillons non estampill\u00e9s et les montres de poche.<\/p>\n<\/div><\/div>\n\n<div class=\"et_pb_code_1 et_pb_code et_pb_module\"><div class=\"et_pb_code_inner\"><p class=\"date_updated\">Prices updated as of: <span>05\/15\/2026 02:05 PM EDT<\/span><\/p><\/div><\/div>\n<\/div>\n<\/div>\n\n<div class=\"et_pb_row_3 et_pb_row et_block_row\">\n<div class=\"et_pb_column_4 et_pb_column et_pb_column_4_4 et-last-child et_block_column et_pb_css_mix_blend_mode_passthrough\">\n<div class=\"dipi_divider_0 dipi_divider et_pb_bg_layout_light et_pb_module\">\n\t\t<div class=\"dipi-pixel-divider dipi-pixel-divider-row dipi-pixel-divider-image dipi-pixel-divider-mirror\"><div class=\"dipi-td-decoration  dipi-td-decoration-line dipi-td-first\"><\/div>\n            <img decoding=\"async\" class=\"dipi-td-content\" src=\"https:\/\/quebecgold.ca\/wp-content\/uploads\/2025\/01\/Canada-Gold-Leaf-2025.png\" \/><div class=\"dipi-td-decoration  dipi-td-decoration-line dipi-td-second\"><\/div><\/div><\/div>\n<\/div>\n<\/div>\n<\/div>\n\n<div class=\"et_pb_section_3 et_pb_section et_section_regular et_block_section\">\n<div class=\"et_pb_row_4 et_pb_row et_block_row\">\n<div class=\"et_pb_column_5 et_pb_column et_pb_column_1_3 et_block_column et_pb_css_mix_blend_mode_passthrough\">\n<div class=\"et_pb_image_0 et_pb_image et_pb_module et_block_module\"><span class=\"et_pb_image_wrap\"><img loading=\"lazy\" decoding=\"async\" src=\"https:\/\/quebecgold.ca\/wp-content\/uploads\/2025\/01\/gia-logo-trimmed.png\" width=\"485\" height=\"171\" srcset=\"https:\/\/quebecgold.ca\/wp-content\/uploads\/2025\/01\/gia-logo-trimmed.png 485w, https:\/\/quebecgold.ca\/wp-content\/uploads\/2025\/01\/gia-logo-trimmed-480x169.png 480w\" sizes=\"(min-width: 0px) and (max-width: 480px) 480px, (min-width: 481px) 485px, 100vw\" class=\"wp-image-98\" title=\"gia-logo-trimmed\" alt=\"GIA Logo\" \/><\/span><\/div>\n<\/div>\n\n<div class=\"et_pb_column_6 et_pb_column et_pb_column_1_3 et_block_column et_pb_css_mix_blend_mode_passthrough\">\n<div class=\"et_pb_image_1 et_pb_image et_pb_module et_block_module\"><span class=\"et_pb_image_wrap\"><img loading=\"lazy\" decoding=\"async\" src=\"https:\/\/quebecgold.ca\/wp-content\/uploads\/2025\/01\/bbb-accredited-business-a-.png\" width=\"663\" height=\"284\" srcset=\"https:\/\/quebecgold.ca\/wp-content\/uploads\/2025\/01\/bbb-accredited-business-a-.png 663w, https:\/\/quebecgold.ca\/wp-content\/uploads\/2025\/01\/bbb-accredited-business-a--480x206.png 480w\" sizes=\"(min-width: 0px) and (max-width: 480px) 480px, (min-width: 481px) 663px, 100vw\" class=\"wp-image-97\" title=\"bbb-accredited-business-a-\" alt=\"BBB Accredited\" \/><\/span><\/div>\n<\/div>\n\n<div class=\"et_pb_column_7 et_pb_column et_pb_column_1_3 et-last-child et_block_column et_pb_css_mix_blend_mode_passthrough\">\n<div class=\"et_pb_image_2 et_pb_image et_pb_module et_block_module\"><span class=\"et_pb_image_wrap\"><img loading=\"lazy\" decoding=\"async\" src=\"https:\/\/quebecgold.ca\/wp-content\/uploads\/2025\/01\/Royal_Canadian_Mint_Logo_Canada-Gold_Authorized_Distributor-100h.png\" width=\"165\" height=\"100\" srcset=\"https:\/\/quebecgold.ca\/wp-content\/uploads\/2025\/01\/Royal_Canadian_Mint_Logo_Canada-Gold_Authorized_Distributor-100h.png 165w, https:\/\/quebecgold.ca\/wp-content\/uploads\/2025\/01\/Royal_Canadian_Mint_Logo_Canada-Gold_Authorized_Distributor-100h-18x12.png 18w\" sizes=\"(max-width: 165px) 100vw, 165px\" class=\"wp-image-94\" alt=\"Royal_Canadian_Mint_Logo_Canada-Gold_Authorized_Distributor-100h\" \/><\/span><\/div>\n<\/div>\n<\/div>\n\n<div class=\"et_pb_row_5 et_pb_row et_block_row\">\n<div class=\"et_pb_column_8 et_pb_column et_pb_column_1_3 et_block_column et_pb_css_mix_blend_mode_passthrough\">\n<div class=\"et_pb_text_6 et_pb_text et_pb_bg_layout_light et_pb_module et_block_module preset--module--divi-text--default\"><div class=\"et_pb_text_inner\"><p>Canada Or ach\u00e8te des diamants qui ont \u00e9t\u00e9 \u00e9valu\u00e9s par un gemmologue dipl\u00f4m\u00e9 de l\u2019Institut gemmologique d\u2019Am\u00e9rique (GIA), les experts de r\u00e9f\u00e9rence en analyse et en classification des diamants.<\/p>\n<\/div><\/div>\n<\/div>\n\n<div class=\"et_pb_column_9 et_pb_column et_pb_column_1_3 et_block_column et_pb_css_mix_blend_mode_passthrough\">\n<div class=\"et_pb_text_7 et_pb_text et_pb_bg_layout_light et_pb_module et_block_module preset--module--divi-text--default\"><div class=\"et_pb_text_inner\"><p>Canada Or est fi\u00e8re d\u2019\u00eatre accr\u00e9dit\u00e9e par le Bureau d\u2019\u00e9thique commerciale (BBB). Cette accr\u00e9ditation t\u00e9moigne de notre engagement \u00e0 offrir un service \u00e0 la client\u00e8le de qualit\u00e9 sup\u00e9rieure \u00e0 chacune de vos visites.<\/p>\n<\/div><\/div>\n<\/div>\n\n<div class=\"et_pb_column_10 et_pb_column et_pb_column_1_3 et-last-child et_block_column et_pb_css_mix_blend_mode_passthrough\">\n<div class=\"et_pb_text_8 et_pb_text et_pb_bg_layout_light et_pb_module et_block_module preset--module--divi-text--default\"><div class=\"et_pb_text_inner\"><p>Canada Or est fier d\u2019\u00eatre un distributeur autoris\u00e9 de la technologie ADN de la Monnaie royale canadienne. Nous sommes en mesure d\u2019authentifier instantan\u00e9ment toutes les pi\u00e8ces de la Monnaie qui sont enregistr\u00e9es.<\/p>\n<\/div><\/div>\n<\/div>\n<\/div>\n<\/div>","protected":false},"excerpt":{"rendered":"","protected":false},"author":1,"featured_media":0,"parent":71260,"menu_order":0,"comment_status":"closed","ping_status":"closed","template":"","meta":{"_acf_changed":false,"footnotes":""},"class_list":["post-71504","page","type-page","status-publish","hentry"],"acf":[],"yoast_head":"<!-- This site is optimized with the Yoast SEO plugin v27.6 - https:\/\/yoast.com\/product\/yoast-seo-wordpress\/ -->\n<title>Vendez vos bijoux pour de l\u2019argent - Canada Or - Ville de Qu\u00e9bec<\/title>\n<meta name=\"description\" content=\"Vendez vos bijoux chez Canada Or, o\u00f9 nous offrons des prix exceptionnels pour vos bijoux en or, en argent et en platine.\" \/>\n<meta name=\"robots\" content=\"index, follow, max-snippet:-1, max-image-preview:large, max-video-preview:-1\" \/>\n<link rel=\"canonical\" href=\"https:\/\/quebecgold.ca\/zh\/sell-to-us\/sell-jewellery\/\" \/>\n<meta property=\"og:locale\" content=\"zh_HK\" \/>\n<meta property=\"og:type\" content=\"article\" \/>\n<meta property=\"og:title\" content=\"Vendez vos bijoux pour de l\u2019argent - Canada Or - Ville de Qu\u00e9bec\" \/>\n<meta property=\"og:description\" content=\"Vendez vos bijoux chez Canada Or, o\u00f9 nous offrons des prix exceptionnels pour vos bijoux en or, en argent et en platine.\" \/>\n<meta property=\"og:url\" content=\"https:\/\/quebecgold.ca\/zh\/sell-to-us\/sell-jewellery\/\" \/>\n<meta property=\"og:site_name\" content=\"Canada Or - Ville de Qu\u00e9bec\" \/>\n<meta property=\"article:publisher\" content=\"https:\/\/www.facebook.com\/CanadaGoldBBB\" \/>\n<meta property=\"article:modified_time\" content=\"2026-03-25T14:17:46+00:00\" \/>\n<meta property=\"og:image\" content=\"https:\/\/quebecgold.ca\/wp-content\/uploads\/2026\/03\/Canada-Or-Ville-de-Quebec-Web-Logo-Gold-and-Navy.png\" \/>\n\t<meta property=\"og:image:width\" content=\"1000\" \/>\n\t<meta property=\"og:image:height\" content=\"225\" \/>\n\t<meta property=\"og:image:type\" content=\"image\/png\" \/>\n<meta name=\"twitter:card\" content=\"summary_large_image\" \/>\n<meta name=\"twitter:site\" content=\"@canadagoldbbb\" \/>\n<meta name=\"twitter:label1\" content=\"\u9810\u8a08\u95b1\u8b80\u6642\u9593\" \/>\n\t<meta name=\"twitter:data1\" content=\"4 \u5206\u9418\" \/>\n<script type=\"application\/ld+json\" class=\"yoast-schema-graph\">{\"@context\":\"https:\\\/\\\/schema.org\",\"@graph\":[{\"@type\":\"WebPage\",\"@id\":\"https:\\\/\\\/quebecgold.ca\\\/sell-to-us\\\/sell-jewellery\\\/\",\"url\":\"https:\\\/\\\/quebecgold.ca\\\/sell-to-us\\\/sell-jewellery\\\/\",\"name\":\"Vendez vos bijoux pour de l\u2019argent - Canada Or - Ville de Qu\u00e9bec\",\"isPartOf\":{\"@id\":\"https:\\\/\\\/quebecgold.ca\\\/#website\"},\"datePublished\":\"2025-01-25T18:47:32+00:00\",\"dateModified\":\"2026-03-25T14:17:46+00:00\",\"description\":\"Vendez vos bijoux chez Canada Or, o\u00f9 nous offrons des prix exceptionnels pour vos bijoux en or, en argent et en platine.\",\"breadcrumb\":{\"@id\":\"https:\\\/\\\/quebecgold.ca\\\/sell-to-us\\\/sell-jewellery\\\/#breadcrumb\"},\"inLanguage\":\"zh-HK\",\"potentialAction\":[{\"@type\":\"ReadAction\",\"target\":[\"https:\\\/\\\/quebecgold.ca\\\/sell-to-us\\\/sell-jewellery\\\/\"]}]},{\"@type\":\"BreadcrumbList\",\"@id\":\"https:\\\/\\\/quebecgold.ca\\\/sell-to-us\\\/sell-jewellery\\\/#breadcrumb\",\"itemListElement\":[{\"@type\":\"ListItem\",\"position\":1,\"name\":\"Accueil\",\"item\":\"https:\\\/\\\/quebecgold.ca\\\/\"},{\"@type\":\"ListItem\",\"position\":2,\"name\":\"Vendez-nous\",\"item\":\"https:\\\/\\\/quebecgold.ca\\\/sell-to-us\\\/\"},{\"@type\":\"ListItem\",\"position\":3,\"name\":\"Vendez vos bijoux\"}]},{\"@type\":\"WebSite\",\"@id\":\"https:\\\/\\\/quebecgold.ca\\\/#website\",\"url\":\"https:\\\/\\\/quebecgold.ca\\\/\",\"name\":\"Canada Or - Ville de Qu\u00e9bec\",\"description\":\"A Division of Canada Gold\",\"publisher\":{\"@id\":\"https:\\\/\\\/quebecgold.ca\\\/#organization\"},\"potentialAction\":[{\"@type\":\"SearchAction\",\"target\":{\"@type\":\"EntryPoint\",\"urlTemplate\":\"https:\\\/\\\/quebecgold.ca\\\/?s={search_term_string}\"},\"query-input\":{\"@type\":\"PropertyValueSpecification\",\"valueRequired\":true,\"valueName\":\"search_term_string\"}}],\"inLanguage\":\"zh-HK\"},{\"@type\":\"Organization\",\"@id\":\"https:\\\/\\\/quebecgold.ca\\\/#organization\",\"name\":\"Canada Or\",\"url\":\"https:\\\/\\\/quebecgold.ca\\\/\",\"logo\":{\"@type\":\"ImageObject\",\"inLanguage\":\"zh-HK\",\"@id\":\"https:\\\/\\\/quebecgold.ca\\\/#\\\/schema\\\/logo\\\/image\\\/\",\"url\":\"https:\\\/\\\/quebecgold.ca\\\/wp-content\\\/uploads\\\/2025\\\/01\\\/cropped-favicon.png\",\"contentUrl\":\"https:\\\/\\\/quebecgold.ca\\\/wp-content\\\/uploads\\\/2025\\\/01\\\/cropped-favicon.png\",\"width\":512,\"height\":512,\"caption\":\"Canada Or\"},\"image\":{\"@id\":\"https:\\\/\\\/quebecgold.ca\\\/#\\\/schema\\\/logo\\\/image\\\/\"},\"sameAs\":[\"https:\\\/\\\/www.facebook.com\\\/CanadaGoldBBB\",\"https:\\\/\\\/x.com\\\/canadagoldbbb\"]}]}<\/script>\n<!-- \/ Yoast SEO plugin. -->","yoast_head_json":{"title":"\u51fa\u552e\u60a8\u7684\u73e0\u5bf6\u63db\u73fe\u91d1 - Canada Or - Ville de Qu\u00e9bec","description":"\u5728\u52a0\u62ff\u5927\u9ec3\u91d1\u516c\u53f8\u51fa\u552e\u60a8\u7684\u73e0\u5bf6\uff0c\u6211\u5011\u70ba\u60a8\u7684\u9ec3\u91d1\u3001\u767d\u9280\u548c\u9251\u91d1\u73e0\u5bf6\u63d0\u4f9b\u8d85\u503c\u50f9\u683c\u3002.","robots":{"index":"index","follow":"follow","max-snippet":"max-snippet:-1","max-image-preview":"max-image-preview:large","max-video-preview":"max-video-preview:-1"},"canonical":"https:\/\/quebecgold.ca\/zh\/sell-to-us\/sell-jewellery\/","og_locale":"zh_HK","og_type":"article","og_title":"Vendez vos bijoux pour de l\u2019argent - Canada Or - Ville de Qu\u00e9bec","og_description":"Vendez vos bijoux chez Canada Or, o\u00f9 nous offrons des prix exceptionnels pour vos bijoux en or, en argent et en platine.","og_url":"https:\/\/quebecgold.ca\/zh\/sell-to-us\/sell-jewellery\/","og_site_name":"Canada Or - Ville de Qu\u00e9bec","article_publisher":"https:\/\/www.facebook.com\/CanadaGoldBBB","article_modified_time":"2026-03-25T14:17:46+00:00","og_image":[{"width":1000,"height":225,"url":"https:\/\/quebecgold.ca\/wp-content\/uploads\/2026\/03\/Canada-Or-Ville-de-Quebec-Web-Logo-Gold-and-Navy.png","type":"image\/png"}],"twitter_card":"summary_large_image","twitter_site":"@canadagoldbbb","twitter_misc":{"\u9810\u8a08\u95b1\u8b80\u6642\u9593":"4 \u5206\u9418"},"schema":{"@context":"https:\/\/schema.org","@graph":[{"@type":"WebPage","@id":"https:\/\/quebecgold.ca\/sell-to-us\/sell-jewellery\/","url":"https:\/\/quebecgold.ca\/sell-to-us\/sell-jewellery\/","name":"\u51fa\u552e\u60a8\u7684\u73e0\u5bf6\u63db\u73fe\u91d1 - Canada Or - Ville de Qu\u00e9bec","isPartOf":{"@id":"https:\/\/quebecgold.ca\/#website"},"datePublished":"2025-01-25T18:47:32+00:00","dateModified":"2026-03-25T14:17:46+00:00","description":"\u5728\u52a0\u62ff\u5927\u9ec3\u91d1\u516c\u53f8\u51fa\u552e\u60a8\u7684\u73e0\u5bf6\uff0c\u6211\u5011\u70ba\u60a8\u7684\u9ec3\u91d1\u3001\u767d\u9280\u548c\u9251\u91d1\u73e0\u5bf6\u63d0\u4f9b\u8d85\u503c\u50f9\u683c\u3002.","breadcrumb":{"@id":"https:\/\/quebecgold.ca\/sell-to-us\/sell-jewellery\/#breadcrumb"},"inLanguage":"zh-HK","potentialAction":[{"@type":"ReadAction","target":["https:\/\/quebecgold.ca\/sell-to-us\/sell-jewellery\/"]}]},{"@type":"BreadcrumbList","@id":"https:\/\/quebecgold.ca\/sell-to-us\/sell-jewellery\/#breadcrumb","itemListElement":[{"@type":"ListItem","position":1,"name":"Accueil","item":"https:\/\/quebecgold.ca\/"},{"@type":"ListItem","position":2,"name":"Vendez-nous","item":"https:\/\/quebecgold.ca\/sell-to-us\/"},{"@type":"ListItem","position":3,"name":"Vendez vos bijoux"}]},{"@type":"WebSite","@id":"https:\/\/quebecgold.ca\/#website","url":"https:\/\/quebecgold.ca\/","name":"\u52a0\u62ff\u5927\u9ec3\u91d1","description":"\u52a0\u62ff\u5927\u9ec3\u91d1\u90e8\u9580","publisher":{"@id":"https:\/\/quebecgold.ca\/#organization"},"potentialAction":[{"@type":"SearchAction","target":{"@type":"EntryPoint","urlTemplate":"https:\/\/quebecgold.ca\/?s={search_term_string}"},"query-input":{"@type":"PropertyValueSpecification","valueRequired":true,"valueName":"search_term_string"}}],"inLanguage":"zh-HK"},{"@type":"Organization","@id":"https:\/\/quebecgold.ca\/#organization","name":"\u52a0\u62ff\u5927\u9ec3\u91d1","url":"https:\/\/quebecgold.ca\/","logo":{"@type":"ImageObject","inLanguage":"zh-HK","@id":"https:\/\/quebecgold.ca\/#\/schema\/logo\/image\/","url":"https:\/\/quebecgold.ca\/wp-content\/uploads\/2025\/01\/cropped-favicon.png","contentUrl":"https:\/\/quebecgold.ca\/wp-content\/uploads\/2025\/01\/cropped-favicon.png","width":512,"height":512,"caption":"Canada Or"},"image":{"@id":"https:\/\/quebecgold.ca\/#\/schema\/logo\/image\/"},"sameAs":["https:\/\/www.facebook.com\/CanadaGoldBBB","https:\/\/x.com\/canadagoldbbb"]}]}},"_links":{"self":[{"href":"https:\/\/quebecgold.ca\/zh\/wp-json\/wp\/v2\/pages\/71504","targetHints":{"allow":["GET"]}}],"collection":[{"href":"https:\/\/quebecgold.ca\/zh\/wp-json\/wp\/v2\/pages"}],"about":[{"href":"https:\/\/quebecgold.ca\/zh\/wp-json\/wp\/v2\/types\/page"}],"author":[{"embeddable":true,"href":"https:\/\/quebecgold.ca\/zh\/wp-json\/wp\/v2\/users\/1"}],"replies":[{"embeddable":true,"href":"https:\/\/quebecgold.ca\/zh\/wp-json\/wp\/v2\/comments?post=71504"}],"version-history":[{"count":0,"href":"https:\/\/quebecgold.ca\/zh\/wp-json\/wp\/v2\/pages\/71504\/revisions"}],"up":[{"embeddable":true,"href":"https:\/\/quebecgold.ca\/zh\/wp-json\/wp\/v2\/pages\/71260"}],"wp:attachment":[{"href":"https:\/\/quebecgold.ca\/zh\/wp-json\/wp\/v2\/media?parent=71504"}],"curies":[{"name":"wp","href":"https:\/\/api.w.org\/{rel}","templated":true}]}}