{"id":74084,"date":"2025-03-28T14:15:08","date_gmt":"2025-03-28T18:15:08","guid":{"rendered":"https:\/\/vancouver25dev.wpenginepowered.com\/?page_id=74084"},"modified":"2026-03-20T12:42:15","modified_gmt":"2026-03-20T16:42:15","slug":"privacy-policy","status":"publish","type":"page","link":"https:\/\/quebecgold.ca\/zh\/privacy-policy\/","title":{"rendered":"\u96b1\u79c1\u6b0a\u653f\u7b56"},"content":{"rendered":"\n<div class=\"et_pb_section_0 et_pb_section et_section_regular et_block_section\"><div class=\"et_pb_row_0 et_pb_row et_pb_equal_columns et_block_row\"><div class=\"et_pb_column_0 et_pb_column et_pb_column_4_4 et-last-child et_block_column et_pb_css_mix_blend_mode_passthrough\"><div class=\"et_pb_text_0 et_pb_text et_pb_bg_layout_light et_pb_module et_block_module preset--module--divi-text--default\"><div class=\"et_pb_text_inner\"><h1>Politique de confidentialit\u00e9<\/h1>\n<\/div><\/div><\/div><\/div><\/div><div class=\"et_pb_section_1 et_pb_section et_section_regular et_block_section\"><div class=\"et_pb_row_1 et_pb_row et_block_row\"><div class=\"et_pb_column_1 et_pb_column et_pb_column_4_4 et-last-child et_block_column et_pb_css_mix_blend_mode_passthrough\"><div class=\"et_pb_text_1 et_pb_text et_pb_bg_layout_light et_pb_module et_block_module preset--module--divi-text--default\"><div class=\"et_pb_text_inner\"><div data-plaintext=\"true\" data-pm-slice=\"1 1 [&quot;codeblock&quot;,{&quot;style&quot;:null,&quot;codeblock&quot;:true,&quot;textAlign&quot;:null,&quot;syntaxLanguage&quot;:null,&quot;lineWrapping&quot;:false}]\" data-en-clipboard=\"true\"><span><span><a href=\"https:\/\/quebecgold.ca\/\">Accueil<\/a><\/span><\/span><\/div>\n<\/div><\/div><\/div><\/div><\/div><div class=\"et_pb_section_2 et_pb_section et_section_regular et_block_section\"><div class=\"et_pb_row_2 et_pb_row et_block_row\"><div class=\"et_pb_column_2 et_pb_column et_pb_column_4_4 et-last-child et_block_column et_pb_css_mix_blend_mode_passthrough\"><div class=\"et_pb_text_2 et_pb_text et_pb_bg_layout_light et_pb_module et_block_module preset--module--divi-text--default\"><div class=\"et_pb_text_inner\"><p><strong>Date d'entr\u00e9e en vigueur :<\/strong><span>\u00a0<\/span>29 mars 2025<\/p>\n<p><strong>Introduction<\/strong><\/p>\n<p>Canada Gold (\" nous \") respecte votre vie priv\u00e9e et s'engage \u00e0 prot\u00e9ger vos renseignements personnels. La pr\u00e9sente politique de confidentialit\u00e9 d\u00e9crit la fa\u00e7on dont nous recueillons, utilisons, divulguons et prot\u00e9geons vos renseignements lorsque vous visitez notre site Web, canadaorstg.wpenginepowered.com (le \" site Web \"). En utilisant notre site Web, vous acceptez les pratiques en mati\u00e8re de donn\u00e9es d\u00e9crites dans la pr\u00e9sente politique.<\/p>\n<p><strong>1. Les informations que nous collectons<\/strong><\/p>\n<p>Nous recueillons \u00e0 la fois des informations personnellement identifiables (\"informations personnelles\") et des informations non personnellement identifiables lorsque vous interagissez avec notre site web.<\/p>\n<ul>\n<li>Informations personnelles : Il peut s'agir de votre nom, de votre adresse \u00e9lectronique, de votre num\u00e9ro de t\u00e9l\u00e9phone et de toute autre information que vous fournissez volontairement par le biais de formulaires de contact ou de demandes de renseignements.<\/li>\n<li>Informations non personnelles : Il s'agit de donn\u00e9es techniques telles que votre adresse IP, votre type de navigateur, votre syst\u00e8me d'exploitation et votre comportement de navigation sur notre site web, collect\u00e9es par le biais de cookies et d'outils d'analyse.<\/li>\n<\/ul>\n<p><strong>2. Comment nous utilisons vos informations<\/strong><\/p>\n<p>Nous utilisons les informations collect\u00e9es pour :<\/p>\n<ul>\n<li>Fournir et am\u00e9liorer nos services.<\/li>\n<li>R\u00e9pondre \u00e0 vos questions et \u00e0 vos demandes.<\/li>\n<li>Envoyer des mises \u00e0 jour, des bulletins d'information ou du mat\u00e9riel promotionnel (si vous le souhaitez).<\/li>\n<li>Contr\u00f4ler l'utilisation du site web et am\u00e9liorer l'exp\u00e9rience de l'utilisateur.<\/li>\n<li>se conformer aux exigences l\u00e9gales et appliquer nos politiques.<\/li>\n<\/ul>\n<p><strong>3. Comment nous partageons vos informations<\/strong><\/p>\n<p>Nous ne vendons pas, n'\u00e9changeons pas et ne louons pas vos informations personnelles. Toutefois, nous pouvons partager des informations dans les circonstances suivantes :<\/p>\n<ul>\n<li>Prestataires de services : Nous pouvons partager vos informations avec des prestataires de services tiers de confiance qui nous aident \u00e0 exploiter notre site web et nos services.<\/li>\n<li>Respect de la loi : Si la loi l'exige, nous pouvons divulguer vos informations aux autorit\u00e9s charg\u00e9es de l'application de la loi ou aux autorit\u00e9s gouvernementales.<\/li>\n<li>Transferts d'activit\u00e9s : En cas de fusion, d'acquisition ou de vente d'actifs, vos informations peuvent \u00eatre transf\u00e9r\u00e9es dans le cadre de la transaction.<\/li>\n<\/ul>\n<p><strong>4. Cookies et technologies de suivi<\/strong><\/p>\n<p>Notre site Web utilise des cookies et des technologies de suivi similaires pour am\u00e9liorer l'exp\u00e9rience de l'utilisateur et analyser le trafic du site Web. Vous pouvez g\u00e9rer vos pr\u00e9f\u00e9rences en mati\u00e8re de cookies par le biais des param\u00e8tres de votre navigateur.<\/p>\n<p><strong>5. S\u00e9curit\u00e9 des donn\u00e9es<\/strong><\/p>\n<p>Nous mettons en \u0153uvre des mesures de s\u00e9curit\u00e9 appropri\u00e9es pour prot\u00e9ger vos informations contre tout acc\u00e8s, modification ou divulgation non autoris\u00e9s. Toutefois, aucune m\u00e9thode de transmission sur l'internet n'est 100% s\u00fbre et nous ne pouvons pas garantir une s\u00e9curit\u00e9 absolue.<\/p>\n<p><strong>6. Vos droits et vos choix<\/strong><\/p>\n<p>Selon l'endroit o\u00f9 vous vous trouvez, vous pouvez avoir des droits concernant vos informations personnelles, notamment<\/p>\n<ul>\n<li>Le droit d'acc\u00e9der \u00e0 vos donn\u00e9es, de les mettre \u00e0 jour ou de les supprimer.<\/li>\n<li>Le droit de retirer son consentement pour les communications marketing.<\/li>\n<li>Le droit de demander une copie de vos donn\u00e9es.<\/li>\n<li>Pour exercer ces droits, veuillez nous contacter \u00e0 l'adresse suivante : info@canadaorstg.wpenginepowered.com<\/li>\n<\/ul>\n<p><strong>7. Liens avec des tiers<\/strong><\/p>\n<p>Notre site web peut contenir des liens vers des sites web de tiers. Nous ne sommes pas responsables de leurs pratiques en mati\u00e8re de protection de la vie priv\u00e9e et nous vous encourageons \u00e0 consulter leurs politiques avant de fournir des informations personnelles.<\/p>\n<p><strong>8. Modifications de la pr\u00e9sente politique de protection de la vie priv\u00e9e<\/strong><\/p>\n<p>Nous pouvons mettre \u00e0 jour la pr\u00e9sente politique de confidentialit\u00e9 de temps \u00e0 autre. Les modifications seront publi\u00e9es sur cette page avec une date d'entr\u00e9e en vigueur actualis\u00e9e. La poursuite de l'utilisation du site web apr\u00e8s toute modification constitue l'acceptation de la politique r\u00e9vis\u00e9e.<\/p>\n<p><strong>9. Nous contacter<\/strong><\/p>\n<p>Si vous avez des questions sur la pr\u00e9sente politique de confidentialit\u00e9 ou sur la mani\u00e8re dont nous traitons vos donn\u00e9es, veuillez nous contacter \u00e0 l'adresse suivante :<\/p>\n<p>Or du Canada<br \/>254 West Broadway<br \/>Vancouver, BC<br \/>V5Y 3L1<br \/>Canada<\/p>\n<p><a href=\"tel:+16048764653\">604-876-4653<\/a><\/p>\n<p><a href=\"mailto:info@canadagold.ca\">info@canadagold.ca<\/a><\/p>\n<\/div><\/div><\/div><\/div><\/div>\n","protected":false},"excerpt":{"rendered":"","protected":false},"author":1,"featured_media":0,"parent":0,"menu_order":0,"comment_status":"closed","ping_status":"closed","template":"","meta":{"_acf_changed":false,"footnotes":""},"class_list":["post-74084","page","type-page","status-publish","hentry"],"acf":[],"yoast_head":"<!-- This site is optimized with the Yoast SEO plugin v27.3 - https:\/\/yoast.com\/product\/yoast-seo-wordpress\/ -->\n<title>Privacy Policy - Canada Or - Ville de Qu\u00e9bec<\/title>\n<meta name=\"description\" content=\"View our privacy policy and updated terms of services for the Canada Gold website and other Canada Gold web properties.\" \/>\n<meta name=\"robots\" content=\"index, follow, max-snippet:-1, max-image-preview:large, max-video-preview:-1\" \/>\n<link rel=\"canonical\" href=\"https:\/\/quebecgold.ca\/zh\/privacy-policy\/\" \/>\n<meta property=\"og:locale\" content=\"zh_HK\" \/>\n<meta property=\"og:type\" content=\"article\" \/>\n<meta property=\"og:title\" content=\"Privacy Policy - Canada Or - Ville de Qu\u00e9bec\" \/>\n<meta property=\"og:description\" content=\"View our privacy policy and updated terms of services for the Canada Gold website and other Canada Gold web properties.\" \/>\n<meta property=\"og:url\" content=\"https:\/\/quebecgold.ca\/zh\/privacy-policy\/\" \/>\n<meta property=\"og:site_name\" content=\"Canada Or - Ville de Qu\u00e9bec\" \/>\n<meta property=\"article:publisher\" content=\"https:\/\/www.facebook.com\/CanadaGoldBBB\" \/>\n<meta property=\"article:modified_time\" content=\"2026-03-20T16:42:15+00:00\" \/>\n<meta property=\"og:image\" content=\"https:\/\/quebecgold.ca\/wp-content\/uploads\/2026\/03\/Canada-Or-Ville-de-Quebec-Web-Logo-Gold-and-Navy.png\" \/>\n\t<meta property=\"og:image:width\" content=\"1000\" \/>\n\t<meta property=\"og:image:height\" content=\"225\" \/>\n\t<meta property=\"og:image:type\" content=\"image\/png\" \/>\n<meta name=\"twitter:card\" content=\"summary_large_image\" \/>\n<meta name=\"twitter:site\" content=\"@canadagoldbbb\" \/>\n<meta name=\"twitter:label1\" content=\"\u9810\u8a08\u95b1\u8b80\u6642\u9593\" \/>\n\t<meta name=\"twitter:data1\" content=\"3 \u5206\u9418\" \/>\n<script type=\"application\/ld+json\" class=\"yoast-schema-graph\">{\"@context\":\"https:\\\/\\\/schema.org\",\"@graph\":[{\"@type\":\"WebPage\",\"@id\":\"https:\\\/\\\/quebecgold.ca\\\/privacy-policy\\\/\",\"url\":\"https:\\\/\\\/quebecgold.ca\\\/privacy-policy\\\/\",\"name\":\"Privacy Policy - Canada Or - Ville de Qu\u00e9bec\",\"isPartOf\":{\"@id\":\"https:\\\/\\\/quebecgold.ca\\\/#website\"},\"datePublished\":\"2025-03-28T18:15:08+00:00\",\"dateModified\":\"2026-03-20T16:42:15+00:00\",\"description\":\"View our privacy policy and updated terms of services for the Canada Gold website and other Canada Gold web properties.\",\"breadcrumb\":{\"@id\":\"https:\\\/\\\/quebecgold.ca\\\/privacy-policy\\\/#breadcrumb\"},\"inLanguage\":\"zh-HK\",\"potentialAction\":[{\"@type\":\"ReadAction\",\"target\":[\"https:\\\/\\\/quebecgold.ca\\\/privacy-policy\\\/\"]}]},{\"@type\":\"BreadcrumbList\",\"@id\":\"https:\\\/\\\/quebecgold.ca\\\/privacy-policy\\\/#breadcrumb\",\"itemListElement\":[{\"@type\":\"ListItem\",\"position\":1,\"name\":\"Accueil\",\"item\":\"https:\\\/\\\/quebecgold.ca\\\/\"},{\"@type\":\"ListItem\",\"position\":2,\"name\":\"Privacy Policy\"}]},{\"@type\":\"WebSite\",\"@id\":\"https:\\\/\\\/quebecgold.ca\\\/#website\",\"url\":\"https:\\\/\\\/quebecgold.ca\\\/\",\"name\":\"Canada Or - Ville de Qu\u00e9bec\",\"description\":\"A Division of Canada Gold\",\"publisher\":{\"@id\":\"https:\\\/\\\/quebecgold.ca\\\/#organization\"},\"potentialAction\":[{\"@type\":\"SearchAction\",\"target\":{\"@type\":\"EntryPoint\",\"urlTemplate\":\"https:\\\/\\\/quebecgold.ca\\\/?s={search_term_string}\"},\"query-input\":{\"@type\":\"PropertyValueSpecification\",\"valueRequired\":true,\"valueName\":\"search_term_string\"}}],\"inLanguage\":\"zh-HK\"},{\"@type\":\"Organization\",\"@id\":\"https:\\\/\\\/quebecgold.ca\\\/#organization\",\"name\":\"Canada Or\",\"url\":\"https:\\\/\\\/quebecgold.ca\\\/\",\"logo\":{\"@type\":\"ImageObject\",\"inLanguage\":\"zh-HK\",\"@id\":\"https:\\\/\\\/quebecgold.ca\\\/#\\\/schema\\\/logo\\\/image\\\/\",\"url\":\"https:\\\/\\\/quebecgold.ca\\\/wp-content\\\/uploads\\\/2025\\\/01\\\/cropped-favicon.png\",\"contentUrl\":\"https:\\\/\\\/quebecgold.ca\\\/wp-content\\\/uploads\\\/2025\\\/01\\\/cropped-favicon.png\",\"width\":512,\"height\":512,\"caption\":\"Canada Or\"},\"image\":{\"@id\":\"https:\\\/\\\/quebecgold.ca\\\/#\\\/schema\\\/logo\\\/image\\\/\"},\"sameAs\":[\"https:\\\/\\\/www.facebook.com\\\/CanadaGoldBBB\",\"https:\\\/\\\/x.com\\\/canadagoldbbb\"]}]}<\/script>\n<!-- \/ Yoast SEO plugin. -->","yoast_head_json":{"title":"\u96b1\u79c1\u653f\u7b56 - Canada Or - Ville de Qu\u00e9bec","description":"\u8acb\u53c3\u95b1\u52a0\u62ff\u5927\u9ec3\u91d1\u7db2\u7ad9\u53ca\u5176\u4ed6\u52a0\u62ff\u5927\u9ec3\u91d1\u7db2\u8def\u8cc7\u7522\u7684\u96b1\u79c1\u6b0a\u653f\u7b56\u8207\u66f4\u65b0\u5f8c\u7684\u670d\u52d9\u689d\u6b3e\u3002.","robots":{"index":"index","follow":"follow","max-snippet":"max-snippet:-1","max-image-preview":"max-image-preview:large","max-video-preview":"max-video-preview:-1"},"canonical":"https:\/\/quebecgold.ca\/zh\/privacy-policy\/","og_locale":"zh_HK","og_type":"article","og_title":"Privacy Policy - Canada Or - Ville de Qu\u00e9bec","og_description":"View our privacy policy and updated terms of services for the Canada Gold website and other Canada Gold web properties.","og_url":"https:\/\/quebecgold.ca\/zh\/privacy-policy\/","og_site_name":"Canada Or - Ville de Qu\u00e9bec","article_publisher":"https:\/\/www.facebook.com\/CanadaGoldBBB","article_modified_time":"2026-03-20T16:42:15+00:00","og_image":[{"width":1000,"height":225,"url":"https:\/\/quebecgold.ca\/wp-content\/uploads\/2026\/03\/Canada-Or-Ville-de-Quebec-Web-Logo-Gold-and-Navy.png","type":"image\/png"}],"twitter_card":"summary_large_image","twitter_site":"@canadagoldbbb","twitter_misc":{"\u9810\u8a08\u95b1\u8b80\u6642\u9593":"3 \u5206\u9418"},"schema":{"@context":"https:\/\/schema.org","@graph":[{"@type":"WebPage","@id":"https:\/\/quebecgold.ca\/privacy-policy\/","url":"https:\/\/quebecgold.ca\/privacy-policy\/","name":"\u96b1\u79c1\u653f\u7b56 - Canada Or - Ville de Qu\u00e9bec","isPartOf":{"@id":"https:\/\/quebecgold.ca\/#website"},"datePublished":"2025-03-28T18:15:08+00:00","dateModified":"2026-03-20T16:42:15+00:00","description":"\u8acb\u53c3\u95b1\u52a0\u62ff\u5927\u9ec3\u91d1\u7db2\u7ad9\u53ca\u5176\u4ed6\u52a0\u62ff\u5927\u9ec3\u91d1\u7db2\u8def\u8cc7\u7522\u7684\u96b1\u79c1\u6b0a\u653f\u7b56\u8207\u66f4\u65b0\u5f8c\u7684\u670d\u52d9\u689d\u6b3e\u3002.","breadcrumb":{"@id":"https:\/\/quebecgold.ca\/privacy-policy\/#breadcrumb"},"inLanguage":"zh-HK","potentialAction":[{"@type":"ReadAction","target":["https:\/\/quebecgold.ca\/privacy-policy\/"]}]},{"@type":"BreadcrumbList","@id":"https:\/\/quebecgold.ca\/privacy-policy\/#breadcrumb","itemListElement":[{"@type":"ListItem","position":1,"name":"Accueil","item":"https:\/\/quebecgold.ca\/"},{"@type":"ListItem","position":2,"name":"Privacy Policy"}]},{"@type":"WebSite","@id":"https:\/\/quebecgold.ca\/#website","url":"https:\/\/quebecgold.ca\/","name":"\u52a0\u62ff\u5927\u9ec3\u91d1","description":"\u52a0\u62ff\u5927\u9ec3\u91d1\u90e8\u9580","publisher":{"@id":"https:\/\/quebecgold.ca\/#organization"},"potentialAction":[{"@type":"SearchAction","target":{"@type":"EntryPoint","urlTemplate":"https:\/\/quebecgold.ca\/?s={search_term_string}"},"query-input":{"@type":"PropertyValueSpecification","valueRequired":true,"valueName":"search_term_string"}}],"inLanguage":"zh-HK"},{"@type":"Organization","@id":"https:\/\/quebecgold.ca\/#organization","name":"\u52a0\u62ff\u5927\u9ec3\u91d1","url":"https:\/\/quebecgold.ca\/","logo":{"@type":"ImageObject","inLanguage":"zh-HK","@id":"https:\/\/quebecgold.ca\/#\/schema\/logo\/image\/","url":"https:\/\/quebecgold.ca\/wp-content\/uploads\/2025\/01\/cropped-favicon.png","contentUrl":"https:\/\/quebecgold.ca\/wp-content\/uploads\/2025\/01\/cropped-favicon.png","width":512,"height":512,"caption":"Canada Or"},"image":{"@id":"https:\/\/quebecgold.ca\/#\/schema\/logo\/image\/"},"sameAs":["https:\/\/www.facebook.com\/CanadaGoldBBB","https:\/\/x.com\/canadagoldbbb"]}]}},"_links":{"self":[{"href":"https:\/\/quebecgold.ca\/zh\/wp-json\/wp\/v2\/pages\/74084","targetHints":{"allow":["GET"]}}],"collection":[{"href":"https:\/\/quebecgold.ca\/zh\/wp-json\/wp\/v2\/pages"}],"about":[{"href":"https:\/\/quebecgold.ca\/zh\/wp-json\/wp\/v2\/types\/page"}],"author":[{"embeddable":true,"href":"https:\/\/quebecgold.ca\/zh\/wp-json\/wp\/v2\/users\/1"}],"replies":[{"embeddable":true,"href":"https:\/\/quebecgold.ca\/zh\/wp-json\/wp\/v2\/comments?post=74084"}],"version-history":[{"count":0,"href":"https:\/\/quebecgold.ca\/zh\/wp-json\/wp\/v2\/pages\/74084\/revisions"}],"wp:attachment":[{"href":"https:\/\/quebecgold.ca\/zh\/wp-json\/wp\/v2\/media?parent=74084"}],"curies":[{"name":"wp","href":"https:\/\/api.w.org\/{rel}","templated":true}]}}